{"id":13253,"date":"2025-08-29T18:16:52","date_gmt":"2025-08-29T16:16:52","guid":{"rendered":"https:\/\/asbhp.pl\/?page_id=13253"},"modified":"2025-10-25T20:55:58","modified_gmt":"2025-10-25T18:55:58","slug":"strona-glowna","status":"publish","type":"page","link":"https:\/\/asbhp.pl\/","title":{"rendered":"Strona g\u0142\u00f3wna"},"content":{"rendered":"\t\t<div data-elementor-type=\"wp-page\" data-elementor-id=\"13253\" class=\"elementor elementor-13253\" data-elementor-post-type=\"page\">\n\t\t\t\t<div class=\"elementor-element elementor-element-8c68ec1 e-con-full e-flex e-con e-parent\" data-id=\"8c68ec1\" data-element_type=\"container\" data-e-type=\"container\" data-settings=\"{&quot;background_background&quot;:&quot;slideshow&quot;,&quot;background_slideshow_gallery&quot;:[{&quot;id&quot;:25756,&quot;url&quot;:&quot;https:\\\/\\\/asbhp.pl\\\/wp-content\\\/uploads\\\/2025\\\/10\\\/asbhp_bgnd01-scaled.jpeg&quot;},{&quot;id&quot;:25755,&quot;url&quot;:&quot;https:\\\/\\\/asbhp.pl\\\/wp-content\\\/uploads\\\/2025\\\/10\\\/asbhp_bgnd02-scaled.jpeg&quot;},{&quot;id&quot;:25754,&quot;url&quot;:&quot;https:\\\/\\\/asbhp.pl\\\/wp-content\\\/uploads\\\/2025\\\/10\\\/asbhp_bgnd03-scaled.jpeg&quot;},{&quot;id&quot;:25753,&quot;url&quot;:&quot;https:\\\/\\\/asbhp.pl\\\/wp-content\\\/uploads\\\/2025\\\/10\\\/asbhp_bgnd04-scaled.jpeg&quot;},{&quot;id&quot;:25751,&quot;url&quot;:&quot;https:\\\/\\\/asbhp.pl\\\/wp-content\\\/uploads\\\/2025\\\/10\\\/asbhp_bgnd06-scaled.jpeg&quot;},{&quot;id&quot;:25747,&quot;url&quot;:&quot;https:\\\/\\\/asbhp.pl\\\/wp-content\\\/uploads\\\/2025\\\/10\\\/asbhp_bgnd10-scaled.jpeg&quot;}],&quot;background_slideshow_loop&quot;:&quot;yes&quot;,&quot;background_slideshow_slide_duration&quot;:5000,&quot;background_slideshow_slide_transition&quot;:&quot;fade&quot;,&quot;background_slideshow_transition_duration&quot;:500}\">\n\t\t<div class=\"elementor-element elementor-element-fc7f161 e-flex e-con-boxed e-con e-child\" data-id=\"fc7f161\" data-element_type=\"container\" data-e-type=\"container\">\n\t\t\t\t\t<div class=\"e-con-inner\">\n\t\t\t\t\t<\/div>\n\t\t\t\t<\/div>\n\t\t<div class=\"elementor-element elementor-element-4071ef3 e-flex e-con-boxed e-con e-child\" data-id=\"4071ef3\" data-element_type=\"container\" data-e-type=\"container\">\n\t\t\t\t\t<div class=\"e-con-inner\">\n\t\t\t\t<div class=\"elementor-element elementor-element-4e4911b elementor--h-position-center elementor--v-position-middle elementor-widget elementor-widget-slides\" data-id=\"4e4911b\" data-element_type=\"widget\" data-e-type=\"widget\" data-settings=\"{&quot;navigation&quot;:&quot;none&quot;,&quot;transition&quot;:&quot;fade&quot;,&quot;transition_speed&quot;:700,&quot;autoplay&quot;:&quot;yes&quot;,&quot;autoplay_speed&quot;:5000,&quot;infinite&quot;:&quot;yes&quot;}\" data-widget_type=\"slides.default\">\n\t\t\t\t<div class=\"elementor-widget-container\">\n\t\t\t\t\t\t\t\t\t<div class=\"elementor-swiper\">\n\t\t\t\t\t<div class=\"elementor-slides-wrapper elementor-main-swiper swiper\" role=\"region\" aria-roledescription=\"carousel\" aria-label=\"Slides\" dir=\"ltr\" data-animation=\"fadeInUp\">\n\t\t\t\t<div class=\"swiper-wrapper elementor-slides\">\n\t\t\t\t\t\t\t\t\t\t<div class=\"elementor-repeater-item-88f0a0b swiper-slide\" role=\"group\" aria-roledescription=\"slide\"><div class=\"swiper-slide-bg\"><\/div><div class=\"swiper-slide-inner\" ><div class=\"swiper-slide-contents\"><div class=\"elementor-slide-description\">Twoje bezpiecze\u0144stwo jest dla nas najwa\u017cniejsze<\/div><\/div><\/div><\/div><div class=\"elementor-repeater-item-ce13aae swiper-slide\" role=\"group\" aria-roledescription=\"slide\"><div class=\"swiper-slide-bg\"><\/div><div class=\"swiper-slide-inner\" ><div class=\"swiper-slide-contents\"><div class=\"elementor-slide-description\">Twoje bezpiecze\u0144stwo jest dla nas najwa\u017cniejsze<\/div><\/div><\/div><\/div><div class=\"elementor-repeater-item-0d5df49 swiper-slide\" role=\"group\" aria-roledescription=\"slide\"><div class=\"swiper-slide-bg\"><\/div><div class=\"swiper-slide-inner\" ><div class=\"swiper-slide-contents\"><div class=\"elementor-slide-description\">Twoje bezpiecze\u0144stwo jest dla nas najwa\u017cniejsze<\/div><\/div><\/div><\/div>\t\t\t\t<\/div>\n\t\t\t\t\t\t\t\t\t\t\t\t\t\t\t\t\t\t\t\t\t<\/div>\n\t\t\t\t<\/div>\n\t\t\t\t\t\t\t\t<\/div>\n\t\t\t\t<\/div>\n\t\t\t\t\t<\/div>\n\t\t\t\t<\/div>\n\t\t<div class=\"elementor-element elementor-element-911c138 e-flex e-con-boxed e-con e-child\" data-id=\"911c138\" data-element_type=\"container\" data-e-type=\"container\" data-settings=\"{&quot;background_background&quot;:&quot;classic&quot;}\">\n\t\t\t\t\t<div class=\"e-con-inner\">\n\t\t\t\t<div class=\"elementor-element elementor-element-a1e379b elementor-widget elementor-widget-heading\" data-id=\"a1e379b\" data-element_type=\"widget\" data-e-type=\"widget\" data-widget_type=\"heading.default\">\n\t\t\t\t<div class=\"elementor-widget-container\">\n\t\t\t\t\t<h4 class=\"elementor-heading-title elementor-size-default\">Producenci z kt\u00f3rymi wsp\u00f3\u0142pracujemy:<\/h4>\t\t\t\t<\/div>\n\t\t\t\t<\/div>\n\t\t\t\t\t<\/div>\n\t\t\t\t<\/div>\n\t\t<div class=\"elementor-element elementor-element-22cb25f e-con-full e-flex e-con e-child\" data-id=\"22cb25f\" data-element_type=\"container\" data-e-type=\"container\">\n\t\t\t\t<div class=\"elementor-element elementor-element-1da5948 logo_slider_prod elementor-widget__width-auto elementor-widget elementor-widget-image-carousel\" data-id=\"1da5948\" data-element_type=\"widget\" data-e-type=\"widget\" data-settings=\"{&quot;slides_to_show&quot;:&quot;7&quot;,&quot;slides_to_scroll&quot;:&quot;1&quot;,&quot;navigation&quot;:&quot;none&quot;,&quot;lazyload&quot;:&quot;yes&quot;,&quot;autoplay_speed&quot;:0,&quot;speed&quot;:5000,&quot;autoplay&quot;:&quot;yes&quot;,&quot;infinite&quot;:&quot;yes&quot;,&quot;image_spacing_custom&quot;:{&quot;unit&quot;:&quot;px&quot;,&quot;size&quot;:20,&quot;sizes&quot;:[]},&quot;image_spacing_custom_tablet&quot;:{&quot;unit&quot;:&quot;px&quot;,&quot;size&quot;:&quot;&quot;,&quot;sizes&quot;:[]},&quot;image_spacing_custom_mobile&quot;:{&quot;unit&quot;:&quot;px&quot;,&quot;size&quot;:&quot;&quot;,&quot;sizes&quot;:[]}}\" data-widget_type=\"image-carousel.default\">\n\t\t\t\t<div class=\"elementor-widget-container\">\n\t\t\t\t\t\t\t<div class=\"elementor-image-carousel-wrapper swiper\" role=\"region\" aria-roledescription=\"carousel\" aria-label=\"Karuzela obrazk\u00f3w\" dir=\"ltr\">\n\t\t\t<div class=\"elementor-image-carousel swiper-wrapper swiper-image-stretch\" aria-live=\"off\">\n\t\t\t\t\t\t\t\t<div class=\"swiper-slide\" role=\"group\" aria-roledescription=\"slide\" aria-label=\"1 of 16\"><figure class=\"swiper-slide-inner\"><img class=\"swiper-slide-image swiper-lazy\" data-src=\"https:\/\/asbhp.pl\/wp-content\/uploads\/2025\/10\/IndustrialStarter-logo-tr.png\" alt=\"IndustrialStarter-logo-tr\" \/><div class=\"swiper-lazy-preloader\"><\/div><\/figure><\/div><div class=\"swiper-slide\" role=\"group\" aria-roledescription=\"slide\" aria-label=\"2 of 16\"><figure class=\"swiper-slide-inner\"><img class=\"swiper-slide-image swiper-lazy\" data-src=\"https:\/\/asbhp.pl\/wp-content\/uploads\/2025\/10\/delta-plus-black-tr.png\" alt=\"delta-plus-black-tr\" \/><div class=\"swiper-lazy-preloader\"><\/div><\/figure><\/div><div class=\"swiper-slide\" role=\"group\" aria-roledescription=\"slide\" aria-label=\"3 of 16\"><figure class=\"swiper-slide-inner\"><img class=\"swiper-slide-image swiper-lazy\" data-src=\"https:\/\/asbhp.pl\/wp-content\/uploads\/2025\/10\/atlas-logo_black-tr.png\" alt=\"atlas-logo_black-tr\" \/><div class=\"swiper-lazy-preloader\"><\/div><\/figure><\/div><div class=\"swiper-slide\" role=\"group\" aria-roledescription=\"slide\" aria-label=\"4 of 16\"><figure class=\"swiper-slide-inner\"><img class=\"swiper-slide-image swiper-lazy\" data-src=\"https:\/\/asbhp.pl\/wp-content\/uploads\/2025\/10\/base-cropped-logo-tr.png\" alt=\"base-cropped-logo-tr\" \/><div class=\"swiper-lazy-preloader\"><\/div><\/figure><\/div><div class=\"swiper-slide\" role=\"group\" aria-roledescription=\"slide\" aria-label=\"5 of 16\"><figure class=\"swiper-slide-inner\"><img class=\"swiper-slide-image swiper-lazy\" data-src=\"https:\/\/asbhp.pl\/wp-content\/uploads\/2025\/10\/coverguard-logo-tr.webp\" alt=\"coverguard-logo-tr\" \/><div class=\"swiper-lazy-preloader\"><\/div><\/figure><\/div><div class=\"swiper-slide\" role=\"group\" aria-roledescription=\"slide\" aria-label=\"6 of 16\"><figure class=\"swiper-slide-inner\"><img class=\"swiper-slide-image swiper-lazy\" data-src=\"https:\/\/asbhp.pl\/wp-content\/uploads\/2025\/10\/kramp-logo-tr.png\" alt=\"kramp-logo-tr\" \/><div class=\"swiper-lazy-preloader\"><\/div><\/figure><\/div><div class=\"swiper-slide\" role=\"group\" aria-roledescription=\"slide\" aria-label=\"7 of 16\"><figure class=\"swiper-slide-inner\"><img class=\"swiper-slide-image swiper-lazy\" data-src=\"https:\/\/asbhp.pl\/wp-content\/uploads\/2025\/10\/malfini-logo-tr-scaled.png\" alt=\"malfini-logo-tr\" \/><div class=\"swiper-lazy-preloader\"><\/div><\/figure><\/div><div class=\"swiper-slide\" role=\"group\" aria-roledescription=\"slide\" aria-label=\"8 of 16\"><figure class=\"swiper-slide-inner\"><img class=\"swiper-slide-image swiper-lazy\" data-src=\"https:\/\/asbhp.pl\/wp-content\/uploads\/2025\/10\/protekt-logo-tr.png\" alt=\"protekt-logo-tr\" \/><div class=\"swiper-lazy-preloader\"><\/div><\/figure><\/div><div class=\"swiper-slide\" role=\"group\" aria-roledescription=\"slide\" aria-label=\"9 of 16\"><figure class=\"swiper-slide-inner\"><img class=\"swiper-slide-image swiper-lazy\" data-src=\"https:\/\/asbhp.pl\/wp-content\/uploads\/2025\/10\/rimeck-logo-tr-scaled.png\" alt=\"rimeck-logo-tr\" \/><div class=\"swiper-lazy-preloader\"><\/div><\/figure><\/div><div class=\"swiper-slide\" role=\"group\" aria-roledescription=\"slide\" aria-label=\"10 of 16\"><figure class=\"swiper-slide-inner\"><img class=\"swiper-slide-image swiper-lazy\" data-src=\"https:\/\/asbhp.pl\/wp-content\/uploads\/2025\/10\/stalco-logo-tr-scaled.png\" alt=\"stalco-logo-tr\" \/><div class=\"swiper-lazy-preloader\"><\/div><\/figure><\/div><div class=\"swiper-slide\" role=\"group\" aria-roledescription=\"slide\" aria-label=\"11 of 16\"><figure class=\"swiper-slide-inner\"><img class=\"swiper-slide-image swiper-lazy\" data-src=\"https:\/\/asbhp.pl\/wp-content\/uploads\/2025\/10\/stalco-perfect-logo-tr.png\" alt=\"stalco-perfect-logo-tr\" \/><div class=\"swiper-lazy-preloader\"><\/div><\/figure><\/div><div class=\"swiper-slide\" role=\"group\" aria-roledescription=\"slide\" aria-label=\"12 of 16\"><figure class=\"swiper-slide-inner\"><img class=\"swiper-slide-image swiper-lazy\" data-src=\"https:\/\/asbhp.pl\/wp-content\/uploads\/2025\/10\/atg-logo-tr.png\" alt=\"atg-logo-tr\" \/><div class=\"swiper-lazy-preloader\"><\/div><\/figure><\/div><div class=\"swiper-slide\" role=\"group\" aria-roledescription=\"slide\" aria-label=\"13 of 16\"><figure class=\"swiper-slide-inner\"><img class=\"swiper-slide-image swiper-lazy\" data-src=\"https:\/\/asbhp.pl\/wp-content\/uploads\/2025\/10\/filterService-logo-tr.png\" alt=\"filterService-logo-tr\" \/><div class=\"swiper-lazy-preloader\"><\/div><\/figure><\/div><div class=\"swiper-slide\" role=\"group\" aria-roledescription=\"slide\" aria-label=\"14 of 16\"><figure class=\"swiper-slide-inner\"><img class=\"swiper-slide-image swiper-lazy\" data-src=\"https:\/\/asbhp.pl\/wp-content\/uploads\/2025\/10\/polstar-logo-tr.png\" alt=\"polstar-logo-tr\" \/><div class=\"swiper-lazy-preloader\"><\/div><\/figure><\/div><div class=\"swiper-slide\" role=\"group\" aria-roledescription=\"slide\" aria-label=\"15 of 16\"><figure class=\"swiper-slide-inner\"><img class=\"swiper-slide-image swiper-lazy\" data-src=\"https:\/\/asbhp.pl\/wp-content\/uploads\/2025\/10\/portwest-logo-tr.png\" alt=\"portwest-logo-tr\" \/><div class=\"swiper-lazy-preloader\"><\/div><\/figure><\/div><div class=\"swiper-slide\" role=\"group\" aria-roledescription=\"slide\" aria-label=\"16 of 16\"><figure class=\"swiper-slide-inner\"><img class=\"swiper-slide-image swiper-lazy\" data-src=\"https:\/\/asbhp.pl\/wp-content\/uploads\/2025\/10\/sara-logo-tr.png?t=1775682622\" alt=\"sara-logo-tr\" \/><div class=\"swiper-lazy-preloader\"><\/div><\/figure><\/div>\t\t\t<\/div>\n\t\t\t\t\t\t\t\n\t\t\t\t\t\t\t\t\t<\/div>\n\t\t\t\t\t\t<\/div>\n\t\t\t\t<\/div>\n\t\t\t\t<\/div>\n\t\t\t\t<\/div>\n\t\t\t\t<\/div>\n\t\t","protected":false},"excerpt":{"rendered":"<p>Twoje bezpiecze\u0144stwo jest dla nas najwa\u017cniejszeTwoje bezpiecze\u0144stwo jest dla nas najwa\u017cniejszeTwoje bezpiecze\u0144stwo jest dla nas najwa\u017cniejsze Producenci z kt\u00f3rymi wsp\u00f3\u0142pracujemy:<\/p>\n","protected":false},"author":3,"featured_media":0,"parent":0,"menu_order":0,"comment_status":"closed","ping_status":"closed","template":"elementor_header_footer","meta":{"footnotes":""},"class_list":["post-13253","page","type-page","status-publish","hentry"],"_links":{"self":[{"href":"https:\/\/asbhp.pl\/index.php?rest_route=\/wp\/v2\/pages\/13253","targetHints":{"allow":["GET"]}}],"collection":[{"href":"https:\/\/asbhp.pl\/index.php?rest_route=\/wp\/v2\/pages"}],"about":[{"href":"https:\/\/asbhp.pl\/index.php?rest_route=\/wp\/v2\/types\/page"}],"author":[{"embeddable":true,"href":"https:\/\/asbhp.pl\/index.php?rest_route=\/wp\/v2\/users\/3"}],"replies":[{"embeddable":true,"href":"https:\/\/asbhp.pl\/index.php?rest_route=%2Fwp%2Fv2%2Fcomments&post=13253"}],"version-history":[{"count":129,"href":"https:\/\/asbhp.pl\/index.php?rest_route=\/wp\/v2\/pages\/13253\/revisions"}],"predecessor-version":[{"id":26217,"href":"https:\/\/asbhp.pl\/index.php?rest_route=\/wp\/v2\/pages\/13253\/revisions\/26217"}],"wp:attachment":[{"href":"https:\/\/asbhp.pl\/index.php?rest_route=%2Fwp%2Fv2%2Fmedia&parent=13253"}],"curies":[{"name":"wp","href":"https:\/\/api.w.org\/{rel}","templated":true}]}}