{"id":1009,"date":"2019-09-24T20:39:30","date_gmt":"2019-09-24T18:39:30","guid":{"rendered":"http:\/\/www.asbhp.pl\/produkt\/zatrzaanik-z-automatycznym-blokowaniem-otwir-22-mm-zestaw-2\/"},"modified":"2019-10-05T22:38:22","modified_gmt":"2019-10-05T20:38:22","slug":"zatrzaanik-z-automatycznym-blokowaniem-otwir-22-mm-zestaw-2","status":"publish","type":"product","link":"https:\/\/asbhp.pl\/?product=zatrzaanik-z-automatycznym-blokowaniem-otwir-22-mm-zestaw-2","title":{"rendered":"ZATRZA\u015aNIK Z AUTOMATYCZNYM BLOKOWANIEM, OTW\u00d3R 22 MM &#8211; ZESTAW 2"},"content":{"rendered":"","protected":false},"excerpt":{"rendered":"<p>ZATRZA\u015aNIK Z AUTOMATYCZNYM BLOKOWANIEM, OTW\u00d3R 22 MM &#8211; ZESTAW 2<\/p>\n","protected":false},"featured_media":1010,"comment_status":"closed","ping_status":"closed","template":"","meta":[],"product_brand":[],"product_cat":[1108],"product_tag":[106],"class_list":{"0":"post-1009","1":"product","2":"type-product","3":"status-publish","4":"has-post-thumbnail","6":"product_cat-ochrona-przed-updakiem","7":"product_tag-deltaplus","9":"first","10":"instock","11":"purchasable","12":"product-type-simple"},"_links":{"self":[{"href":"https:\/\/asbhp.pl\/index.php?rest_route=\/wp\/v2\/product\/1009","targetHints":{"allow":["GET"]}}],"collection":[{"href":"https:\/\/asbhp.pl\/index.php?rest_route=\/wp\/v2\/product"}],"about":[{"href":"https:\/\/asbhp.pl\/index.php?rest_route=\/wp\/v2\/types\/product"}],"replies":[{"embeddable":true,"href":"https:\/\/asbhp.pl\/index.php?rest_route=%2Fwp%2Fv2%2Fcomments&post=1009"}],"wp:featuredmedia":[{"embeddable":true,"href":"https:\/\/asbhp.pl\/index.php?rest_route=\/wp\/v2\/media\/1010"}],"wp:attachment":[{"href":"https:\/\/asbhp.pl\/index.php?rest_route=%2Fwp%2Fv2%2Fmedia&parent=1009"}],"wp:term":[{"taxonomy":"product_brand","embeddable":true,"href":"https:\/\/asbhp.pl\/index.php?rest_route=%2Fwp%2Fv2%2Fproduct_brand&post=1009"},{"taxonomy":"product_cat","embeddable":true,"href":"https:\/\/asbhp.pl\/index.php?rest_route=%2Fwp%2Fv2%2Fproduct_cat&post=1009"},{"taxonomy":"product_tag","embeddable":true,"href":"https:\/\/asbhp.pl\/index.php?rest_route=%2Fwp%2Fv2%2Fproduct_tag&post=1009"}],"curies":[{"name":"wp","href":"https:\/\/api.w.org\/{rel}","templated":true}]}}