{"id":1024,"date":"2019-09-24T20:39:54","date_gmt":"2019-09-24T18:39:54","guid":{"rendered":"http:\/\/www.asbhp.pl\/produkt\/3-w-1-urz%c2%84dzenie-samozaciskoweblokada-na-linieurz%c2%84dzenie-do-ustalania1-am002\/"},"modified":"2019-10-05T22:31:02","modified_gmt":"2019-10-05T20:31:02","slug":"3-w-1-urz%c2%84dzenie-samozaciskoweblokada-na-linieurz%c2%84dzenie-do-ustalania1-am002","status":"publish","type":"product","link":"https:\/\/asbhp.pl\/?product=3-w-1-urz%c2%84dzenie-samozaciskoweblokada-na-linieurz%c2%84dzenie-do-ustalania1-am002","title":{"rendered":"3 W 1: URZ\u0104DZENIE SAMOZACISKOWE+BLOKADA NA LINIE+URZ\u0104DZENIE DO USTALANIA+1 AM002"},"content":{"rendered":"","protected":false},"excerpt":{"rendered":"<p>3 W 1: URZ\u0104DZENIE SAMOZACISKOWE+BLOKADA NA LINIE+URZ\u0104DZENIE DO USTALANIA+1 AM002<\/p>\n","protected":false},"featured_media":1025,"comment_status":"closed","ping_status":"closed","template":"","meta":[],"product_brand":[],"product_cat":[1108],"product_tag":[106],"class_list":{"0":"post-1024","1":"product","2":"type-product","3":"status-publish","4":"has-post-thumbnail","6":"product_cat-ochrona-przed-updakiem","7":"product_tag-deltaplus","9":"first","10":"instock","11":"purchasable","12":"product-type-simple"},"_links":{"self":[{"href":"https:\/\/asbhp.pl\/index.php?rest_route=\/wp\/v2\/product\/1024","targetHints":{"allow":["GET"]}}],"collection":[{"href":"https:\/\/asbhp.pl\/index.php?rest_route=\/wp\/v2\/product"}],"about":[{"href":"https:\/\/asbhp.pl\/index.php?rest_route=\/wp\/v2\/types\/product"}],"replies":[{"embeddable":true,"href":"https:\/\/asbhp.pl\/index.php?rest_route=%2Fwp%2Fv2%2Fcomments&post=1024"}],"wp:featuredmedia":[{"embeddable":true,"href":"https:\/\/asbhp.pl\/index.php?rest_route=\/wp\/v2\/media\/1025"}],"wp:attachment":[{"href":"https:\/\/asbhp.pl\/index.php?rest_route=%2Fwp%2Fv2%2Fmedia&parent=1024"}],"wp:term":[{"taxonomy":"product_brand","embeddable":true,"href":"https:\/\/asbhp.pl\/index.php?rest_route=%2Fwp%2Fv2%2Fproduct_brand&post=1024"},{"taxonomy":"product_cat","embeddable":true,"href":"https:\/\/asbhp.pl\/index.php?rest_route=%2Fwp%2Fv2%2Fproduct_cat&post=1024"},{"taxonomy":"product_tag","embeddable":true,"href":"https:\/\/asbhp.pl\/index.php?rest_route=%2Fwp%2Fv2%2Fproduct_tag&post=1024"}],"curies":[{"name":"wp","href":"https:\/\/api.w.org\/{rel}","templated":true}]}}