{"id":1033,"date":"2019-09-24T20:39:54","date_gmt":"2019-09-24T18:39:54","guid":{"rendered":"http:\/\/www.asbhp.pl\/produkt\/urz%c2%84dzenie-samohamowne-z-taam%c2%84-1-am002-25-m\/"},"modified":"2019-10-05T22:39:21","modified_gmt":"2019-10-05T20:39:21","slug":"urz%c2%84dzenie-samohamowne-z-taam%c2%84-1-am002-25-m","status":"publish","type":"product","link":"https:\/\/asbhp.pl\/?product=urz%c2%84dzenie-samohamowne-z-taam%c2%84-1-am002-25-m","title":{"rendered":"URZ\u0104DZENIE SAMOHAMOWNE Z TA\u015aM\u0104 + 1 AM002 &#8211; 2,5 M"},"content":{"rendered":"","protected":false},"excerpt":{"rendered":"<p>URZ\u0104DZENIE SAMOHAMOWNE Z TA\u015aM\u0104 + 1 AM002 &#8211; 2,5 M<\/p>\n","protected":false},"featured_media":1034,"comment_status":"closed","ping_status":"closed","template":"","meta":[],"product_brand":[],"product_cat":[1108],"product_tag":[106],"class_list":{"0":"post-1033","1":"product","2":"type-product","3":"status-publish","4":"has-post-thumbnail","6":"product_cat-ochrona-przed-updakiem","7":"product_tag-deltaplus","9":"first","10":"instock","11":"purchasable","12":"product-type-simple"},"_links":{"self":[{"href":"https:\/\/asbhp.pl\/index.php?rest_route=\/wp\/v2\/product\/1033","targetHints":{"allow":["GET"]}}],"collection":[{"href":"https:\/\/asbhp.pl\/index.php?rest_route=\/wp\/v2\/product"}],"about":[{"href":"https:\/\/asbhp.pl\/index.php?rest_route=\/wp\/v2\/types\/product"}],"replies":[{"embeddable":true,"href":"https:\/\/asbhp.pl\/index.php?rest_route=%2Fwp%2Fv2%2Fcomments&post=1033"}],"wp:featuredmedia":[{"embeddable":true,"href":"https:\/\/asbhp.pl\/index.php?rest_route=\/wp\/v2\/media\/1034"}],"wp:attachment":[{"href":"https:\/\/asbhp.pl\/index.php?rest_route=%2Fwp%2Fv2%2Fmedia&parent=1033"}],"wp:term":[{"taxonomy":"product_brand","embeddable":true,"href":"https:\/\/asbhp.pl\/index.php?rest_route=%2Fwp%2Fv2%2Fproduct_brand&post=1033"},{"taxonomy":"product_cat","embeddable":true,"href":"https:\/\/asbhp.pl\/index.php?rest_route=%2Fwp%2Fv2%2Fproduct_cat&post=1033"},{"taxonomy":"product_tag","embeddable":true,"href":"https:\/\/asbhp.pl\/index.php?rest_route=%2Fwp%2Fv2%2Fproduct_tag&post=1033"}],"curies":[{"name":"wp","href":"https:\/\/api.w.org\/{rel}","templated":true}]}}