{"id":1116,"date":"2019-09-24T20:41:38","date_gmt":"2019-09-24T18:41:38","guid":{"rendered":"http:\/\/www.asbhp.pl\/produkt\/piubuty-damskie-z-weluru-skirzanego-i-nylonu-s1-src\/"},"modified":"2019-10-08T15:29:16","modified_gmt":"2019-10-08T13:29:16","slug":"piubuty-damskie-z-weluru-skirzanego-i-nylonu-s1-src","status":"publish","type":"product","link":"https:\/\/asbhp.pl\/?product=piubuty-damskie-z-weluru-skirzanego-i-nylonu-s1-src","title":{"rendered":"P\u00d3\u0141BUTY DAMSKIE Z WELURU SK\u00d3RZANEGO I NYLONU &#8211; S1 SRC"},"content":{"rendered":"","protected":false},"excerpt":{"rendered":"<p>P\u00d3\u0141BUTY DAMSKIE Z WELURU SK\u00d3RZANEGO I NYLONU &#8211; S1 SRC<\/p>\n","protected":false},"featured_media":1117,"comment_status":"closed","ping_status":"closed","template":"","meta":[],"product_brand":[],"product_cat":[21,46],"product_tag":[106],"class_list":{"0":"post-1116","1":"product","2":"type-product","3":"status-publish","4":"has-post-thumbnail","6":"product_cat-obuwie-robocze","7":"product_cat-polbuty","8":"product_tag-deltaplus","10":"first","11":"instock","12":"purchasable","13":"product-type-simple"},"_links":{"self":[{"href":"https:\/\/asbhp.pl\/index.php?rest_route=\/wp\/v2\/product\/1116","targetHints":{"allow":["GET"]}}],"collection":[{"href":"https:\/\/asbhp.pl\/index.php?rest_route=\/wp\/v2\/product"}],"about":[{"href":"https:\/\/asbhp.pl\/index.php?rest_route=\/wp\/v2\/types\/product"}],"replies":[{"embeddable":true,"href":"https:\/\/asbhp.pl\/index.php?rest_route=%2Fwp%2Fv2%2Fcomments&post=1116"}],"wp:featuredmedia":[{"embeddable":true,"href":"https:\/\/asbhp.pl\/index.php?rest_route=\/wp\/v2\/media\/1117"}],"wp:attachment":[{"href":"https:\/\/asbhp.pl\/index.php?rest_route=%2Fwp%2Fv2%2Fmedia&parent=1116"}],"wp:term":[{"taxonomy":"product_brand","embeddable":true,"href":"https:\/\/asbhp.pl\/index.php?rest_route=%2Fwp%2Fv2%2Fproduct_brand&post=1116"},{"taxonomy":"product_cat","embeddable":true,"href":"https:\/\/asbhp.pl\/index.php?rest_route=%2Fwp%2Fv2%2Fproduct_cat&post=1116"},{"taxonomy":"product_tag","embeddable":true,"href":"https:\/\/asbhp.pl\/index.php?rest_route=%2Fwp%2Fv2%2Fproduct_tag&post=1116"}],"curies":[{"name":"wp","href":"https:\/\/api.w.org\/{rel}","templated":true}]}}