{"id":1203,"date":"2019-09-24T20:42:20","date_gmt":"2019-09-24T18:42:20","guid":{"rendered":"http:\/\/www.asbhp.pl\/produkt\/uchwyt-osuony-twarzy-z-bezbarwn%c2%84-osuon%c2%84-z-poliw%c2%a2glanu\/"},"modified":"2019-10-05T22:26:09","modified_gmt":"2019-10-05T20:26:09","slug":"uchwyt-osuony-twarzy-z-bezbarwn%c2%84-osuon%c2%84-z-poliw%c2%a2glanu","status":"publish","type":"product","link":"https:\/\/asbhp.pl\/?product=uchwyt-osuony-twarzy-z-bezbarwn%c2%84-osuon%c2%84-z-poliw%c2%a2glanu","title":{"rendered":"UCHWYT OS\u0141ONY TWARZY Z BEZBARWN\u0104 OS\u0141ON\u0104 Z POLIW\u0118GLANU"},"content":{"rendered":"","protected":false},"excerpt":{"rendered":"<p>UCHWYT OS\u0141ONY TWARZY Z BEZBARWN\u0104 OS\u0141ON\u0104 Z POLIW\u0118GLANU<\/p>\n","protected":false},"featured_media":1204,"comment_status":"closed","ping_status":"closed","template":"","meta":[],"product_brand":[],"product_cat":[59],"product_tag":[106],"class_list":{"0":"post-1203","1":"product","2":"type-product","3":"status-publish","4":"has-post-thumbnail","6":"product_cat-ochrona-glowy","7":"product_tag-deltaplus","9":"first","10":"instock","11":"purchasable","12":"product-type-simple"},"_links":{"self":[{"href":"https:\/\/asbhp.pl\/index.php?rest_route=\/wp\/v2\/product\/1203","targetHints":{"allow":["GET"]}}],"collection":[{"href":"https:\/\/asbhp.pl\/index.php?rest_route=\/wp\/v2\/product"}],"about":[{"href":"https:\/\/asbhp.pl\/index.php?rest_route=\/wp\/v2\/types\/product"}],"replies":[{"embeddable":true,"href":"https:\/\/asbhp.pl\/index.php?rest_route=%2Fwp%2Fv2%2Fcomments&post=1203"}],"wp:featuredmedia":[{"embeddable":true,"href":"https:\/\/asbhp.pl\/index.php?rest_route=\/wp\/v2\/media\/1204"}],"wp:attachment":[{"href":"https:\/\/asbhp.pl\/index.php?rest_route=%2Fwp%2Fv2%2Fmedia&parent=1203"}],"wp:term":[{"taxonomy":"product_brand","embeddable":true,"href":"https:\/\/asbhp.pl\/index.php?rest_route=%2Fwp%2Fv2%2Fproduct_brand&post=1203"},{"taxonomy":"product_cat","embeddable":true,"href":"https:\/\/asbhp.pl\/index.php?rest_route=%2Fwp%2Fv2%2Fproduct_cat&post=1203"},{"taxonomy":"product_tag","embeddable":true,"href":"https:\/\/asbhp.pl\/index.php?rest_route=%2Fwp%2Fv2%2Fproduct_tag&post=1203"}],"curies":[{"name":"wp","href":"https:\/\/api.w.org\/{rel}","templated":true}]}}