{"id":12615,"date":"2025-04-05T18:18:57","date_gmt":"2025-04-05T16:18:57","guid":{"rendered":"https:\/\/asbhp.pl\/produkt\/welder-k-2122x-en407-412x4x\/"},"modified":"2025-06-14T18:21:43","modified_gmt":"2025-06-14T16:21:43","slug":"welder-k-2122x-en407-412x4x","status":"publish","type":"product","link":"https:\/\/asbhp.pl\/?product=welder-k-2122x-en407-412x4x","title":{"rendered":"WELDER K 2122X EN407-412X4X"},"content":{"rendered":"<p>r\u0119kawica sk\u00f3rzana,<\/p>\n<p>&nbsp;<\/p>\n<p>Zost\u0119pne warianty:<\/p>\n","protected":false},"excerpt":{"rendered":"<p>r\u0119kawica sk\u00f3rzana, &nbsp; Zost\u0119pne warianty:<\/p>\n","protected":false},"featured_media":12616,"comment_status":"closed","ping_status":"open","template":"","meta":[],"product_brand":[413],"product_cat":[97,323],"product_tag":[408],"class_list":{"0":"post-12615","1":"product","2":"type-product","3":"status-publish","4":"has-post-thumbnail","6":"product_brand-polstar","7":"product_cat-rekawice","8":"product_cat-spawalnicze","9":"product_tag-polstar-holding-woloszczuk-sp-k","11":"first","12":"instock","13":"purchasable","14":"product-type-simple"},"_links":{"self":[{"href":"https:\/\/asbhp.pl\/index.php?rest_route=\/wp\/v2\/product\/12615","targetHints":{"allow":["GET"]}}],"collection":[{"href":"https:\/\/asbhp.pl\/index.php?rest_route=\/wp\/v2\/product"}],"about":[{"href":"https:\/\/asbhp.pl\/index.php?rest_route=\/wp\/v2\/types\/product"}],"replies":[{"embeddable":true,"href":"https:\/\/asbhp.pl\/index.php?rest_route=%2Fwp%2Fv2%2Fcomments&post=12615"}],"wp:featuredmedia":[{"embeddable":true,"href":"https:\/\/asbhp.pl\/index.php?rest_route=\/wp\/v2\/media\/12616"}],"wp:attachment":[{"href":"https:\/\/asbhp.pl\/index.php?rest_route=%2Fwp%2Fv2%2Fmedia&parent=12615"}],"wp:term":[{"taxonomy":"product_brand","embeddable":true,"href":"https:\/\/asbhp.pl\/index.php?rest_route=%2Fwp%2Fv2%2Fproduct_brand&post=12615"},{"taxonomy":"product_cat","embeddable":true,"href":"https:\/\/asbhp.pl\/index.php?rest_route=%2Fwp%2Fv2%2Fproduct_cat&post=12615"},{"taxonomy":"product_tag","embeddable":true,"href":"https:\/\/asbhp.pl\/index.php?rest_route=%2Fwp%2Fv2%2Fproduct_tag&post=12615"}],"curies":[{"name":"wp","href":"https:\/\/api.w.org\/{rel}","templated":true}]}}