{"id":12622,"date":"2025-04-05T18:19:09","date_gmt":"2025-04-05T16:19:09","guid":{"rendered":"https:\/\/asbhp.pl\/produkt\/softshell-wstawka-granat-bf005-z-pasami-odblask-kat-2-klasa2\/"},"modified":"2025-06-14T18:21:40","modified_gmt":"2025-06-14T16:21:40","slug":"softshell-wstawka-granat-bf005-z-pasami-odblask-kat-2-klasa2","status":"publish","type":"product","link":"https:\/\/asbhp.pl\/?product=softshell-wstawka-granat-bf005-z-pasami-odblask-kat-2-klasa2","title":{"rendered":"SOFTSHELL WSTAWKA GRANAT BF005 Z PASAMI ODBLASK. KAT 2 klasa2"},"content":{"rendered":"<p>zapinany na zamek \u017cy\u0142kowy,<\/p>\n<p>&nbsp;<\/p>\n<p>Zost\u0119pne warianty:<\/p>\n","protected":false},"excerpt":{"rendered":"<p>zapinany na zamek \u017cy\u0142kowy, &nbsp; Zost\u0119pne warianty:<\/p>\n","protected":false},"featured_media":12623,"comment_status":"closed","ping_status":"open","template":"","meta":[],"product_brand":[413],"product_cat":[1104,41],"product_tag":[408],"class_list":{"0":"post-12622","1":"product","2":"type-product","3":"status-publish","4":"has-post-thumbnail","6":"product_brand-polstar","7":"product_cat-bluzy-robocze-softshell","8":"product_cat-odziez-ochronna","9":"product_tag-polstar-holding-woloszczuk-sp-k","11":"first","12":"instock","13":"purchasable","14":"product-type-simple"},"_links":{"self":[{"href":"https:\/\/asbhp.pl\/index.php?rest_route=\/wp\/v2\/product\/12622","targetHints":{"allow":["GET"]}}],"collection":[{"href":"https:\/\/asbhp.pl\/index.php?rest_route=\/wp\/v2\/product"}],"about":[{"href":"https:\/\/asbhp.pl\/index.php?rest_route=\/wp\/v2\/types\/product"}],"replies":[{"embeddable":true,"href":"https:\/\/asbhp.pl\/index.php?rest_route=%2Fwp%2Fv2%2Fcomments&post=12622"}],"wp:featuredmedia":[{"embeddable":true,"href":"https:\/\/asbhp.pl\/index.php?rest_route=\/wp\/v2\/media\/12623"}],"wp:attachment":[{"href":"https:\/\/asbhp.pl\/index.php?rest_route=%2Fwp%2Fv2%2Fmedia&parent=12622"}],"wp:term":[{"taxonomy":"product_brand","embeddable":true,"href":"https:\/\/asbhp.pl\/index.php?rest_route=%2Fwp%2Fv2%2Fproduct_brand&post=12622"},{"taxonomy":"product_cat","embeddable":true,"href":"https:\/\/asbhp.pl\/index.php?rest_route=%2Fwp%2Fv2%2Fproduct_cat&post=12622"},{"taxonomy":"product_tag","embeddable":true,"href":"https:\/\/asbhp.pl\/index.php?rest_route=%2Fwp%2Fv2%2Fproduct_tag&post=12622"}],"curies":[{"name":"wp","href":"https:\/\/api.w.org\/{rel}","templated":true}]}}