{"id":12793,"date":"2025-04-05T18:23:43","date_gmt":"2025-04-05T16:23:43","guid":{"rendered":"https:\/\/asbhp.pl\/produkt\/gumowe-flokowane-ef-f-06-zolte\/"},"modified":"2025-10-11T20:34:24","modified_gmt":"2025-10-11T18:34:24","slug":"gumowe-flokowane-ef-f-06-zolte","status":"publish","type":"product","link":"https:\/\/asbhp.pl\/?product=gumowe-flokowane-ef-f-06-zolte","title":{"rendered":"GUMOWE FLOKOWANE EF-F-06 \u017b\u00d3\u0141TE"},"content":{"rendered":"<p>rekawica chemiczna,<\/p>\n<p>&nbsp;<\/p>\n<p>Zost\u0119pne warianty:<\/p>\n","protected":false},"excerpt":{"rendered":"<p>rekawica chemiczna, &nbsp; Zost\u0119pne warianty:<\/p>\n","protected":false},"featured_media":12794,"comment_status":"closed","ping_status":"open","template":"","meta":[],"product_brand":[],"product_cat":[97,936],"product_tag":[410],"class_list":{"0":"post-12793","1":"product","2":"type-product","3":"status-publish","4":"has-post-thumbnail","6":"product_cat-rekawice","7":"product_cat-rekawice-chemiczne","8":"product_tag-sumirubber-malaysia-sdn-bhd","10":"first","11":"instock","12":"purchasable","13":"product-type-simple"},"_links":{"self":[{"href":"https:\/\/asbhp.pl\/index.php?rest_route=\/wp\/v2\/product\/12793","targetHints":{"allow":["GET"]}}],"collection":[{"href":"https:\/\/asbhp.pl\/index.php?rest_route=\/wp\/v2\/product"}],"about":[{"href":"https:\/\/asbhp.pl\/index.php?rest_route=\/wp\/v2\/types\/product"}],"replies":[{"embeddable":true,"href":"https:\/\/asbhp.pl\/index.php?rest_route=%2Fwp%2Fv2%2Fcomments&post=12793"}],"wp:featuredmedia":[{"embeddable":true,"href":"https:\/\/asbhp.pl\/index.php?rest_route=\/wp\/v2\/media\/12794"}],"wp:attachment":[{"href":"https:\/\/asbhp.pl\/index.php?rest_route=%2Fwp%2Fv2%2Fmedia&parent=12793"}],"wp:term":[{"taxonomy":"product_brand","embeddable":true,"href":"https:\/\/asbhp.pl\/index.php?rest_route=%2Fwp%2Fv2%2Fproduct_brand&post=12793"},{"taxonomy":"product_cat","embeddable":true,"href":"https:\/\/asbhp.pl\/index.php?rest_route=%2Fwp%2Fv2%2Fproduct_cat&post=12793"},{"taxonomy":"product_tag","embeddable":true,"href":"https:\/\/asbhp.pl\/index.php?rest_route=%2Fwp%2Fv2%2Fproduct_tag&post=12793"}],"curies":[{"name":"wp","href":"https:\/\/api.w.org\/{rel}","templated":true}]}}