{"id":12887,"date":"2025-04-05T18:26:12","date_gmt":"2025-04-05T16:26:12","guid":{"rendered":"https:\/\/asbhp.pl\/produkt\/rekawice-covent-winter-kat-ii-zolty\/"},"modified":"2025-06-14T18:21:22","modified_gmt":"2025-06-14T16:21:22","slug":"rekawice-covent-winter-kat-ii-zolty","status":"publish","type":"product","link":"https:\/\/asbhp.pl\/?product=rekawice-covent-winter-kat-ii-zolty","title":{"rendered":"R\u0118KAWICE COVENT WINTER Kat. II \u017b\u00d3\u0141TY"},"content":{"rendered":"<p>rekawica ocieplana,<\/p>\n<p>&nbsp;<\/p>\n<p>Zost\u0119pne warianty:<\/p>\n","protected":false},"excerpt":{"rendered":"<p>rekawica ocieplana, &nbsp; Zost\u0119pne warianty:<\/p>\n","protected":false},"featured_media":12888,"comment_status":"closed","ping_status":"open","template":"","meta":[],"product_brand":[413],"product_cat":[97,98],"product_tag":[408],"class_list":{"0":"post-12887","1":"product","2":"type-product","3":"status-publish","4":"has-post-thumbnail","6":"product_brand-polstar","7":"product_cat-rekawice","8":"product_cat-ocieplane-rekawice","9":"product_tag-polstar-holding-woloszczuk-sp-k","11":"first","12":"instock","13":"purchasable","14":"product-type-simple"},"_links":{"self":[{"href":"https:\/\/asbhp.pl\/index.php?rest_route=\/wp\/v2\/product\/12887","targetHints":{"allow":["GET"]}}],"collection":[{"href":"https:\/\/asbhp.pl\/index.php?rest_route=\/wp\/v2\/product"}],"about":[{"href":"https:\/\/asbhp.pl\/index.php?rest_route=\/wp\/v2\/types\/product"}],"replies":[{"embeddable":true,"href":"https:\/\/asbhp.pl\/index.php?rest_route=%2Fwp%2Fv2%2Fcomments&post=12887"}],"wp:featuredmedia":[{"embeddable":true,"href":"https:\/\/asbhp.pl\/index.php?rest_route=\/wp\/v2\/media\/12888"}],"wp:attachment":[{"href":"https:\/\/asbhp.pl\/index.php?rest_route=%2Fwp%2Fv2%2Fmedia&parent=12887"}],"wp:term":[{"taxonomy":"product_brand","embeddable":true,"href":"https:\/\/asbhp.pl\/index.php?rest_route=%2Fwp%2Fv2%2Fproduct_brand&post=12887"},{"taxonomy":"product_cat","embeddable":true,"href":"https:\/\/asbhp.pl\/index.php?rest_route=%2Fwp%2Fv2%2Fproduct_cat&post=12887"},{"taxonomy":"product_tag","embeddable":true,"href":"https:\/\/asbhp.pl\/index.php?rest_route=%2Fwp%2Fv2%2Fproduct_tag&post=12887"}],"curies":[{"name":"wp","href":"https:\/\/api.w.org\/{rel}","templated":true}]}}