{"id":12909,"date":"2025-04-05T18:26:41","date_gmt":"2025-04-05T16:26:41","guid":{"rendered":"https:\/\/asbhp.pl\/produkt\/ocieplany-softshell-rival-zolty\/"},"modified":"2025-10-10T14:01:01","modified_gmt":"2025-10-10T12:01:01","slug":"ocieplany-softshell-rival-zolty","status":"publish","type":"product","link":"https:\/\/asbhp.pl\/?product=ocieplany-softshell-rival-zolty","title":{"rendered":"OCIEPLANY SOFTSHELL RIVAL \u017b\u00d3\u0141TY"},"content":{"rendered":"<p>zapinana na zamek kostkowy,<\/p>\n<p>&nbsp;<\/p>\n<p>Zost\u0119pne warianty:<\/p>\n","protected":false},"excerpt":{"rendered":"<p>zapinana na zamek kostkowy, &nbsp; Zost\u0119pne warianty:<\/p>\n","protected":false},"featured_media":11771,"comment_status":"closed","ping_status":"open","template":"","meta":[],"product_brand":[413],"product_cat":[710,704,62],"product_tag":[408],"class_list":{"0":"post-12909","1":"product","2":"type-product","3":"status-publish","4":"has-post-thumbnail","6":"product_brand-polstar","7":"product_cat-kurtki-softshellowe","8":"product_cat-kurtki-ocieplane","9":"product_cat-odziez-ocieplana","10":"product_tag-polstar-holding-woloszczuk-sp-k","12":"first","13":"instock","14":"purchasable","15":"product-type-simple"},"_links":{"self":[{"href":"https:\/\/asbhp.pl\/index.php?rest_route=\/wp\/v2\/product\/12909","targetHints":{"allow":["GET"]}}],"collection":[{"href":"https:\/\/asbhp.pl\/index.php?rest_route=\/wp\/v2\/product"}],"about":[{"href":"https:\/\/asbhp.pl\/index.php?rest_route=\/wp\/v2\/types\/product"}],"replies":[{"embeddable":true,"href":"https:\/\/asbhp.pl\/index.php?rest_route=%2Fwp%2Fv2%2Fcomments&post=12909"}],"wp:featuredmedia":[{"embeddable":true,"href":"https:\/\/asbhp.pl\/index.php?rest_route=\/wp\/v2\/media\/11771"}],"wp:attachment":[{"href":"https:\/\/asbhp.pl\/index.php?rest_route=%2Fwp%2Fv2%2Fmedia&parent=12909"}],"wp:term":[{"taxonomy":"product_brand","embeddable":true,"href":"https:\/\/asbhp.pl\/index.php?rest_route=%2Fwp%2Fv2%2Fproduct_brand&post=12909"},{"taxonomy":"product_cat","embeddable":true,"href":"https:\/\/asbhp.pl\/index.php?rest_route=%2Fwp%2Fv2%2Fproduct_cat&post=12909"},{"taxonomy":"product_tag","embeddable":true,"href":"https:\/\/asbhp.pl\/index.php?rest_route=%2Fwp%2Fv2%2Fproduct_tag&post=12909"}],"curies":[{"name":"wp","href":"https:\/\/api.w.org\/{rel}","templated":true}]}}