{"id":1291,"date":"2019-09-24T20:43:34","date_gmt":"2019-09-24T18:43:34","guid":{"rendered":"http:\/\/www.asbhp.pl\/produkt\/bluza-z-wuikniny-polipropylenowej\/"},"modified":"2019-10-08T14:49:47","modified_gmt":"2019-10-08T12:49:47","slug":"bluza-z-wuikniny-polipropylenowej","status":"publish","type":"product","link":"https:\/\/asbhp.pl\/?product=bluza-z-wuikniny-polipropylenowej","title":{"rendered":"BLUZA Z W\u0141\u00d3KNINY POLIPROPYLENOWEJ"},"content":{"rendered":"","protected":false},"excerpt":{"rendered":"<p>BLUZA Z W\u0141\u00d3KNINY POLIPROPYLENOWEJ<\/p>\n","protected":false},"featured_media":1292,"comment_status":"closed","ping_status":"closed","template":"","meta":[],"product_brand":[],"product_cat":[571,41],"product_tag":[106],"class_list":{"0":"post-1291","1":"product","2":"type-product","3":"status-publish","4":"has-post-thumbnail","6":"product_cat-bluzy-robocze","7":"product_cat-odziez-ochronna","8":"product_tag-deltaplus","10":"first","11":"instock","12":"purchasable","13":"product-type-simple"},"_links":{"self":[{"href":"https:\/\/asbhp.pl\/index.php?rest_route=\/wp\/v2\/product\/1291","targetHints":{"allow":["GET"]}}],"collection":[{"href":"https:\/\/asbhp.pl\/index.php?rest_route=\/wp\/v2\/product"}],"about":[{"href":"https:\/\/asbhp.pl\/index.php?rest_route=\/wp\/v2\/types\/product"}],"replies":[{"embeddable":true,"href":"https:\/\/asbhp.pl\/index.php?rest_route=%2Fwp%2Fv2%2Fcomments&post=1291"}],"wp:featuredmedia":[{"embeddable":true,"href":"https:\/\/asbhp.pl\/index.php?rest_route=\/wp\/v2\/media\/1292"}],"wp:attachment":[{"href":"https:\/\/asbhp.pl\/index.php?rest_route=%2Fwp%2Fv2%2Fmedia&parent=1291"}],"wp:term":[{"taxonomy":"product_brand","embeddable":true,"href":"https:\/\/asbhp.pl\/index.php?rest_route=%2Fwp%2Fv2%2Fproduct_brand&post=1291"},{"taxonomy":"product_cat","embeddable":true,"href":"https:\/\/asbhp.pl\/index.php?rest_route=%2Fwp%2Fv2%2Fproduct_cat&post=1291"},{"taxonomy":"product_tag","embeddable":true,"href":"https:\/\/asbhp.pl\/index.php?rest_route=%2Fwp%2Fv2%2Fproduct_tag&post=1291"}],"curies":[{"name":"wp","href":"https:\/\/api.w.org\/{rel}","templated":true}]}}