{"id":12927,"date":"2025-04-05T18:27:30","date_gmt":"2025-04-05T16:27:30","guid":{"rendered":"https:\/\/asbhp.pl\/produkt\/ochraniacze-nakolanniki-brx-777-56-pvc-eva-silicone\/"},"modified":"2025-06-14T18:21:18","modified_gmt":"2025-06-14T16:21:18","slug":"ochraniacze-nakolanniki-brx-777-56-pvc-eva-silicone","status":"publish","type":"product","link":"https:\/\/asbhp.pl\/?product=ochraniacze-nakolanniki-brx-777-56-pvc-eva-silicone","title":{"rendered":"OCHRANIACZE NAKOLANNIKI BRX 777-56 PVC\/EVA\/SILICONE"},"content":{"rendered":"<p>nak\u0142adka  wykonana z materia\u0142u TPR (guma termoplastyczna), na zewn\u0105trz Oxford po bokach pianka EVA z  wy\u015bci\u00f3\u0142k\u0105 typu MESH, wewn\u0105trz pianka EVA z wy\u015bci\u00f3\u0142k\u0105 typu MESH<\/p>\n<p>&nbsp;<\/p>\n<p>Zost\u0119pne warianty:<\/p>\n","protected":false},"excerpt":{"rendered":"<p>nak\u0142adka wykonana z materia\u0142u TPR (guma termoplastyczna), na zewn\u0105trz Oxford po bokach pianka EVA z wy\u015bci\u00f3\u0142k\u0105 typu MESH, wewn\u0105trz pianka EVA z wy\u015bci\u00f3\u0142k\u0105 typu MESH &nbsp; Zost\u0119pne warianty:<\/p>\n","protected":false},"featured_media":12928,"comment_status":"closed","ping_status":"open","template":"","meta":[],"product_brand":[413],"product_cat":[278,41],"product_tag":[408],"class_list":{"0":"post-12927","1":"product","2":"type-product","3":"status-publish","4":"has-post-thumbnail","6":"product_brand-polstar","7":"product_cat-akcesoria-odziez-ochronna","8":"product_cat-odziez-ochronna","9":"product_tag-polstar-holding-woloszczuk-sp-k","11":"first","12":"instock","13":"purchasable","14":"product-type-simple"},"_links":{"self":[{"href":"https:\/\/asbhp.pl\/index.php?rest_route=\/wp\/v2\/product\/12927","targetHints":{"allow":["GET"]}}],"collection":[{"href":"https:\/\/asbhp.pl\/index.php?rest_route=\/wp\/v2\/product"}],"about":[{"href":"https:\/\/asbhp.pl\/index.php?rest_route=\/wp\/v2\/types\/product"}],"replies":[{"embeddable":true,"href":"https:\/\/asbhp.pl\/index.php?rest_route=%2Fwp%2Fv2%2Fcomments&post=12927"}],"wp:featuredmedia":[{"embeddable":true,"href":"https:\/\/asbhp.pl\/index.php?rest_route=\/wp\/v2\/media\/12928"}],"wp:attachment":[{"href":"https:\/\/asbhp.pl\/index.php?rest_route=%2Fwp%2Fv2%2Fmedia&parent=12927"}],"wp:term":[{"taxonomy":"product_brand","embeddable":true,"href":"https:\/\/asbhp.pl\/index.php?rest_route=%2Fwp%2Fv2%2Fproduct_brand&post=12927"},{"taxonomy":"product_cat","embeddable":true,"href":"https:\/\/asbhp.pl\/index.php?rest_route=%2Fwp%2Fv2%2Fproduct_cat&post=12927"},{"taxonomy":"product_tag","embeddable":true,"href":"https:\/\/asbhp.pl\/index.php?rest_route=%2Fwp%2Fv2%2Fproduct_tag&post=12927"}],"curies":[{"name":"wp","href":"https:\/\/api.w.org\/{rel}","templated":true}]}}