{"id":12937,"date":"2025-04-05T18:27:30","date_gmt":"2025-04-05T16:27:30","guid":{"rendered":"https:\/\/asbhp.pl\/produkt\/seven-kings-rival-bluza-dresowa-czarny-zolty\/"},"modified":"2025-06-14T18:21:19","modified_gmt":"2025-06-14T16:21:19","slug":"seven-kings-rival-bluza-dresowa-czarny-zolty","status":"publish","type":"product","link":"https:\/\/asbhp.pl\/?product=seven-kings-rival-bluza-dresowa-czarny-zolty","title":{"rendered":"SEVEN KINGS RIVAL BLUZA DRESOWA CZARNY\/\u017b\u00d3\u0141TY"},"content":{"rendered":"<p>100% poliester,<\/p>\n<p>&nbsp;<\/p>\n<p>Zost\u0119pne warianty:<\/p>\n","protected":false},"excerpt":{"rendered":"<p>100% poliester, &nbsp; Zost\u0119pne warianty:<\/p>\n","protected":false},"featured_media":12938,"comment_status":"closed","ping_status":"open","template":"","meta":[],"product_brand":[413],"product_cat":[571,41],"product_tag":[408],"class_list":{"0":"post-12937","1":"product","2":"type-product","3":"status-publish","4":"has-post-thumbnail","6":"product_brand-polstar","7":"product_cat-bluzy-robocze","8":"product_cat-odziez-ochronna","9":"product_tag-polstar-holding-woloszczuk-sp-k","11":"first","12":"instock","13":"purchasable","14":"product-type-simple"},"_links":{"self":[{"href":"https:\/\/asbhp.pl\/index.php?rest_route=\/wp\/v2\/product\/12937","targetHints":{"allow":["GET"]}}],"collection":[{"href":"https:\/\/asbhp.pl\/index.php?rest_route=\/wp\/v2\/product"}],"about":[{"href":"https:\/\/asbhp.pl\/index.php?rest_route=\/wp\/v2\/types\/product"}],"replies":[{"embeddable":true,"href":"https:\/\/asbhp.pl\/index.php?rest_route=%2Fwp%2Fv2%2Fcomments&post=12937"}],"wp:featuredmedia":[{"embeddable":true,"href":"https:\/\/asbhp.pl\/index.php?rest_route=\/wp\/v2\/media\/12938"}],"wp:attachment":[{"href":"https:\/\/asbhp.pl\/index.php?rest_route=%2Fwp%2Fv2%2Fmedia&parent=12937"}],"wp:term":[{"taxonomy":"product_brand","embeddable":true,"href":"https:\/\/asbhp.pl\/index.php?rest_route=%2Fwp%2Fv2%2Fproduct_brand&post=12937"},{"taxonomy":"product_cat","embeddable":true,"href":"https:\/\/asbhp.pl\/index.php?rest_route=%2Fwp%2Fv2%2Fproduct_cat&post=12937"},{"taxonomy":"product_tag","embeddable":true,"href":"https:\/\/asbhp.pl\/index.php?rest_route=%2Fwp%2Fv2%2Fproduct_tag&post=12937"}],"curies":[{"name":"wp","href":"https:\/\/api.w.org\/{rel}","templated":true}]}}