{"id":13118,"date":"2025-08-06T19:16:46","date_gmt":"2025-08-06T17:16:46","guid":{"rendered":"https:\/\/asbhp.pl\/produkt\/rekawica-ze-skory-licowej-koziej-z-elastycznym-sciagaczem-w-nadgarstku\/"},"modified":"2025-10-11T21:21:17","modified_gmt":"2025-10-11T19:21:17","slug":"rekawica-ze-skory-licowej-koziej-z-elastycznym-sciagaczem-w-nadgarstku","status":"publish","type":"product","link":"https:\/\/asbhp.pl\/?product=rekawica-ze-skory-licowej-koziej-z-elastycznym-sciagaczem-w-nadgarstku","title":{"rendered":"R\u0118KAWICA ZE SK\u00d3RY LICOWEJ KOZIEJ Z ELASTYCZNYM \u015aCI\u0104GACZEM W NADGARSTKU"},"content":{"rendered":"<h3>R\u0118KAWICE SK\u00d3RA KOZIA NAT 08<\/h3>\n<p>R\u0119kawica z pe\u0142nej sk\u00f3ry licowej koziej. Kr\u00f3j ameryka\u0144ski. Naszycie na palcu wskazuj\u0105cym. W nadgarstku \u015bci\u0105gacz i ochrona t\u0119tnicy. Pe\u0142na sk\u00f3ra licowa kozia. Grubo\u015b\u0107 mi\u0119dzy 0,8 a 1 mm.<\/p>\n<p><strong>Kolor:<\/strong> Naturalny<\/p>\n<p><strong>Rozmiar:<\/strong> 8<\/p>\n<p><strong>Zakres rozmiar\u00f3w:<\/strong>\u00a08 \u2192 10<\/p>\n<p>&nbsp;<\/p>\n","protected":false},"excerpt":{"rendered":"<p>R\u0118KAWICE ZE SK\u00d3RY LICOWEJ KOZIEJ, \u015aCI\u0104GACZ W NADGARSTKU<\/p>\n","protected":false},"featured_media":13119,"comment_status":"closed","ping_status":"open","template":"","meta":[],"product_brand":[420],"product_cat":[97,424],"product_tag":[],"class_list":{"0":"post-13118","1":"product","2":"type-product","3":"status-publish","4":"has-post-thumbnail","6":"product_brand-deltaplus","7":"product_cat-rekawice","8":"product_cat-rekawice-ochronne","9":"pa_kolor-naturalny","10":"pa_rozmiar-215","12":"first","13":"instock","14":"product-type-simple"},"_links":{"self":[{"href":"https:\/\/asbhp.pl\/index.php?rest_route=\/wp\/v2\/product\/13118","targetHints":{"allow":["GET"]}}],"collection":[{"href":"https:\/\/asbhp.pl\/index.php?rest_route=\/wp\/v2\/product"}],"about":[{"href":"https:\/\/asbhp.pl\/index.php?rest_route=\/wp\/v2\/types\/product"}],"replies":[{"embeddable":true,"href":"https:\/\/asbhp.pl\/index.php?rest_route=%2Fwp%2Fv2%2Fcomments&post=13118"}],"wp:featuredmedia":[{"embeddable":true,"href":"https:\/\/asbhp.pl\/index.php?rest_route=\/wp\/v2\/media\/13119"}],"wp:attachment":[{"href":"https:\/\/asbhp.pl\/index.php?rest_route=%2Fwp%2Fv2%2Fmedia&parent=13118"}],"wp:term":[{"taxonomy":"product_brand","embeddable":true,"href":"https:\/\/asbhp.pl\/index.php?rest_route=%2Fwp%2Fv2%2Fproduct_brand&post=13118"},{"taxonomy":"product_cat","embeddable":true,"href":"https:\/\/asbhp.pl\/index.php?rest_route=%2Fwp%2Fv2%2Fproduct_cat&post=13118"},{"taxonomy":"product_tag","embeddable":true,"href":"https:\/\/asbhp.pl\/index.php?rest_route=%2Fwp%2Fv2%2Fproduct_tag&post=13118"}],"curies":[{"name":"wp","href":"https:\/\/api.w.org\/{rel}","templated":true}]}}