{"id":13128,"date":"2025-08-06T19:16:46","date_gmt":"2025-08-06T17:16:46","guid":{"rendered":"https:\/\/asbhp.pl\/produkt\/spodnie-przeciwdeszczowe-z-poliestru-powlekanego-poliuretanem-5\/"},"modified":"2025-08-06T19:16:59","modified_gmt":"2025-08-06T17:16:59","slug":"spodnie-przeciwdeszczowe-z-poliestru-powlekanego-poliuretanem-5","status":"publish","type":"product","link":"https:\/\/asbhp.pl\/?product=spodnie-przeciwdeszczowe-z-poliestru-powlekanego-poliuretanem-5","title":{"rendered":"SPODNIE PRZECIWDESZCZOWE Z POLIESTRU POWLEKANEGO POLIURETANEM"},"content":{"rendered":"<h3>SPODNIE DESZ 850 GRAN XL<\/h3>\n<p>Spodnie przeciwdeszczowe. Szwy zgrzewane. Gumka w talii. Rozporek zapinany na zatrzask. D\u00f3\u0142 nogawek regulowany na zatrzask. 2 kieszenie na r\u0119ce. Wk\u0142ad: poliester powlekany semi-poliuretanem.<\/p>\n<p><strong>Kolor:<\/strong> Granatowy<\/p>\n<p><strong>Rozmiar:<\/strong> XL<\/p>\n<p><strong>Zakres rozmiar\u00f3w:<\/strong>\u00a0S \u2192 3XL<\/p>\n<p>&nbsp;<\/p>\n","protected":false},"excerpt":{"rendered":"<p>SPODNIE PRZECIWDESZCZOWE Z POLIESTRU POWLEKANEGO NA ZEWN\u0104TRZ SEMI POLIURETANEM<\/p>\n","protected":false},"featured_media":13124,"comment_status":"closed","ping_status":"open","template":"","meta":[],"product_brand":[420],"product_cat":[41,427],"product_tag":[],"class_list":{"0":"post-13128","1":"product","2":"type-product","3":"status-publish","4":"has-post-thumbnail","6":"product_brand-deltaplus","7":"product_cat-odziez-ochronna","8":"product_cat-spodnie-ochronne","9":"pa_kolor-granatowy","10":"pa_rozmiar-xl","12":"first","13":"instock","14":"product-type-simple"},"_links":{"self":[{"href":"https:\/\/asbhp.pl\/index.php?rest_route=\/wp\/v2\/product\/13128","targetHints":{"allow":["GET"]}}],"collection":[{"href":"https:\/\/asbhp.pl\/index.php?rest_route=\/wp\/v2\/product"}],"about":[{"href":"https:\/\/asbhp.pl\/index.php?rest_route=\/wp\/v2\/types\/product"}],"replies":[{"embeddable":true,"href":"https:\/\/asbhp.pl\/index.php?rest_route=%2Fwp%2Fv2%2Fcomments&post=13128"}],"wp:featuredmedia":[{"embeddable":true,"href":"https:\/\/asbhp.pl\/index.php?rest_route=\/wp\/v2\/media\/13124"}],"wp:attachment":[{"href":"https:\/\/asbhp.pl\/index.php?rest_route=%2Fwp%2Fv2%2Fmedia&parent=13128"}],"wp:term":[{"taxonomy":"product_brand","embeddable":true,"href":"https:\/\/asbhp.pl\/index.php?rest_route=%2Fwp%2Fv2%2Fproduct_brand&post=13128"},{"taxonomy":"product_cat","embeddable":true,"href":"https:\/\/asbhp.pl\/index.php?rest_route=%2Fwp%2Fv2%2Fproduct_cat&post=13128"},{"taxonomy":"product_tag","embeddable":true,"href":"https:\/\/asbhp.pl\/index.php?rest_route=%2Fwp%2Fv2%2Fproduct_tag&post=13128"}],"curies":[{"name":"wp","href":"https:\/\/api.w.org\/{rel}","templated":true}]}}