{"id":13146,"date":"2025-08-06T19:17:00","date_gmt":"2025-08-06T17:17:00","guid":{"rendered":"https:\/\/asbhp.pl\/produkt\/bluza-przeciwdeszczowa-z-poliestru-powlekanego-poliuretanem-2\/"},"modified":"2025-08-06T19:17:08","modified_gmt":"2025-08-06T17:17:08","slug":"bluza-przeciwdeszczowa-z-poliestru-powlekanego-poliuretanem-2","status":"publish","type":"product","link":"https:\/\/asbhp.pl\/?product=bluza-przeciwdeszczowa-z-poliestru-powlekanego-poliuretanem-2","title":{"rendered":"BLUZA PRZECIWDESZCZOWA Z POLIESTRU POWLEKANEGO POLIURETANEM"},"content":{"rendered":"<h3>BLUZA DESZ 850 GRAN L<\/h3>\n<p>Bluza przeciwdeszczowa. Szwy zgrzewane. Zapinanie na kryty zamek b\u0142yskawiczny. Otwory wentylacyjne pod pachami. Gumka wewn\u0105trz mankiet\u00f3w. D\u00f3\u0142 regulowany za pomoc\u0105 elastycznego sznurka. 2 kieszenie. Otw\u00f3r na plecach umo\u017cliwiaj\u0105cy wentylacj\u0119. Wk\u0142ad: poliester powlekany semi-poliuretanem.<\/p>\n<p><strong>Kolor:<\/strong> Granatowy<\/p>\n<p><strong>Rozmiar:<\/strong> L<\/p>\n<p><strong>Zakres rozmiar\u00f3w:<\/strong>\u00a0S \u2192 3XL<\/p>\n<p>&nbsp;<\/p>\n","protected":false},"excerpt":{"rendered":"<p>BLUZA PRZECIWDESZCZOWA Z POLIESTRU POWLEKANEGO NA ZEWN\u0104TRZ SEMI POLIURETANEM<\/p>\n","protected":false},"featured_media":13145,"comment_status":"closed","ping_status":"open","template":"","meta":[],"product_brand":[420],"product_cat":[41,722],"product_tag":[],"class_list":{"0":"post-13146","1":"product","2":"type-product","3":"status-publish","4":"has-post-thumbnail","6":"product_brand-deltaplus","7":"product_cat-odziez-ochronna","8":"product_cat-plaszcze-przeciwdeszczowe","9":"pa_kolor-granatowy","10":"pa_rozmiar-l","12":"first","13":"instock","14":"product-type-simple"},"_links":{"self":[{"href":"https:\/\/asbhp.pl\/index.php?rest_route=\/wp\/v2\/product\/13146","targetHints":{"allow":["GET"]}}],"collection":[{"href":"https:\/\/asbhp.pl\/index.php?rest_route=\/wp\/v2\/product"}],"about":[{"href":"https:\/\/asbhp.pl\/index.php?rest_route=\/wp\/v2\/types\/product"}],"replies":[{"embeddable":true,"href":"https:\/\/asbhp.pl\/index.php?rest_route=%2Fwp%2Fv2%2Fcomments&post=13146"}],"wp:featuredmedia":[{"embeddable":true,"href":"https:\/\/asbhp.pl\/index.php?rest_route=\/wp\/v2\/media\/13145"}],"wp:attachment":[{"href":"https:\/\/asbhp.pl\/index.php?rest_route=%2Fwp%2Fv2%2Fmedia&parent=13146"}],"wp:term":[{"taxonomy":"product_brand","embeddable":true,"href":"https:\/\/asbhp.pl\/index.php?rest_route=%2Fwp%2Fv2%2Fproduct_brand&post=13146"},{"taxonomy":"product_cat","embeddable":true,"href":"https:\/\/asbhp.pl\/index.php?rest_route=%2Fwp%2Fv2%2Fproduct_cat&post=13146"},{"taxonomy":"product_tag","embeddable":true,"href":"https:\/\/asbhp.pl\/index.php?rest_route=%2Fwp%2Fv2%2Fproduct_tag&post=13146"}],"curies":[{"name":"wp","href":"https:\/\/api.w.org\/{rel}","templated":true}]}}