{"id":13169,"date":"2025-08-06T19:17:12","date_gmt":"2025-08-06T17:17:12","guid":{"rendered":"https:\/\/asbhp.pl\/produkt\/spodnie-przeciwdeszczowe-z-poliestru-powlekanego-na-zewnatrz-poliuretanem-4\/"},"modified":"2025-08-06T19:17:21","modified_gmt":"2025-08-06T17:17:21","slug":"spodnie-przeciwdeszczowe-z-poliestru-powlekanego-na-zewnatrz-poliuretanem-4","status":"publish","type":"product","link":"https:\/\/asbhp.pl\/?product=spodnie-przeciwdeszczowe-z-poliestru-powlekanego-na-zewnatrz-poliuretanem-4","title":{"rendered":"SPODNIE PRZECIWDESZCZOWE Z POLIESTRU POWLEKANEGO NA ZEWN\u0104TRZ POLIURETANEM"},"content":{"rendered":"<h3>SPODNIE 900PAN NIEB M<\/h3>\n<p>Spodnie przeciwdeszczowe. Szwy zgrzewane. Gumka w talii. Rozporek zapinany na zatrzaski. D\u00f3\u0142 nogawek regulowany na zatrzaski. 2 kieszenie na r\u0119ce. Wk\u0142ad: poliester powlekany PU na zewn\u0105trz.<\/p>\n<p><strong>Kolor:<\/strong> Granatowy<\/p>\n<p><strong>Rozmiar:<\/strong> M<\/p>\n<p><strong>Zakres rozmiar\u00f3w:<\/strong>\u00a0S \u2192 3XL<\/p>\n<p>&nbsp;<\/p>\n","protected":false},"excerpt":{"rendered":"<p>SPODNIE PRZECIWDESZCZOWE Z POLISTRU POWLEKANEGO NA ZEWN\u0104TRZ POLIURETANEM<\/p>\n","protected":false},"featured_media":13166,"comment_status":"closed","ping_status":"open","template":"","meta":[],"product_brand":[420],"product_cat":[41,427],"product_tag":[],"class_list":{"0":"post-13169","1":"product","2":"type-product","3":"status-publish","4":"has-post-thumbnail","6":"product_brand-deltaplus","7":"product_cat-odziez-ochronna","8":"product_cat-spodnie-ochronne","9":"pa_kolor-granatowy","10":"pa_rozmiar-m","12":"first","13":"instock","14":"product-type-simple"},"_links":{"self":[{"href":"https:\/\/asbhp.pl\/index.php?rest_route=\/wp\/v2\/product\/13169","targetHints":{"allow":["GET"]}}],"collection":[{"href":"https:\/\/asbhp.pl\/index.php?rest_route=\/wp\/v2\/product"}],"about":[{"href":"https:\/\/asbhp.pl\/index.php?rest_route=\/wp\/v2\/types\/product"}],"replies":[{"embeddable":true,"href":"https:\/\/asbhp.pl\/index.php?rest_route=%2Fwp%2Fv2%2Fcomments&post=13169"}],"wp:featuredmedia":[{"embeddable":true,"href":"https:\/\/asbhp.pl\/index.php?rest_route=\/wp\/v2\/media\/13166"}],"wp:attachment":[{"href":"https:\/\/asbhp.pl\/index.php?rest_route=%2Fwp%2Fv2%2Fmedia&parent=13169"}],"wp:term":[{"taxonomy":"product_brand","embeddable":true,"href":"https:\/\/asbhp.pl\/index.php?rest_route=%2Fwp%2Fv2%2Fproduct_brand&post=13169"},{"taxonomy":"product_cat","embeddable":true,"href":"https:\/\/asbhp.pl\/index.php?rest_route=%2Fwp%2Fv2%2Fproduct_cat&post=13169"},{"taxonomy":"product_tag","embeddable":true,"href":"https:\/\/asbhp.pl\/index.php?rest_route=%2Fwp%2Fv2%2Fproduct_tag&post=13169"}],"curies":[{"name":"wp","href":"https:\/\/api.w.org\/{rel}","templated":true}]}}