{"id":1317,"date":"2019-09-24T20:43:44","date_gmt":"2019-09-24T18:43:44","guid":{"rendered":"http:\/\/www.asbhp.pl\/produkt\/sandauy-z-dwoiny-skirzanej-welur-s1-src\/"},"modified":"2025-10-11T22:02:02","modified_gmt":"2025-10-11T20:02:02","slug":"sandauy-z-dwoiny-skirzanej-welur-s1-src","status":"publish","type":"product","link":"https:\/\/asbhp.pl\/?product=sandauy-z-dwoiny-skirzanej-welur-s1-src","title":{"rendered":"SAND\u015aY Z DWOINY SK\u00d3RZANEJ WELUR &#8211; S1 SRC"},"content":{"rendered":"","protected":false},"excerpt":{"rendered":"<p>SAND\u015aY Z DWOINY SK\u00d3RZANEJ WELUR &#8211; S1 SRC<\/p>\n","protected":false},"featured_media":1318,"comment_status":"closed","ping_status":"closed","template":"","meta":[],"product_brand":[],"product_cat":[21,884],"product_tag":[106],"class_list":{"0":"post-1317","1":"product","2":"type-product","3":"status-publish","4":"has-post-thumbnail","6":"product_cat-obuwie-robocze","7":"product_cat-sandaly-robocze","8":"product_tag-deltaplus","10":"first","11":"instock","12":"purchasable","13":"product-type-simple"},"_links":{"self":[{"href":"https:\/\/asbhp.pl\/index.php?rest_route=\/wp\/v2\/product\/1317","targetHints":{"allow":["GET"]}}],"collection":[{"href":"https:\/\/asbhp.pl\/index.php?rest_route=\/wp\/v2\/product"}],"about":[{"href":"https:\/\/asbhp.pl\/index.php?rest_route=\/wp\/v2\/types\/product"}],"replies":[{"embeddable":true,"href":"https:\/\/asbhp.pl\/index.php?rest_route=%2Fwp%2Fv2%2Fcomments&post=1317"}],"wp:featuredmedia":[{"embeddable":true,"href":"https:\/\/asbhp.pl\/index.php?rest_route=\/wp\/v2\/media\/1318"}],"wp:attachment":[{"href":"https:\/\/asbhp.pl\/index.php?rest_route=%2Fwp%2Fv2%2Fmedia&parent=1317"}],"wp:term":[{"taxonomy":"product_brand","embeddable":true,"href":"https:\/\/asbhp.pl\/index.php?rest_route=%2Fwp%2Fv2%2Fproduct_brand&post=1317"},{"taxonomy":"product_cat","embeddable":true,"href":"https:\/\/asbhp.pl\/index.php?rest_route=%2Fwp%2Fv2%2Fproduct_cat&post=1317"},{"taxonomy":"product_tag","embeddable":true,"href":"https:\/\/asbhp.pl\/index.php?rest_route=%2Fwp%2Fv2%2Fproduct_tag&post=1317"}],"curies":[{"name":"wp","href":"https:\/\/api.w.org\/{rel}","templated":true}]}}