{"id":13179,"date":"2025-08-06T19:17:28","date_gmt":"2025-08-06T17:17:28","guid":{"rendered":"https:\/\/asbhp.pl\/produkt\/spodnie-ostrzegawcze-przeciwdeszczowe-z-poliestru-powlekanego-na-zewnatrz-poliuretanem-7\/"},"modified":"2025-08-06T19:17:32","modified_gmt":"2025-08-06T17:17:32","slug":"spodnie-ostrzegawcze-przeciwdeszczowe-z-poliestru-powlekanego-na-zewnatrz-poliuretanem-7","status":"publish","type":"product","link":"https:\/\/asbhp.pl\/?product=spodnie-ostrzegawcze-przeciwdeszczowe-z-poliestru-powlekanego-na-zewnatrz-poliuretanem-7","title":{"rendered":"SPODNIE OSTRZEGAWCZE PRZECIWDESZCZOWE Z POLIESTRU POWLEKANEGO NA ZEWN\u0104TRZ POLIURETANEM"},"content":{"rendered":"<h3>SPODNIE 900PANHV POM 3XL<\/h3>\n<p>Spodnie przeciwdeszczowe. Szwy zgrzewane. Gumka w talii. Rozporek zapinany na zatrzaski. D\u00f3\u0142 nogawek regulowany na zatrzaski. Odzie\u017c ostrzegawcza: klasa 1 &#8211; kolor srebrny &#8211; monta\u017c poziomy. 2 kieszenie na r\u0119ce. Wk\u0142ad: poliester powlekany PU na zewn\u0105trz.<br \/>\nPasy odblaskowe wprasowane.<\/p>\n<p><strong>Kolor:<\/strong> Pomara\u0144czowy fluo<\/p>\n<p><strong>Rozmiar:<\/strong> 3XL<\/p>\n<p><strong>Zakres rozmiar\u00f3w:<\/strong>\u00a0S \u2192 3XL<\/p>\n<p>&nbsp;<\/p>\n","protected":false},"excerpt":{"rendered":"<p>SPODNIE PRZECIWDESZCZOWE Z POLIESTRU POWLEKANEGO NA ZEWN\u0104TRZ POLIURETANEM<\/p>\n","protected":false},"featured_media":13180,"comment_status":"closed","ping_status":"open","template":"","meta":[],"product_brand":[420],"product_cat":[41,427],"product_tag":[],"class_list":{"0":"post-13179","1":"product","2":"type-product","3":"status-publish","4":"has-post-thumbnail","6":"product_brand-deltaplus","7":"product_cat-odziez-ochronna","8":"product_cat-spodnie-ochronne","9":"pa_kolor-pomaranczowy-fluo","10":"pa_rozmiar-3xl","12":"first","13":"instock","14":"product-type-simple"},"_links":{"self":[{"href":"https:\/\/asbhp.pl\/index.php?rest_route=\/wp\/v2\/product\/13179","targetHints":{"allow":["GET"]}}],"collection":[{"href":"https:\/\/asbhp.pl\/index.php?rest_route=\/wp\/v2\/product"}],"about":[{"href":"https:\/\/asbhp.pl\/index.php?rest_route=\/wp\/v2\/types\/product"}],"replies":[{"embeddable":true,"href":"https:\/\/asbhp.pl\/index.php?rest_route=%2Fwp%2Fv2%2Fcomments&post=13179"}],"wp:featuredmedia":[{"embeddable":true,"href":"https:\/\/asbhp.pl\/index.php?rest_route=\/wp\/v2\/media\/13180"}],"wp:attachment":[{"href":"https:\/\/asbhp.pl\/index.php?rest_route=%2Fwp%2Fv2%2Fmedia&parent=13179"}],"wp:term":[{"taxonomy":"product_brand","embeddable":true,"href":"https:\/\/asbhp.pl\/index.php?rest_route=%2Fwp%2Fv2%2Fproduct_brand&post=13179"},{"taxonomy":"product_cat","embeddable":true,"href":"https:\/\/asbhp.pl\/index.php?rest_route=%2Fwp%2Fv2%2Fproduct_cat&post=13179"},{"taxonomy":"product_tag","embeddable":true,"href":"https:\/\/asbhp.pl\/index.php?rest_route=%2Fwp%2Fv2%2Fproduct_tag&post=13179"}],"curies":[{"name":"wp","href":"https:\/\/api.w.org\/{rel}","templated":true}]}}