{"id":13380,"date":"2025-10-10T09:03:53","date_gmt":"2025-10-10T07:03:53","guid":{"rendered":"https:\/\/asbhp.pl\/produkt\/spodnie-robocze-basic-line\/"},"modified":"2025-10-10T09:04:11","modified_gmt":"2025-10-10T07:04:11","slug":"s-szary","status":"publish","type":"product","link":"https:\/\/asbhp.pl\/?product=s-szary","title":{"rendered":"S Szary"},"content":{"rendered":"<ul>\n<li>potr\u00f3jne szwy<\/li>\n<li>nogawki do wyd\u0142u\u017cenia o 4,5cm<\/li>\n<li>rygle wzmacniaj\u0105ce szwy<\/li>\n<li>elementy odblaskowe<\/li>\n<li>certyfikat Oeko-Tex<\/li>\n<li>metalowy zamek w rozporku<\/li>\n<li>kieszenie na kolanach z OXFORD 300D na wk\u0142adki piankowe<\/li>\n<li>liczne, funkcjonalne kieszenie z OXFORD 300D<\/li>\n<li>gumka w pasie<\/li>\n<li>mocny, nabijany guzik<\/li>\n<li>uchwyt na klucze &#8211; p\u00f3\u0142kole z tworzywa<\/li>\n<\/ul>\n","protected":false},"excerpt":{"rendered":"<p>potr\u00f3jne szwy nogawki do wyd\u0142u\u017cenia o 4,5cm rygle wzmacniaj\u0105ce szwy elementy odblaskowe certyfikat Oeko-Tex metalowy zamek w rozporku kieszenie na kolanach z OXFORD 300D na wk\u0142adki piankowe liczne, funkcjonalne kieszenie z OXFORD 300D gumka w pasie mocny, nabijany guzik uchwyt na klucze &#8211; p\u00f3\u0142kole z tworzywa<\/p>\n","protected":false},"featured_media":20324,"comment_status":"closed","ping_status":"open","template":"","meta":[],"product_brand":[416],"product_cat":[440,442],"product_tag":[],"class_list":{"0":"post-13380","1":"product","2":"type-product","3":"status-publish","4":"has-post-thumbnail","6":"product_brand-stalco","7":"product_cat-odziez-robocza","8":"product_cat-spodnie-robocze","9":"pa_kolor-czarny","10":"pa_kolor-granatowy","11":"pa_kolor-szary","12":"pa_producent-stalco","13":"pa_rozmiar-2xl","14":"pa_rozmiar-3xl","15":"pa_rozmiar-4xl","16":"pa_rozmiar-l","17":"pa_rozmiar-m","18":"pa_rozmiar-s","19":"pa_rozmiar-xl","20":"pa_waga-0-73","21":"pa_waga-0-78","22":"pa_waga-0-8","23":"pa_waga-0-81","24":"pa_waga-0-825","25":"pa_waga-0-847","26":"pa_waga-0-85","27":"pa_waga-0-87","28":"pa_waga-0-9","29":"pa_waga-0-907","30":"pa_waga-0-923","31":"pa_waga-0-95","33":"first","34":"instock","35":"shipping-taxable","36":"purchasable","37":"product-type-variable","38":"has-default-attributes"},"_links":{"self":[{"href":"https:\/\/asbhp.pl\/index.php?rest_route=\/wp\/v2\/product\/13380","targetHints":{"allow":["GET"]}}],"collection":[{"href":"https:\/\/asbhp.pl\/index.php?rest_route=\/wp\/v2\/product"}],"about":[{"href":"https:\/\/asbhp.pl\/index.php?rest_route=\/wp\/v2\/types\/product"}],"replies":[{"embeddable":true,"href":"https:\/\/asbhp.pl\/index.php?rest_route=%2Fwp%2Fv2%2Fcomments&post=13380"}],"wp:featuredmedia":[{"embeddable":true,"href":"https:\/\/asbhp.pl\/index.php?rest_route=\/wp\/v2\/media\/20324"}],"wp:attachment":[{"href":"https:\/\/asbhp.pl\/index.php?rest_route=%2Fwp%2Fv2%2Fmedia&parent=13380"}],"wp:term":[{"taxonomy":"product_brand","embeddable":true,"href":"https:\/\/asbhp.pl\/index.php?rest_route=%2Fwp%2Fv2%2Fproduct_brand&post=13380"},{"taxonomy":"product_cat","embeddable":true,"href":"https:\/\/asbhp.pl\/index.php?rest_route=%2Fwp%2Fv2%2Fproduct_cat&post=13380"},{"taxonomy":"product_tag","embeddable":true,"href":"https:\/\/asbhp.pl\/index.php?rest_route=%2Fwp%2Fv2%2Fproduct_tag&post=13380"}],"curies":[{"name":"wp","href":"https:\/\/api.w.org\/{rel}","templated":true}]}}