{"id":13429,"date":"2025-10-10T09:03:53","date_gmt":"2025-10-10T07:03:53","guid":{"rendered":"https:\/\/asbhp.pl\/produkt\/spodnie-robocze-industry-line\/"},"modified":"2025-10-10T09:04:11","modified_gmt":"2025-10-10T07:04:11","slug":"s-granatowy","status":"publish","type":"product","link":"https:\/\/asbhp.pl\/?product=s-granatowy","title":{"rendered":"S Granatowy"},"content":{"rendered":"<ul>\n<li>materia\u0142 bawe\u0142niany z elastanem<\/li>\n<li>potr\u00f3jne szwy<\/li>\n<li>d\u00f3\u0142 nogawek z OXFORD 300D do wyd\u0142u\u017cenia o 4,5cm<\/li>\n<li>rygle wzmacniaj\u0105ce szwy<\/li>\n<li>elementy odblaskowe<\/li>\n<li>metalowy zamek w rozporku<\/li>\n<li>kieszenie na kolanach z OXFORD 300D na wk\u0142adki piankowe<\/li>\n<li>funkcjonalne kieszenie ze wzmocnieniem z OXFORD 300D<\/li>\n<li>gumka w pasie<\/li>\n<li>nabijany guzik<\/li>\n<li>uchwyt na klucze &#8211; p\u00f3\u0142kole z tworzywa<\/li>\n<li>dodatkowy guzik &#8211; zestaw naprawczy<\/li>\n<\/ul>\n","protected":false},"excerpt":{"rendered":"<p>materia\u0142 bawe\u0142niany z elastanem potr\u00f3jne szwy d\u00f3\u0142 nogawek z OXFORD 300D do wyd\u0142u\u017cenia o 4,5cm rygle wzmacniaj\u0105ce szwy elementy odblaskowe metalowy zamek w rozporku kieszenie na kolanach z OXFORD 300D na wk\u0142adki piankowe funkcjonalne kieszenie ze wzmocnieniem z OXFORD 300D gumka w pasie nabijany guzik uchwyt na klucze &#8211; p\u00f3\u0142kole z tworzywa dodatkowy guzik &#8211; [&hellip;]<\/p>\n","protected":false},"featured_media":20352,"comment_status":"closed","ping_status":"open","template":"","meta":[],"product_brand":[416],"product_cat":[440,442],"product_tag":[],"class_list":{"0":"post-13429","1":"product","2":"type-product","3":"status-publish","4":"has-post-thumbnail","6":"product_brand-stalco","7":"product_cat-odziez-robocza","8":"product_cat-spodnie-robocze","9":"pa_kolor-granatowy","10":"pa_producent-stalco","11":"pa_rozmiar-2xl","12":"pa_rozmiar-l","13":"pa_rozmiar-ls","14":"pa_rozmiar-m","15":"pa_rozmiar-s","16":"pa_rozmiar-xl","17":"pa_waga-0-75","18":"pa_waga-0-77","19":"pa_waga-0-793","20":"pa_waga-0-807","21":"pa_waga-0-818","22":"pa_waga-0-83","24":"first","25":"instock","26":"shipping-taxable","27":"purchasable","28":"product-type-variable","29":"has-default-attributes"},"_links":{"self":[{"href":"https:\/\/asbhp.pl\/index.php?rest_route=\/wp\/v2\/product\/13429","targetHints":{"allow":["GET"]}}],"collection":[{"href":"https:\/\/asbhp.pl\/index.php?rest_route=\/wp\/v2\/product"}],"about":[{"href":"https:\/\/asbhp.pl\/index.php?rest_route=\/wp\/v2\/types\/product"}],"replies":[{"embeddable":true,"href":"https:\/\/asbhp.pl\/index.php?rest_route=%2Fwp%2Fv2%2Fcomments&post=13429"}],"wp:featuredmedia":[{"embeddable":true,"href":"https:\/\/asbhp.pl\/index.php?rest_route=\/wp\/v2\/media\/20352"}],"wp:attachment":[{"href":"https:\/\/asbhp.pl\/index.php?rest_route=%2Fwp%2Fv2%2Fmedia&parent=13429"}],"wp:term":[{"taxonomy":"product_brand","embeddable":true,"href":"https:\/\/asbhp.pl\/index.php?rest_route=%2Fwp%2Fv2%2Fproduct_brand&post=13429"},{"taxonomy":"product_cat","embeddable":true,"href":"https:\/\/asbhp.pl\/index.php?rest_route=%2Fwp%2Fv2%2Fproduct_cat&post=13429"},{"taxonomy":"product_tag","embeddable":true,"href":"https:\/\/asbhp.pl\/index.php?rest_route=%2Fwp%2Fv2%2Fproduct_tag&post=13429"}],"curies":[{"name":"wp","href":"https:\/\/api.w.org\/{rel}","templated":true}]}}