{"id":13453,"date":"2025-10-10T09:03:53","date_gmt":"2025-10-10T07:03:53","guid":{"rendered":"https:\/\/asbhp.pl\/produkt\/spodnie-robocze-allround-line\/"},"modified":"2025-10-10T09:04:11","modified_gmt":"2025-10-10T07:04:11","slug":"s-bialy-2","status":"publish","type":"product","link":"https:\/\/asbhp.pl\/?product=s-bialy-2","title":{"rendered":"S Bia\u0142y"},"content":{"rendered":"<ul>\n<li>wysokiej jako\u015bci materia\u0142, z zawarto\u015bci\u0105 bawe\u0142ny<\/li>\n<li>klin w kroku<\/li>\n<li>potr\u00f3jne szwy<\/li>\n<li>d\u00f3\u0142 nogawek z OXFORD 600D do wyd\u0142u\u017cenia o 5cm<\/li>\n<li>rygle wzmacniaj\u0105ce szwy<\/li>\n<li>elementy odblaskowe<\/li>\n<li>certyfikat Oeko-Tex<\/li>\n<li>metalowy zamek w rozporku<\/li>\n<li>kieszenie na kolanach z OXFORD 600D na wk\u0142adki piankowe<\/li>\n<li>liczne, funkcjonalne kieszenie z OXFORD 600D<\/li>\n<li>gumka w pasie<\/li>\n<\/ul>\n","protected":false},"excerpt":{"rendered":"<p>wysokiej jako\u015bci materia\u0142, z zawarto\u015bci\u0105 bawe\u0142ny klin w kroku potr\u00f3jne szwy d\u00f3\u0142 nogawek z OXFORD 600D do wyd\u0142u\u017cenia o 5cm rygle wzmacniaj\u0105ce szwy elementy odblaskowe certyfikat Oeko-Tex metalowy zamek w rozporku kieszenie na kolanach z OXFORD 600D na wk\u0142adki piankowe liczne, funkcjonalne kieszenie z OXFORD 600D gumka w pasie<\/p>\n","protected":false},"featured_media":20356,"comment_status":"closed","ping_status":"open","template":"","meta":[],"product_brand":[416],"product_cat":[440,442],"product_tag":[],"class_list":{"0":"post-13453","1":"product","2":"type-product","3":"status-publish","4":"has-post-thumbnail","6":"product_brand-stalco","7":"product_cat-odziez-robocza","8":"product_cat-spodnie-robocze","9":"pa_kolor-bialy","10":"pa_kolor-szary","11":"pa_producent-stalco","12":"pa_rozmiar-2xl","13":"pa_rozmiar-3xl","14":"pa_rozmiar-l","15":"pa_rozmiar-ls","16":"pa_rozmiar-m","17":"pa_rozmiar-s","18":"pa_rozmiar-xl","19":"pa_waga-0-904","20":"pa_waga-0-905","21":"pa_waga-0-935","22":"pa_waga-0-94","23":"pa_waga-0-948","24":"pa_waga-0-949","25":"pa_waga-0-958","26":"pa_waga-0-978","27":"pa_waga-0-99","28":"pa_waga-467","29":"pa_waga-1-013","30":"pa_waga-1-062","31":"pa_waga-1-098","33":"first","34":"instock","35":"shipping-taxable","36":"purchasable","37":"product-type-variable","38":"has-default-attributes"},"_links":{"self":[{"href":"https:\/\/asbhp.pl\/index.php?rest_route=\/wp\/v2\/product\/13453","targetHints":{"allow":["GET"]}}],"collection":[{"href":"https:\/\/asbhp.pl\/index.php?rest_route=\/wp\/v2\/product"}],"about":[{"href":"https:\/\/asbhp.pl\/index.php?rest_route=\/wp\/v2\/types\/product"}],"replies":[{"embeddable":true,"href":"https:\/\/asbhp.pl\/index.php?rest_route=%2Fwp%2Fv2%2Fcomments&post=13453"}],"wp:featuredmedia":[{"embeddable":true,"href":"https:\/\/asbhp.pl\/index.php?rest_route=\/wp\/v2\/media\/20356"}],"wp:attachment":[{"href":"https:\/\/asbhp.pl\/index.php?rest_route=%2Fwp%2Fv2%2Fmedia&parent=13453"}],"wp:term":[{"taxonomy":"product_brand","embeddable":true,"href":"https:\/\/asbhp.pl\/index.php?rest_route=%2Fwp%2Fv2%2Fproduct_brand&post=13453"},{"taxonomy":"product_cat","embeddable":true,"href":"https:\/\/asbhp.pl\/index.php?rest_route=%2Fwp%2Fv2%2Fproduct_cat&post=13453"},{"taxonomy":"product_tag","embeddable":true,"href":"https:\/\/asbhp.pl\/index.php?rest_route=%2Fwp%2Fv2%2Fproduct_tag&post=13453"}],"curies":[{"name":"wp","href":"https:\/\/api.w.org\/{rel}","templated":true}]}}