{"id":13507,"date":"2025-10-10T09:03:53","date_gmt":"2025-10-10T07:03:53","guid":{"rendered":"https:\/\/asbhp.pl\/produkt\/spodnie-robocze-summer-line\/"},"modified":"2025-10-10T09:04:23","modified_gmt":"2025-10-10T07:04:23","slug":"s-bezowy","status":"publish","type":"product","link":"https:\/\/asbhp.pl\/?product=s-bezowy","title":{"rendered":"S Be\u017cowy"},"content":{"rendered":"<ul>\n<li>wysokiej jako\u015bci twill z bawe\u0142n\u0105<\/li>\n<li>potr\u00f3jne szwy<\/li>\n<li>klin w kroku<\/li>\n<li>d\u00f3\u0142 nogawek z materia\u0142u OXFORD 900D z mo\u017cliwo\u015bci\u0105 wyd\u0142u\u017cenia o 5cm<\/li>\n<li>\u0142ata na dole nogawki &#8211; podw\u00f3jne wzmocnienie materia\u0142u<\/li>\n<li>elementy odblaskowe<\/li>\n<li>elementy kontrastowe<\/li>\n<li>rozporek &#8211; kostkowy zamek YKK<\/li>\n<li>wentylacja na nogawkach<\/li>\n<li>liczne, funkcjonalne kieszenie wzmocnione OXFORD 900D<\/li>\n<li>kieszenie monterskie odpinane na zamek<\/li>\n<\/ul>\n","protected":false},"excerpt":{"rendered":"<p>wysokiej jako\u015bci twill z bawe\u0142n\u0105 potr\u00f3jne szwy klin w kroku d\u00f3\u0142 nogawek z materia\u0142u OXFORD 900D z mo\u017cliwo\u015bci\u0105 wyd\u0142u\u017cenia o 5cm \u0142ata na dole nogawki &#8211; podw\u00f3jne wzmocnienie materia\u0142u elementy odblaskowe elementy kontrastowe rozporek &#8211; kostkowy zamek YKK wentylacja na nogawkach liczne, funkcjonalne kieszenie wzmocnione OXFORD 900D kieszenie monterskie odpinane na zamek<\/p>\n","protected":false},"featured_media":20387,"comment_status":"closed","ping_status":"open","template":"","meta":[],"product_brand":[416],"product_cat":[440,442],"product_tag":[],"class_list":{"0":"post-13507","1":"product","2":"type-product","3":"status-publish","4":"has-post-thumbnail","6":"product_brand-stalco","7":"product_cat-odziez-robocza","8":"product_cat-spodnie-robocze","9":"pa_kolor-bezowy","10":"pa_producent-stalco","11":"pa_rozmiar-2xl","12":"pa_rozmiar-3xl","13":"pa_rozmiar-l","14":"pa_rozmiar-ls","15":"pa_rozmiar-m","16":"pa_rozmiar-s","17":"pa_rozmiar-xl","18":"pa_waga-0-104","19":"pa_waga-0-845","20":"pa_waga-0-887","21":"pa_waga-0-959","22":"pa_waga-0-985","23":"pa_waga-0-987","24":"pa_waga-1-035","26":"first","27":"instock","28":"shipping-taxable","29":"purchasable","30":"product-type-variable","31":"has-default-attributes"},"_links":{"self":[{"href":"https:\/\/asbhp.pl\/index.php?rest_route=\/wp\/v2\/product\/13507","targetHints":{"allow":["GET"]}}],"collection":[{"href":"https:\/\/asbhp.pl\/index.php?rest_route=\/wp\/v2\/product"}],"about":[{"href":"https:\/\/asbhp.pl\/index.php?rest_route=\/wp\/v2\/types\/product"}],"replies":[{"embeddable":true,"href":"https:\/\/asbhp.pl\/index.php?rest_route=%2Fwp%2Fv2%2Fcomments&post=13507"}],"wp:featuredmedia":[{"embeddable":true,"href":"https:\/\/asbhp.pl\/index.php?rest_route=\/wp\/v2\/media\/20387"}],"wp:attachment":[{"href":"https:\/\/asbhp.pl\/index.php?rest_route=%2Fwp%2Fv2%2Fmedia&parent=13507"}],"wp:term":[{"taxonomy":"product_brand","embeddable":true,"href":"https:\/\/asbhp.pl\/index.php?rest_route=%2Fwp%2Fv2%2Fproduct_brand&post=13507"},{"taxonomy":"product_cat","embeddable":true,"href":"https:\/\/asbhp.pl\/index.php?rest_route=%2Fwp%2Fv2%2Fproduct_cat&post=13507"},{"taxonomy":"product_tag","embeddable":true,"href":"https:\/\/asbhp.pl\/index.php?rest_route=%2Fwp%2Fv2%2Fproduct_tag&post=13507"}],"curies":[{"name":"wp","href":"https:\/\/api.w.org\/{rel}","templated":true}]}}