{"id":13536,"date":"2025-10-10T09:04:11","date_gmt":"2025-10-10T07:04:11","guid":{"rendered":"https:\/\/asbhp.pl\/produkt\/spodnie-robocze-moro\/"},"modified":"2025-10-10T09:04:23","modified_gmt":"2025-10-10T07:04:23","slug":"s-szary-2","status":"publish","type":"product","link":"https:\/\/asbhp.pl\/?product=s-szary-2","title":{"rendered":"S Szary"},"content":{"rendered":"<ul>\n<li>unikalny kr\u00f3j<\/li>\n<li>materia\u0142 z bawe\u0142n\u0105<\/li>\n<li>elastyczny materia\u0142<\/li>\n<li>klin w kroku<\/li>\n<li>potr\u00f3jne szwy<\/li>\n<li>odpinane nogawki<\/li>\n<li>nogawki do wyd\u0142u\u017cenia o 4cm<\/li>\n<li>rozporek &#8211; metalowy zamek<\/li>\n<li>uniwersalna kiesze\u0144 miechowa zapinana na rzep(+kiesze\u0144 na telefon+przegrody na d\u0142ugopisy)<\/li>\n<li>kiesze\u0144 na narz\u0119dzia &#8211; kieszenie jak w klasycznych spodniach roboczych<\/li>\n<li>nabijany guzik metalowy<\/li>\n<\/ul>\n","protected":false},"excerpt":{"rendered":"<p>unikalny kr\u00f3j materia\u0142 z bawe\u0142n\u0105 elastyczny materia\u0142 klin w kroku potr\u00f3jne szwy odpinane nogawki nogawki do wyd\u0142u\u017cenia o 4cm rozporek &#8211; metalowy zamek uniwersalna kiesze\u0144 miechowa zapinana na rzep(+kiesze\u0144 na telefon+przegrody na d\u0142ugopisy) kiesze\u0144 na narz\u0119dzia &#8211; kieszenie jak w klasycznych spodniach roboczych nabijany guzik metalowy<\/p>\n","protected":false},"featured_media":20401,"comment_status":"closed","ping_status":"open","template":"","meta":[],"product_brand":[416],"product_cat":[440,442],"product_tag":[],"class_list":{"0":"post-13536","1":"product","2":"type-product","3":"status-publish","4":"has-post-thumbnail","6":"product_brand-stalco","7":"product_cat-odziez-robocza","8":"product_cat-spodnie-robocze","9":"pa_kolor-szary","10":"pa_producent-stalco","11":"pa_rozmiar-2xl","12":"pa_rozmiar-3xl","13":"pa_rozmiar-4xl","14":"pa_rozmiar-5xl","15":"pa_rozmiar-l","16":"pa_rozmiar-m","17":"pa_rozmiar-s","18":"pa_rozmiar-xl","19":"pa_waga-0-6","20":"pa_waga-0-795","21":"pa_waga-0-81","22":"pa_waga-0-83","23":"pa_waga-0-85","25":"first","26":"instock","27":"shipping-taxable","28":"purchasable","29":"product-type-variable","30":"has-default-attributes"},"_links":{"self":[{"href":"https:\/\/asbhp.pl\/index.php?rest_route=\/wp\/v2\/product\/13536","targetHints":{"allow":["GET"]}}],"collection":[{"href":"https:\/\/asbhp.pl\/index.php?rest_route=\/wp\/v2\/product"}],"about":[{"href":"https:\/\/asbhp.pl\/index.php?rest_route=\/wp\/v2\/types\/product"}],"replies":[{"embeddable":true,"href":"https:\/\/asbhp.pl\/index.php?rest_route=%2Fwp%2Fv2%2Fcomments&post=13536"}],"wp:featuredmedia":[{"embeddable":true,"href":"https:\/\/asbhp.pl\/index.php?rest_route=\/wp\/v2\/media\/20401"}],"wp:attachment":[{"href":"https:\/\/asbhp.pl\/index.php?rest_route=%2Fwp%2Fv2%2Fmedia&parent=13536"}],"wp:term":[{"taxonomy":"product_brand","embeddable":true,"href":"https:\/\/asbhp.pl\/index.php?rest_route=%2Fwp%2Fv2%2Fproduct_brand&post=13536"},{"taxonomy":"product_cat","embeddable":true,"href":"https:\/\/asbhp.pl\/index.php?rest_route=%2Fwp%2Fv2%2Fproduct_cat&post=13536"},{"taxonomy":"product_tag","embeddable":true,"href":"https:\/\/asbhp.pl\/index.php?rest_route=%2Fwp%2Fv2%2Fproduct_tag&post=13536"}],"curies":[{"name":"wp","href":"https:\/\/api.w.org\/{rel}","templated":true}]}}