{"id":13982,"date":"2025-10-10T09:04:11","date_gmt":"2025-10-10T07:04:11","guid":{"rendered":"https:\/\/asbhp.pl\/produkt\/spodnie-robocze-stretch-line\/"},"modified":"2025-10-10T09:04:23","modified_gmt":"2025-10-10T07:04:23","slug":"s-czarny","status":"publish","type":"product","link":"https:\/\/asbhp.pl\/?product=s-czarny","title":{"rendered":"S Czarny"},"content":{"rendered":"<ul>\n<ul>\n<li>profesjonalna konstrukcja<\/li>\n<li>wysokiej jako\u015bci softshellowy, elastyczny materia\u0142<\/li>\n<li>wysoka jako\u015b\u0107 odszycia<\/li>\n<li>elastyczny klin w kroku, 4-kierunkowy stretch<\/li>\n<li>nogawki do wyd\u0142u\u017cenia o 4cm<\/li>\n<li>elementy odblaskowe 3M Scotchlite<\/li>\n<li>wentylacja<\/li>\n<li>kieszenie na kolanach z CORDURA na wk\u0142adki piankowe<\/li>\n<li>liczne, funkcjonalne kieszenie z CORDURA<\/li>\n<li>elastyczny pas &#8220;stretch belt&#8221;<\/li>\n<\/ul>\n<\/ul>\n<div><\/div>\n","protected":false},"excerpt":{"rendered":"<p>profesjonalna konstrukcja wysokiej jako\u015bci softshellowy, elastyczny materia\u0142 wysoka jako\u015b\u0107 odszycia elastyczny klin w kroku, 4-kierunkowy stretch nogawki do wyd\u0142u\u017cenia o 4cm elementy odblaskowe 3M Scotchlite wentylacja kieszenie na kolanach z CORDURA na wk\u0142adki piankowe liczne, funkcjonalne kieszenie z CORDURA elastyczny pas &#8220;stretch belt&#8221;<\/p>\n","protected":false},"featured_media":20429,"comment_status":"closed","ping_status":"open","template":"","meta":[],"product_brand":[483],"product_cat":[440,442],"product_tag":[],"class_list":{"0":"post-13982","1":"product","2":"type-product","3":"status-publish","4":"has-post-thumbnail","6":"product_brand-stalco-perfect","7":"product_cat-odziez-robocza","8":"product_cat-spodnie-robocze","9":"pa_kolor-czarny","10":"pa_kolor-oliwkowy","11":"pa_producent-stalco-perfect","12":"pa_rozmiar-2xl","13":"pa_rozmiar-3xl","14":"pa_rozmiar-l","15":"pa_rozmiar-m","16":"pa_rozmiar-s","17":"pa_rozmiar-xl","18":"pa_waga-1-28","20":"first","21":"instock","22":"shipping-taxable","23":"purchasable","24":"product-type-variable","25":"has-default-attributes"},"_links":{"self":[{"href":"https:\/\/asbhp.pl\/index.php?rest_route=\/wp\/v2\/product\/13982","targetHints":{"allow":["GET"]}}],"collection":[{"href":"https:\/\/asbhp.pl\/index.php?rest_route=\/wp\/v2\/product"}],"about":[{"href":"https:\/\/asbhp.pl\/index.php?rest_route=\/wp\/v2\/types\/product"}],"replies":[{"embeddable":true,"href":"https:\/\/asbhp.pl\/index.php?rest_route=%2Fwp%2Fv2%2Fcomments&post=13982"}],"wp:featuredmedia":[{"embeddable":true,"href":"https:\/\/asbhp.pl\/index.php?rest_route=\/wp\/v2\/media\/20429"}],"wp:attachment":[{"href":"https:\/\/asbhp.pl\/index.php?rest_route=%2Fwp%2Fv2%2Fmedia&parent=13982"}],"wp:term":[{"taxonomy":"product_brand","embeddable":true,"href":"https:\/\/asbhp.pl\/index.php?rest_route=%2Fwp%2Fv2%2Fproduct_brand&post=13982"},{"taxonomy":"product_cat","embeddable":true,"href":"https:\/\/asbhp.pl\/index.php?rest_route=%2Fwp%2Fv2%2Fproduct_cat&post=13982"},{"taxonomy":"product_tag","embeddable":true,"href":"https:\/\/asbhp.pl\/index.php?rest_route=%2Fwp%2Fv2%2Fproduct_tag&post=13982"}],"curies":[{"name":"wp","href":"https:\/\/api.w.org\/{rel}","templated":true}]}}