{"id":14032,"date":"2025-10-10T09:04:11","date_gmt":"2025-10-10T07:04:11","guid":{"rendered":"https:\/\/asbhp.pl\/produkt\/spodnie-robocze-damskie-viki\/"},"modified":"2025-10-10T09:04:23","modified_gmt":"2025-10-10T07:04:23","slug":"xs-granatowy","status":"publish","type":"product","link":"https:\/\/asbhp.pl\/?product=xs-granatowy","title":{"rendered":"XS Granatowy"},"content":{"rendered":"<ul>\n<li>profesjonalna konstrukcja<\/li>\n<li>twill z bawe\u0142n\u0105<\/li>\n<li>elastyczny materia\u0142<\/li>\n<li>klin w kroku<\/li>\n<li>nogawki do wyd\u0142u\u017cenia o 4cm<\/li>\n<li>nogawki zw\u0119\u017cane u do\u0142u<\/li>\n<li>kieszenie na kolanach z OXFORD 900D na wk\u0142adki piankowe<\/li>\n<li>uniwersalna kiesze\u0144 miechowa zapinana na rzepy i zamek<\/li>\n<li>kiesze\u0144 na telefon<\/li>\n<li>kiesze\u0144 na narz\u0119dzia lub zeszyt A5<\/li>\n<li>guma w pasie<\/li>\n<\/ul>\n","protected":false},"excerpt":{"rendered":"<p>profesjonalna konstrukcja twill z bawe\u0142n\u0105 elastyczny materia\u0142 klin w kroku nogawki do wyd\u0142u\u017cenia o 4cm nogawki zw\u0119\u017cane u do\u0142u kieszenie na kolanach z OXFORD 900D na wk\u0142adki piankowe uniwersalna kiesze\u0144 miechowa zapinana na rzepy i zamek kiesze\u0144 na telefon kiesze\u0144 na narz\u0119dzia lub zeszyt A5 guma w pasie<\/p>\n","protected":false},"featured_media":20443,"comment_status":"closed","ping_status":"open","template":"","meta":[],"product_brand":[483],"product_cat":[440,442],"product_tag":[],"class_list":{"0":"post-14032","1":"product","2":"type-product","3":"status-publish","4":"has-post-thumbnail","6":"product_brand-stalco-perfect","7":"product_cat-odziez-robocza","8":"product_cat-spodnie-robocze","9":"pa_kolor-granatowy","10":"pa_producent-stalco-perfect","11":"pa_rozmiar-2xl","12":"pa_rozmiar-3xl","13":"pa_rozmiar-l","14":"pa_rozmiar-m","15":"pa_rozmiar-s","16":"pa_rozmiar-xl","17":"pa_rozmiar-xs","18":"pa_waga-0-8","19":"pa_waga-0-81","20":"pa_waga-0-82","21":"pa_waga-0-83","22":"pa_waga-0-85","23":"pa_waga-0-86","24":"pa_waga-0-89","26":"first","27":"instock","28":"shipping-taxable","29":"purchasable","30":"product-type-variable","31":"has-default-attributes"},"_links":{"self":[{"href":"https:\/\/asbhp.pl\/index.php?rest_route=\/wp\/v2\/product\/14032","targetHints":{"allow":["GET"]}}],"collection":[{"href":"https:\/\/asbhp.pl\/index.php?rest_route=\/wp\/v2\/product"}],"about":[{"href":"https:\/\/asbhp.pl\/index.php?rest_route=\/wp\/v2\/types\/product"}],"replies":[{"embeddable":true,"href":"https:\/\/asbhp.pl\/index.php?rest_route=%2Fwp%2Fv2%2Fcomments&post=14032"}],"wp:featuredmedia":[{"embeddable":true,"href":"https:\/\/asbhp.pl\/index.php?rest_route=\/wp\/v2\/media\/20443"}],"wp:attachment":[{"href":"https:\/\/asbhp.pl\/index.php?rest_route=%2Fwp%2Fv2%2Fmedia&parent=14032"}],"wp:term":[{"taxonomy":"product_brand","embeddable":true,"href":"https:\/\/asbhp.pl\/index.php?rest_route=%2Fwp%2Fv2%2Fproduct_brand&post=14032"},{"taxonomy":"product_cat","embeddable":true,"href":"https:\/\/asbhp.pl\/index.php?rest_route=%2Fwp%2Fv2%2Fproduct_cat&post=14032"},{"taxonomy":"product_tag","embeddable":true,"href":"https:\/\/asbhp.pl\/index.php?rest_route=%2Fwp%2Fv2%2Fproduct_tag&post=14032"}],"curies":[{"name":"wp","href":"https:\/\/api.w.org\/{rel}","templated":true}]}}