{"id":14156,"date":"2025-10-10T09:04:23","date_gmt":"2025-10-10T07:04:23","guid":{"rendered":"https:\/\/asbhp.pl\/produkt\/spodnie-robocze-canvas\/"},"modified":"2025-10-10T09:04:32","modified_gmt":"2025-10-10T07:04:32","slug":"s-czarny-3","status":"publish","type":"product","link":"https:\/\/asbhp.pl\/?product=s-czarny-3","title":{"rendered":"S Czarny"},"content":{"rendered":"<ul>\n<li>wykonane z wysokogatunkowej polibawe\u0142ny p\u0142\u00f3ciennej<\/li>\n<li>elastyczny klin w kroku, 4 kierunkowy<\/li>\n<li>kryte szwy wewn\u0105trz<\/li>\n<li>TEFLON &#8211; apretura tkaniny<\/li>\n<li>certyfikat Oeko-Tex<\/li>\n<li>mocny, metalowy zamek YKK<\/li>\n<li>wentylacja z siateczki na zamek z 2 stron<\/li>\n<li>kieszenie na kolanach z CORDURA na wk\u0142adki piankowe z PU<\/li>\n<li>kieszenie monterskie odpinane na zamek YKK<\/li>\n<li>liczne, funkcjonalne kieszenie z CORDURA<\/li>\n<li>ta\u015bma wzmacniaj\u0105ca pas &#8211; gurt spodniowy z gumk\u0105 antypo\u015blizgow\u0105<\/li>\n<\/ul>\n","protected":false},"excerpt":{"rendered":"<p>wykonane z wysokogatunkowej polibawe\u0142ny p\u0142\u00f3ciennej elastyczny klin w kroku, 4 kierunkowy kryte szwy wewn\u0105trz TEFLON &#8211; apretura tkaniny certyfikat Oeko-Tex mocny, metalowy zamek YKK wentylacja z siateczki na zamek z 2 stron kieszenie na kolanach z CORDURA na wk\u0142adki piankowe z PU kieszenie monterskie odpinane na zamek YKK liczne, funkcjonalne kieszenie z CORDURA ta\u015bma wzmacniaj\u0105ca [&hellip;]<\/p>\n","protected":false},"featured_media":20460,"comment_status":"closed","ping_status":"open","template":"","meta":[],"product_brand":[483],"product_cat":[440,442],"product_tag":[],"class_list":{"0":"post-14156","1":"product","2":"type-product","3":"status-publish","4":"has-post-thumbnail","6":"product_brand-stalco-perfect","7":"product_cat-odziez-robocza","8":"product_cat-spodnie-robocze","9":"pa_kolor-czarny","10":"pa_producent-stalco-perfect","11":"pa_rozmiar-2xl","12":"pa_rozmiar-l","13":"pa_rozmiar-m","14":"pa_rozmiar-s","15":"pa_rozmiar-xl","16":"pa_waga-1-21","17":"pa_waga-1-3","18":"pa_waga-1-33","19":"pa_waga-1-506","20":"pa_waga-1-52","22":"first","23":"instock","24":"shipping-taxable","25":"purchasable","26":"product-type-variable","27":"has-default-attributes"},"_links":{"self":[{"href":"https:\/\/asbhp.pl\/index.php?rest_route=\/wp\/v2\/product\/14156","targetHints":{"allow":["GET"]}}],"collection":[{"href":"https:\/\/asbhp.pl\/index.php?rest_route=\/wp\/v2\/product"}],"about":[{"href":"https:\/\/asbhp.pl\/index.php?rest_route=\/wp\/v2\/types\/product"}],"replies":[{"embeddable":true,"href":"https:\/\/asbhp.pl\/index.php?rest_route=%2Fwp%2Fv2%2Fcomments&post=14156"}],"wp:featuredmedia":[{"embeddable":true,"href":"https:\/\/asbhp.pl\/index.php?rest_route=\/wp\/v2\/media\/20460"}],"wp:attachment":[{"href":"https:\/\/asbhp.pl\/index.php?rest_route=%2Fwp%2Fv2%2Fmedia&parent=14156"}],"wp:term":[{"taxonomy":"product_brand","embeddable":true,"href":"https:\/\/asbhp.pl\/index.php?rest_route=%2Fwp%2Fv2%2Fproduct_brand&post=14156"},{"taxonomy":"product_cat","embeddable":true,"href":"https:\/\/asbhp.pl\/index.php?rest_route=%2Fwp%2Fv2%2Fproduct_cat&post=14156"},{"taxonomy":"product_tag","embeddable":true,"href":"https:\/\/asbhp.pl\/index.php?rest_route=%2Fwp%2Fv2%2Fproduct_tag&post=14156"}],"curies":[{"name":"wp","href":"https:\/\/api.w.org\/{rel}","templated":true}]}}