{"id":14180,"date":"2025-10-10T09:04:23","date_gmt":"2025-10-10T07:04:23","guid":{"rendered":"https:\/\/asbhp.pl\/produkt\/spodnie-robocze-jeansowe-jean\/"},"modified":"2025-10-10T09:04:32","modified_gmt":"2025-10-10T07:04:32","slug":"s-granatowy-2","status":"publish","type":"product","link":"https:\/\/asbhp.pl\/?product=s-granatowy-2","title":{"rendered":"S Granatowy"},"content":{"rendered":"<ul>\n<li>jeansy o klasycznym kroju i wygl\u0105dzie<\/li>\n<li>wzmocniony, elastyczny materia\u0142 bawe\u0142niany<\/li>\n<li>d\u00f3\u0142 nogawek z tkaniny CORDURA, wyd\u0142u\u017cany o 4 cm wzmocnienia nitami i ryglami<\/li>\n<li>potr\u00f3jne szwy<\/li>\n<li>odblask3M Scotch lite<\/li>\n<li>rozporek- metalowy zamek YKK<\/li>\n<li>kieszenie na kolanach z CORDURA na wk\u0142adki piankowe 74 funkcjonalnych kieszeni i przegr\u00f3d<\/li>\n<li>elastyczny pas \u201eStretch Be\u0142t&#8221;<\/li>\n<\/ul>\n","protected":false},"excerpt":{"rendered":"<p>jeansy o klasycznym kroju i wygl\u0105dzie wzmocniony, elastyczny materia\u0142 bawe\u0142niany d\u00f3\u0142 nogawek z tkaniny CORDURA, wyd\u0142u\u017cany o 4 cm wzmocnienia nitami i ryglami potr\u00f3jne szwy odblask3M Scotch lite rozporek- metalowy zamek YKK kieszenie na kolanach z CORDURA na wk\u0142adki piankowe 74 funkcjonalnych kieszeni i przegr\u00f3d elastyczny pas \u201eStretch Be\u0142t&#8221;<\/p>\n","protected":false},"featured_media":20464,"comment_status":"closed","ping_status":"open","template":"","meta":[],"product_brand":[483],"product_cat":[440,442],"product_tag":[],"class_list":{"0":"post-14180","1":"product","2":"type-product","3":"status-publish","4":"has-post-thumbnail","6":"product_brand-stalco-perfect","7":"product_cat-odziez-robocza","8":"product_cat-spodnie-robocze","9":"pa_kolor-granatowy","10":"pa_producent-stalco-perfect","11":"pa_rozmiar-2xl","12":"pa_rozmiar-3xl","13":"pa_rozmiar-4xl","14":"pa_rozmiar-l","15":"pa_rozmiar-m","16":"pa_rozmiar-s","17":"pa_rozmiar-xl","18":"pa_waga-1-01","19":"pa_waga-1-035","20":"pa_waga-1-055","21":"pa_waga-1-065","22":"pa_waga-1-115","23":"pa_waga-1-15","25":"first","26":"instock","27":"shipping-taxable","28":"purchasable","29":"product-type-variable","30":"has-default-attributes"},"_links":{"self":[{"href":"https:\/\/asbhp.pl\/index.php?rest_route=\/wp\/v2\/product\/14180","targetHints":{"allow":["GET"]}}],"collection":[{"href":"https:\/\/asbhp.pl\/index.php?rest_route=\/wp\/v2\/product"}],"about":[{"href":"https:\/\/asbhp.pl\/index.php?rest_route=\/wp\/v2\/types\/product"}],"replies":[{"embeddable":true,"href":"https:\/\/asbhp.pl\/index.php?rest_route=%2Fwp%2Fv2%2Fcomments&post=14180"}],"wp:featuredmedia":[{"embeddable":true,"href":"https:\/\/asbhp.pl\/index.php?rest_route=\/wp\/v2\/media\/20464"}],"wp:attachment":[{"href":"https:\/\/asbhp.pl\/index.php?rest_route=%2Fwp%2Fv2%2Fmedia&parent=14180"}],"wp:term":[{"taxonomy":"product_brand","embeddable":true,"href":"https:\/\/asbhp.pl\/index.php?rest_route=%2Fwp%2Fv2%2Fproduct_brand&post=14180"},{"taxonomy":"product_cat","embeddable":true,"href":"https:\/\/asbhp.pl\/index.php?rest_route=%2Fwp%2Fv2%2Fproduct_cat&post=14180"},{"taxonomy":"product_tag","embeddable":true,"href":"https:\/\/asbhp.pl\/index.php?rest_route=%2Fwp%2Fv2%2Fproduct_tag&post=14180"}],"curies":[{"name":"wp","href":"https:\/\/api.w.org\/{rel}","templated":true}]}}