{"id":14206,"date":"2025-10-10T09:04:32","date_gmt":"2025-10-10T07:04:32","guid":{"rendered":"https:\/\/asbhp.pl\/produkt\/spodnie-robocze-szorty-basic-line\/"},"modified":"2025-10-10T09:04:46","modified_gmt":"2025-10-10T07:04:46","slug":"s-szary-7","status":"publish","type":"product","link":"https:\/\/asbhp.pl\/?product=s-szary-7","title":{"rendered":"S Szary"},"content":{"rendered":"<ul>\n<li>uniwersalny kr\u00f3j<\/li>\n<li>wzmocnienia materia\u0142em OXFORD 600D<\/li>\n<li>potr\u00f3jne szwy<\/li>\n<li>rygle wzmacniaj\u0105ce szwy<\/li>\n<li>elementy odblaskowe<\/li>\n<li>certyfikat Oeko-Tex<\/li>\n<li>mocny, metalowy zamek<\/li>\n<li>liczne, funkcjonalne kieszenie<\/li>\n<li>gumka w pasie<\/li>\n<li>mocny, nabijany guzik<\/li>\n<li>uchwyt na klucze &#8211; p\u00f3\u0142kole z tworzywa<\/li>\n<\/ul>\n","protected":false},"excerpt":{"rendered":"<p>uniwersalny kr\u00f3j wzmocnienia materia\u0142em OXFORD 600D potr\u00f3jne szwy rygle wzmacniaj\u0105ce szwy elementy odblaskowe certyfikat Oeko-Tex mocny, metalowy zamek liczne, funkcjonalne kieszenie gumka w pasie mocny, nabijany guzik uchwyt na klucze &#8211; p\u00f3\u0142kole z tworzywa<\/p>\n","protected":false},"featured_media":20492,"comment_status":"closed","ping_status":"open","template":"","meta":[],"product_brand":[416],"product_cat":[440,523,524],"product_tag":[],"class_list":{"0":"post-14206","1":"product","2":"type-product","3":"status-publish","4":"has-post-thumbnail","6":"product_brand-stalco","7":"product_cat-odziez-robocza","8":"product_cat-szorty","9":"product_cat-szorty-robocze","10":"pa_kolor-czarny","11":"pa_kolor-granatowy","12":"pa_kolor-szary","13":"pa_producent-stalco","14":"pa_rozmiar-2xl","15":"pa_rozmiar-3xl","16":"pa_rozmiar-4xl","17":"pa_rozmiar-l","18":"pa_rozmiar-m","19":"pa_rozmiar-s","20":"pa_rozmiar-xl","21":"pa_waga-0-51","22":"pa_waga-0-54","23":"pa_waga-0-55","24":"pa_waga-0-57","25":"pa_waga-0-58","26":"pa_waga-0-62","27":"pa_waga-0-63","28":"pa_waga-0-64","29":"pa_waga-0-65","30":"pa_waga-0-66","31":"pa_waga-0-67","32":"pa_waga-0-68","33":"pa_waga-0-7","34":"pa_waga-0-71","36":"first","37":"instock","38":"shipping-taxable","39":"purchasable","40":"product-type-variable","41":"has-default-attributes"},"_links":{"self":[{"href":"https:\/\/asbhp.pl\/index.php?rest_route=\/wp\/v2\/product\/14206","targetHints":{"allow":["GET"]}}],"collection":[{"href":"https:\/\/asbhp.pl\/index.php?rest_route=\/wp\/v2\/product"}],"about":[{"href":"https:\/\/asbhp.pl\/index.php?rest_route=\/wp\/v2\/types\/product"}],"replies":[{"embeddable":true,"href":"https:\/\/asbhp.pl\/index.php?rest_route=%2Fwp%2Fv2%2Fcomments&post=14206"}],"wp:featuredmedia":[{"embeddable":true,"href":"https:\/\/asbhp.pl\/index.php?rest_route=\/wp\/v2\/media\/20492"}],"wp:attachment":[{"href":"https:\/\/asbhp.pl\/index.php?rest_route=%2Fwp%2Fv2%2Fmedia&parent=14206"}],"wp:term":[{"taxonomy":"product_brand","embeddable":true,"href":"https:\/\/asbhp.pl\/index.php?rest_route=%2Fwp%2Fv2%2Fproduct_brand&post=14206"},{"taxonomy":"product_cat","embeddable":true,"href":"https:\/\/asbhp.pl\/index.php?rest_route=%2Fwp%2Fv2%2Fproduct_cat&post=14206"},{"taxonomy":"product_tag","embeddable":true,"href":"https:\/\/asbhp.pl\/index.php?rest_route=%2Fwp%2Fv2%2Fproduct_tag&post=14206"}],"curies":[{"name":"wp","href":"https:\/\/api.w.org\/{rel}","templated":true}]}}