{"id":14248,"date":"2025-10-10T09:04:23","date_gmt":"2025-10-10T07:04:23","guid":{"rendered":"https:\/\/asbhp.pl\/produkt\/spodnie-zimowe-winter-basic-line\/"},"modified":"2025-10-10T09:04:46","modified_gmt":"2025-10-10T07:04:46","slug":"s-szary-6","status":"publish","type":"product","link":"https:\/\/asbhp.pl\/?product=s-szary-6","title":{"rendered":"S Szary"},"content":{"rendered":"<ul>\n<li>materia\u0142 z bawe\u0142n\u0105<\/li>\n<li>ocieplenie wype\u0142nieniem<\/li>\n<li>potr\u00f3jne szwy<\/li>\n<li>rygle wzmacniaj\u0105ce szwy<\/li>\n<li>elementy odblaskowe<\/li>\n<li>metalowy zamek w rozporku<\/li>\n<li>liczne, funkcjonalne kieszenie z OXFORD 300D<\/li>\n<li>gumka w pasie<\/li>\n<li>mocny, nabijany guzik<\/li>\n<\/ul>\n","protected":false},"excerpt":{"rendered":"<p>materia\u0142 z bawe\u0142n\u0105 ocieplenie wype\u0142nieniem potr\u00f3jne szwy rygle wzmacniaj\u0105ce szwy elementy odblaskowe metalowy zamek w rozporku liczne, funkcjonalne kieszenie z OXFORD 300D gumka w pasie mocny, nabijany guzik<\/p>\n","protected":false},"featured_media":20482,"comment_status":"closed","ping_status":"open","template":"","meta":[],"product_brand":[416],"product_cat":[440,535],"product_tag":[],"class_list":{"0":"post-14248","1":"product","2":"type-product","3":"status-publish","4":"has-post-thumbnail","6":"product_brand-stalco","7":"product_cat-odziez-robocza","8":"product_cat-spodnie-robocze-ocieplane","9":"pa_kolor-szary","10":"pa_producent-stalco","11":"pa_rozmiar-2xl","12":"pa_rozmiar-3xl","13":"pa_rozmiar-4xl","14":"pa_rozmiar-l","15":"pa_rozmiar-m","16":"pa_rozmiar-s","17":"pa_rozmiar-xl","18":"pa_waga-0-92","19":"pa_waga-0-95","20":"pa_waga-0-97","21":"pa_waga-467","22":"pa_waga-1-03","23":"pa_waga-1-06","24":"pa_waga-1-09","26":"first","27":"instock","28":"shipping-taxable","29":"purchasable","30":"product-type-variable","31":"has-default-attributes"},"_links":{"self":[{"href":"https:\/\/asbhp.pl\/index.php?rest_route=\/wp\/v2\/product\/14248","targetHints":{"allow":["GET"]}}],"collection":[{"href":"https:\/\/asbhp.pl\/index.php?rest_route=\/wp\/v2\/product"}],"about":[{"href":"https:\/\/asbhp.pl\/index.php?rest_route=\/wp\/v2\/types\/product"}],"replies":[{"embeddable":true,"href":"https:\/\/asbhp.pl\/index.php?rest_route=%2Fwp%2Fv2%2Fcomments&post=14248"}],"wp:featuredmedia":[{"embeddable":true,"href":"https:\/\/asbhp.pl\/index.php?rest_route=\/wp\/v2\/media\/20482"}],"wp:attachment":[{"href":"https:\/\/asbhp.pl\/index.php?rest_route=%2Fwp%2Fv2%2Fmedia&parent=14248"}],"wp:term":[{"taxonomy":"product_brand","embeddable":true,"href":"https:\/\/asbhp.pl\/index.php?rest_route=%2Fwp%2Fv2%2Fproduct_brand&post=14248"},{"taxonomy":"product_cat","embeddable":true,"href":"https:\/\/asbhp.pl\/index.php?rest_route=%2Fwp%2Fv2%2Fproduct_cat&post=14248"},{"taxonomy":"product_tag","embeddable":true,"href":"https:\/\/asbhp.pl\/index.php?rest_route=%2Fwp%2Fv2%2Fproduct_tag&post=14248"}],"curies":[{"name":"wp","href":"https:\/\/api.w.org\/{rel}","templated":true}]}}