{"id":14309,"date":"2025-10-10T09:04:32","date_gmt":"2025-10-10T07:04:32","guid":{"rendered":"https:\/\/asbhp.pl\/produkt\/spodnie-robocze-szorty-summer-line\/"},"modified":"2025-10-10T09:04:46","modified_gmt":"2025-10-10T07:04:46","slug":"s-bezowy-2","status":"publish","type":"product","link":"https:\/\/asbhp.pl\/?product=s-bezowy-2","title":{"rendered":"S Be\u017cowy"},"content":{"rendered":"<ul>\n<li>wysokiej jako\u015bci twill z bawe\u0142n\u0105<\/li>\n<li>potr\u00f3jne szwy<\/li>\n<li>rygle wzmacniaj\u0105ce szwy<\/li>\n<li>klin w kroku<\/li>\n<li>elementy odblaskowe<\/li>\n<li>elementy kontrastowe<\/li>\n<li>rozporek &#8211; kostkowy zamek YKK<\/li>\n<li>wentylacja na nogawkach<\/li>\n<li>liczne, funkcjonalne kieszenie wzmocnione OXFORD 600D<\/li>\n<li>kieszenie monterskie odpinane na zamek<\/li>\n<\/ul>\n","protected":false},"excerpt":{"rendered":"<p>wysokiej jako\u015bci twill z bawe\u0142n\u0105 potr\u00f3jne szwy rygle wzmacniaj\u0105ce szwy klin w kroku elementy odblaskowe elementy kontrastowe rozporek &#8211; kostkowy zamek YKK wentylacja na nogawkach liczne, funkcjonalne kieszenie wzmocnione OXFORD 600D kieszenie monterskie odpinane na zamek<\/p>\n","protected":false},"featured_media":20516,"comment_status":"closed","ping_status":"open","template":"","meta":[],"product_brand":[416],"product_cat":[440,523,524],"product_tag":[],"class_list":{"0":"post-14309","1":"product","2":"type-product","3":"status-publish","4":"has-post-thumbnail","6":"product_brand-stalco","7":"product_cat-odziez-robocza","8":"product_cat-szorty","9":"product_cat-szorty-robocze","10":"pa_kolor-bezowy","11":"pa_producent-stalco","12":"pa_rozmiar-2xl","13":"pa_rozmiar-3xl","14":"pa_rozmiar-l","15":"pa_rozmiar-ls","16":"pa_rozmiar-m","17":"pa_rozmiar-s","18":"pa_rozmiar-xl","19":"pa_waga-0-68","20":"pa_waga-0-685","21":"pa_waga-0-7","22":"pa_waga-0-725","23":"pa_waga-0-73","24":"pa_waga-0-74","26":"first","27":"instock","28":"shipping-taxable","29":"purchasable","30":"product-type-variable","31":"has-default-attributes"},"_links":{"self":[{"href":"https:\/\/asbhp.pl\/index.php?rest_route=\/wp\/v2\/product\/14309","targetHints":{"allow":["GET"]}}],"collection":[{"href":"https:\/\/asbhp.pl\/index.php?rest_route=\/wp\/v2\/product"}],"about":[{"href":"https:\/\/asbhp.pl\/index.php?rest_route=\/wp\/v2\/types\/product"}],"replies":[{"embeddable":true,"href":"https:\/\/asbhp.pl\/index.php?rest_route=%2Fwp%2Fv2%2Fcomments&post=14309"}],"wp:featuredmedia":[{"embeddable":true,"href":"https:\/\/asbhp.pl\/index.php?rest_route=\/wp\/v2\/media\/20516"}],"wp:attachment":[{"href":"https:\/\/asbhp.pl\/index.php?rest_route=%2Fwp%2Fv2%2Fmedia&parent=14309"}],"wp:term":[{"taxonomy":"product_brand","embeddable":true,"href":"https:\/\/asbhp.pl\/index.php?rest_route=%2Fwp%2Fv2%2Fproduct_brand&post=14309"},{"taxonomy":"product_cat","embeddable":true,"href":"https:\/\/asbhp.pl\/index.php?rest_route=%2Fwp%2Fv2%2Fproduct_cat&post=14309"},{"taxonomy":"product_tag","embeddable":true,"href":"https:\/\/asbhp.pl\/index.php?rest_route=%2Fwp%2Fv2%2Fproduct_tag&post=14309"}],"curies":[{"name":"wp","href":"https:\/\/api.w.org\/{rel}","templated":true}]}}