{"id":14337,"date":"2025-10-10T09:04:32","date_gmt":"2025-10-10T07:04:32","guid":{"rendered":"https:\/\/asbhp.pl\/produkt\/spodnie-robocze-szorty-flex-line\/"},"modified":"2025-10-10T09:04:46","modified_gmt":"2025-10-10T07:04:46","slug":"s-szary-8","status":"publish","type":"product","link":"https:\/\/asbhp.pl\/?product=s-szary-8","title":{"rendered":"S Szary"},"content":{"rendered":"<ul>\n<li>profesjonalny kr\u00f3j slim fit<\/li>\n<li>wytrzyma\u0142y materia\u0142 RIP-STOP<\/li>\n<li>elastyczny materia\u0142 z bawe\u0142n\u0105<\/li>\n<li>wzmocnienie podw\u00f3jn\u0105 \u0142at\u0105 w kroku<\/li>\n<li>elementy odblaskowe 3M Scotchlite<\/li>\n<li>TEFLON &#8211; apretura tkaniny<\/li>\n<li>liczne, funkcjonalne kieszenie z CORDURA<\/li>\n<li>3 kieszenie na wodoodporny zamek odblaskowy<\/li>\n<li>kiesze\u0144 na narz\u0119dzia z CORDURA<\/li>\n<li>1 szeroka szlufka na rzep<\/li>\n<li>STRETCH BELT &#8211; elastyczny pas<\/li>\n<\/ul>\n","protected":false},"excerpt":{"rendered":"<p>profesjonalny kr\u00f3j slim fit wytrzyma\u0142y materia\u0142 RIP-STOP elastyczny materia\u0142 z bawe\u0142n\u0105 wzmocnienie podw\u00f3jn\u0105 \u0142at\u0105 w kroku elementy odblaskowe 3M Scotchlite TEFLON &#8211; apretura tkaniny liczne, funkcjonalne kieszenie z CORDURA 3 kieszenie na wodoodporny zamek odblaskowy kiesze\u0144 na narz\u0119dzia z CORDURA 1 szeroka szlufka na rzep STRETCH BELT &#8211; elastyczny pas<\/p>\n","protected":false},"featured_media":20527,"comment_status":"closed","ping_status":"open","template":"","meta":[],"product_brand":[483],"product_cat":[440,523,524],"product_tag":[],"class_list":{"0":"post-14337","1":"product","2":"type-product","3":"status-publish","4":"has-post-thumbnail","6":"product_brand-stalco-perfect","7":"product_cat-odziez-robocza","8":"product_cat-szorty","9":"product_cat-szorty-robocze","10":"pa_kolor-szary","11":"pa_producent-stalco-perfect","12":"pa_rozmiar-2xl","13":"pa_rozmiar-3xl","14":"pa_rozmiar-l","15":"pa_rozmiar-ls","16":"pa_rozmiar-m","17":"pa_rozmiar-s","18":"pa_rozmiar-xl","19":"pa_waga-0-75","21":"first","22":"instock","23":"shipping-taxable","24":"purchasable","25":"product-type-variable","26":"has-default-attributes"},"_links":{"self":[{"href":"https:\/\/asbhp.pl\/index.php?rest_route=\/wp\/v2\/product\/14337","targetHints":{"allow":["GET"]}}],"collection":[{"href":"https:\/\/asbhp.pl\/index.php?rest_route=\/wp\/v2\/product"}],"about":[{"href":"https:\/\/asbhp.pl\/index.php?rest_route=\/wp\/v2\/types\/product"}],"replies":[{"embeddable":true,"href":"https:\/\/asbhp.pl\/index.php?rest_route=%2Fwp%2Fv2%2Fcomments&post=14337"}],"wp:featuredmedia":[{"embeddable":true,"href":"https:\/\/asbhp.pl\/index.php?rest_route=\/wp\/v2\/media\/20527"}],"wp:attachment":[{"href":"https:\/\/asbhp.pl\/index.php?rest_route=%2Fwp%2Fv2%2Fmedia&parent=14337"}],"wp:term":[{"taxonomy":"product_brand","embeddable":true,"href":"https:\/\/asbhp.pl\/index.php?rest_route=%2Fwp%2Fv2%2Fproduct_brand&post=14337"},{"taxonomy":"product_cat","embeddable":true,"href":"https:\/\/asbhp.pl\/index.php?rest_route=%2Fwp%2Fv2%2Fproduct_cat&post=14337"},{"taxonomy":"product_tag","embeddable":true,"href":"https:\/\/asbhp.pl\/index.php?rest_route=%2Fwp%2Fv2%2Fproduct_tag&post=14337"}],"curies":[{"name":"wp","href":"https:\/\/api.w.org\/{rel}","templated":true}]}}