{"id":14366,"date":"2025-10-10T09:04:46","date_gmt":"2025-10-10T07:04:46","guid":{"rendered":"https:\/\/asbhp.pl\/produkt\/spodnie-robocze-szorty-stretch-line\/"},"modified":"2025-10-10T09:04:56","modified_gmt":"2025-10-10T07:04:56","slug":"s-czarny-4","status":"publish","type":"product","link":"https:\/\/asbhp.pl\/?product=s-czarny-4","title":{"rendered":"S Czarny"},"content":{"rendered":"<ul>\n<li>wysokiej jako\u015bci softshellowy, elastyczny materia\u0142<\/li>\n<li>wysoka jako\u015b\u0107 odszycia<\/li>\n<li>elastyczny klin w kroku, 4-kierunkowy stretch<\/li>\n<li>elementy odblaskowe 3M Scotchlite<\/li>\n<li>liczne, funkcjonalne kieszenie z CORDURA<\/li>\n<li>w tym:<\/li>\n<li>uniwersalna kiesze\u0144 miechowa z CORDURA<\/li>\n<li>kieszonka na przodzie na no\u017cyk<\/li>\n<li>kiesze\u0144 na zamek odblaskowy<\/li>\n<li>2 kieszenie z ty\u0142u miechowe CORDURA<\/li>\n<li>elastyczny pas &#8220;stretch belt&#8221;<\/li>\n<\/ul>\n","protected":false},"excerpt":{"rendered":"<p>wysokiej jako\u015bci softshellowy, elastyczny materia\u0142 wysoka jako\u015b\u0107 odszycia elastyczny klin w kroku, 4-kierunkowy stretch elementy odblaskowe 3M Scotchlite liczne, funkcjonalne kieszenie z CORDURA w tym: uniwersalna kiesze\u0144 miechowa z CORDURA kieszonka na przodzie na no\u017cyk kiesze\u0144 na zamek odblaskowy 2 kieszenie z ty\u0142u miechowe CORDURA elastyczny pas &#8220;stretch belt&#8221;<\/p>\n","protected":false},"featured_media":20538,"comment_status":"closed","ping_status":"open","template":"","meta":[],"product_brand":[483],"product_cat":[440,523,524],"product_tag":[],"class_list":{"0":"post-14366","1":"product","2":"type-product","3":"status-publish","4":"has-post-thumbnail","6":"product_brand-stalco-perfect","7":"product_cat-odziez-robocza","8":"product_cat-szorty","9":"product_cat-szorty-robocze","10":"pa_kolor-czarny","11":"pa_kolor-oliwkowy","12":"pa_producent-stalco-perfect","13":"pa_rozmiar-2xl","14":"pa_rozmiar-3xl","15":"pa_rozmiar-l","16":"pa_rozmiar-m","17":"pa_rozmiar-s","18":"pa_rozmiar-xl","19":"pa_waga-0-74","20":"pa_waga-0-75","21":"pa_waga-0-77","22":"pa_waga-0-78","23":"pa_waga-0-79","24":"pa_waga-0-8","26":"first","27":"instock","28":"shipping-taxable","29":"purchasable","30":"product-type-variable","31":"has-default-attributes"},"_links":{"self":[{"href":"https:\/\/asbhp.pl\/index.php?rest_route=\/wp\/v2\/product\/14366","targetHints":{"allow":["GET"]}}],"collection":[{"href":"https:\/\/asbhp.pl\/index.php?rest_route=\/wp\/v2\/product"}],"about":[{"href":"https:\/\/asbhp.pl\/index.php?rest_route=\/wp\/v2\/types\/product"}],"replies":[{"embeddable":true,"href":"https:\/\/asbhp.pl\/index.php?rest_route=%2Fwp%2Fv2%2Fcomments&post=14366"}],"wp:featuredmedia":[{"embeddable":true,"href":"https:\/\/asbhp.pl\/index.php?rest_route=\/wp\/v2\/media\/20538"}],"wp:attachment":[{"href":"https:\/\/asbhp.pl\/index.php?rest_route=%2Fwp%2Fv2%2Fmedia&parent=14366"}],"wp:term":[{"taxonomy":"product_brand","embeddable":true,"href":"https:\/\/asbhp.pl\/index.php?rest_route=%2Fwp%2Fv2%2Fproduct_brand&post=14366"},{"taxonomy":"product_cat","embeddable":true,"href":"https:\/\/asbhp.pl\/index.php?rest_route=%2Fwp%2Fv2%2Fproduct_cat&post=14366"},{"taxonomy":"product_tag","embeddable":true,"href":"https:\/\/asbhp.pl\/index.php?rest_route=%2Fwp%2Fv2%2Fproduct_tag&post=14366"}],"curies":[{"name":"wp","href":"https:\/\/api.w.org\/{rel}","templated":true}]}}