{"id":14372,"date":"2025-10-10T09:04:46","date_gmt":"2025-10-10T07:04:46","guid":{"rendered":"https:\/\/asbhp.pl\/produkt\/spodnie-ogrodniczki-basic-line\/"},"modified":"2025-10-10T09:04:56","modified_gmt":"2025-10-10T07:04:56","slug":"s-szary-9","status":"publish","type":"product","link":"https:\/\/asbhp.pl\/?product=s-szary-9","title":{"rendered":"S Szary"},"content":{"rendered":"<ul>\n<li>uniwersalny kr\u00f3j<\/li>\n<li>potr\u00f3jne szwy<\/li>\n<li>nogawki do wyd\u0142u\u017cenia o 4cm<\/li>\n<li>rygle wzmacniaj\u0105ce szwy<\/li>\n<li>elementy odblaskowe<\/li>\n<li>certyfikat Oeko-Tex<\/li>\n<li>mocny, platikowe zapi\u0119cia<\/li>\n<li>kieszenie na kolanach z OXFORD 600D na wk\u0142adki piankowe<\/li>\n<li>liczne, funkcjonalne kieszenie<\/li>\n<li>uchwyt na klucze &#8211; p\u00f3\u0142kole z tworzywa<\/li>\n<\/ul>\n","protected":false},"excerpt":{"rendered":"<p>uniwersalny kr\u00f3j potr\u00f3jne szwy nogawki do wyd\u0142u\u017cenia o 4cm rygle wzmacniaj\u0105ce szwy elementy odblaskowe certyfikat Oeko-Tex mocny, platikowe zapi\u0119cia kieszenie na kolanach z OXFORD 600D na wk\u0142adki piankowe liczne, funkcjonalne kieszenie uchwyt na klucze &#8211; p\u00f3\u0142kole z tworzywa<\/p>\n","protected":false},"featured_media":20543,"comment_status":"closed","ping_status":"open","template":"","meta":[],"product_brand":[416],"product_cat":[440,543],"product_tag":[],"class_list":{"0":"post-14372","1":"product","2":"type-product","3":"status-publish","4":"has-post-thumbnail","6":"product_brand-stalco","7":"product_cat-odziez-robocza","8":"product_cat-ogrodniczki-robocze","9":"pa_kolor-czarny","10":"pa_kolor-granatowy","11":"pa_kolor-szary","12":"pa_producent-stalco","13":"pa_rozmiar-2xl","14":"pa_rozmiar-3xl","15":"pa_rozmiar-4xl","16":"pa_rozmiar-l","17":"pa_rozmiar-m","18":"pa_rozmiar-s","19":"pa_rozmiar-xl","20":"pa_waga-0-8","21":"pa_waga-0-94","22":"pa_waga-0-96","23":"pa_waga-0-98","24":"pa_waga-467","25":"pa_waga-1-016","26":"pa_waga-1-02","27":"pa_waga-1-037","28":"pa_waga-1-04","29":"pa_waga-1-068","30":"pa_waga-1-07","31":"pa_waga-1-09","32":"pa_waga-1-1","33":"pa_waga-1-123","34":"pa_waga-1-135","35":"pa_waga-1-2","36":"pa_waga-1-24","38":"first","39":"instock","40":"shipping-taxable","41":"purchasable","42":"product-type-variable","43":"has-default-attributes"},"_links":{"self":[{"href":"https:\/\/asbhp.pl\/index.php?rest_route=\/wp\/v2\/product\/14372","targetHints":{"allow":["GET"]}}],"collection":[{"href":"https:\/\/asbhp.pl\/index.php?rest_route=\/wp\/v2\/product"}],"about":[{"href":"https:\/\/asbhp.pl\/index.php?rest_route=\/wp\/v2\/types\/product"}],"replies":[{"embeddable":true,"href":"https:\/\/asbhp.pl\/index.php?rest_route=%2Fwp%2Fv2%2Fcomments&post=14372"}],"wp:featuredmedia":[{"embeddable":true,"href":"https:\/\/asbhp.pl\/index.php?rest_route=\/wp\/v2\/media\/20543"}],"wp:attachment":[{"href":"https:\/\/asbhp.pl\/index.php?rest_route=%2Fwp%2Fv2%2Fmedia&parent=14372"}],"wp:term":[{"taxonomy":"product_brand","embeddable":true,"href":"https:\/\/asbhp.pl\/index.php?rest_route=%2Fwp%2Fv2%2Fproduct_brand&post=14372"},{"taxonomy":"product_cat","embeddable":true,"href":"https:\/\/asbhp.pl\/index.php?rest_route=%2Fwp%2Fv2%2Fproduct_cat&post=14372"},{"taxonomy":"product_tag","embeddable":true,"href":"https:\/\/asbhp.pl\/index.php?rest_route=%2Fwp%2Fv2%2Fproduct_tag&post=14372"}],"curies":[{"name":"wp","href":"https:\/\/api.w.org\/{rel}","templated":true}]}}