{"id":14450,"date":"2025-10-10T09:04:46","date_gmt":"2025-10-10T07:04:46","guid":{"rendered":"https:\/\/asbhp.pl\/produkt\/spodnie-ogrodniczki-industry-line\/"},"modified":"2025-10-10T09:05:08","modified_gmt":"2025-10-10T07:05:08","slug":"s-granatowy-4","status":"publish","type":"product","link":"https:\/\/asbhp.pl\/?product=s-granatowy-4","title":{"rendered":"S Granatowy"},"content":{"rendered":"<ul>\n<li>materia\u0142 bawe\u0142niany z elastanem<\/li>\n<li>potr\u00f3jne szwy<\/li>\n<li>d\u00f3\u0142 nogawek z OXFORD 300D do wyd\u0142u\u017cenia o 4,5cm<\/li>\n<li>rygle wzmacniaj\u0105ce szwy<\/li>\n<li>elementy odblaskowe<\/li>\n<li>kieszenie na kolanach z OXFORD 300D na wk\u0142adki piankowe<\/li>\n<li>funkcjonalne kieszenie ze wzmocnieniem z OXFORD 300D<\/li>\n<li>szelki cz\u0119\u015bciowo elastyczne<\/li>\n<li>zapi\u0119cia zatrzaskowe szelek z tworzywa<\/li>\n<li>2 kieszonki na poziomie klatki piersiowej zapinane na rzep<\/li>\n<\/ul>\n","protected":false},"excerpt":{"rendered":"<p>materia\u0142 bawe\u0142niany z elastanem potr\u00f3jne szwy d\u00f3\u0142 nogawek z OXFORD 300D do wyd\u0142u\u017cenia o 4,5cm rygle wzmacniaj\u0105ce szwy elementy odblaskowe kieszenie na kolanach z OXFORD 300D na wk\u0142adki piankowe funkcjonalne kieszenie ze wzmocnieniem z OXFORD 300D szelki cz\u0119\u015bciowo elastyczne zapi\u0119cia zatrzaskowe szelek z tworzywa 2 kieszonki na poziomie klatki piersiowej zapinane na rzep<\/p>\n","protected":false},"featured_media":20575,"comment_status":"closed","ping_status":"open","template":"","meta":[],"product_brand":[416],"product_cat":[440,543],"product_tag":[],"class_list":{"0":"post-14450","1":"product","2":"type-product","3":"status-publish","4":"has-post-thumbnail","6":"product_brand-stalco","7":"product_cat-odziez-robocza","8":"product_cat-ogrodniczki-robocze","9":"pa_kolor-granatowy","10":"pa_producent-stalco","11":"pa_rozmiar-2xl","12":"pa_rozmiar-l","13":"pa_rozmiar-ls","14":"pa_rozmiar-m","15":"pa_rozmiar-s","16":"pa_rozmiar-xl","17":"pa_waga-1-01","18":"pa_waga-1-02","19":"pa_waga-1-04","20":"pa_waga-1-07","21":"pa_waga-1-08","23":"first","24":"instock","25":"shipping-taxable","26":"purchasable","27":"product-type-variable","28":"has-default-attributes"},"_links":{"self":[{"href":"https:\/\/asbhp.pl\/index.php?rest_route=\/wp\/v2\/product\/14450","targetHints":{"allow":["GET"]}}],"collection":[{"href":"https:\/\/asbhp.pl\/index.php?rest_route=\/wp\/v2\/product"}],"about":[{"href":"https:\/\/asbhp.pl\/index.php?rest_route=\/wp\/v2\/types\/product"}],"replies":[{"embeddable":true,"href":"https:\/\/asbhp.pl\/index.php?rest_route=%2Fwp%2Fv2%2Fcomments&post=14450"}],"wp:featuredmedia":[{"embeddable":true,"href":"https:\/\/asbhp.pl\/index.php?rest_route=\/wp\/v2\/media\/20575"}],"wp:attachment":[{"href":"https:\/\/asbhp.pl\/index.php?rest_route=%2Fwp%2Fv2%2Fmedia&parent=14450"}],"wp:term":[{"taxonomy":"product_brand","embeddable":true,"href":"https:\/\/asbhp.pl\/index.php?rest_route=%2Fwp%2Fv2%2Fproduct_brand&post=14450"},{"taxonomy":"product_cat","embeddable":true,"href":"https:\/\/asbhp.pl\/index.php?rest_route=%2Fwp%2Fv2%2Fproduct_cat&post=14450"},{"taxonomy":"product_tag","embeddable":true,"href":"https:\/\/asbhp.pl\/index.php?rest_route=%2Fwp%2Fv2%2Fproduct_tag&post=14450"}],"curies":[{"name":"wp","href":"https:\/\/api.w.org\/{rel}","templated":true}]}}