{"id":14474,"date":"2025-10-10T09:04:56","date_gmt":"2025-10-10T07:04:56","guid":{"rendered":"https:\/\/asbhp.pl\/produkt\/spodnie-ogrodniczki-allround-line\/"},"modified":"2025-10-10T09:05:08","modified_gmt":"2025-10-10T07:05:08","slug":"s-bialy-5","status":"publish","type":"product","link":"https:\/\/asbhp.pl\/?product=s-bialy-5","title":{"rendered":"S Bia\u0142y"},"content":{"rendered":"<ul>\n<li>wysokiej jako\u015bci materia\u0142, z zawarto\u015bci\u0105 bawe\u0142ny<\/li>\n<li>klin w kroku<\/li>\n<li>potr\u00f3jne szwy<\/li>\n<li>nogawki z OXFORD 600D do wyd\u0142u\u017cenia o 5cm<\/li>\n<li>rygle wzmacniaj\u0105ce szwy<\/li>\n<li>elementy odblaskowe<\/li>\n<li>kieszenie na kolanach z OXFORD 600D na wk\u0142adki piankowe<\/li>\n<li>liczne, funkcjonalne kieszenie ze wzmocnieniem OXFORD 600D, w tym 5 miechowych<\/li>\n<li>szelki cz\u0119\u015bciowo elastyczne<\/li>\n<li>zapi\u0119cia zatrzaskowe szelek z tworzywa<\/li>\n<li>2 kieszonki na poziomie klatki piersiowej zapinane na zatrzaski<\/li>\n<\/ul>\n","protected":false},"excerpt":{"rendered":"<p>wysokiej jako\u015bci materia\u0142, z zawarto\u015bci\u0105 bawe\u0142ny klin w kroku potr\u00f3jne szwy nogawki z OXFORD 600D do wyd\u0142u\u017cenia o 5cm rygle wzmacniaj\u0105ce szwy elementy odblaskowe kieszenie na kolanach z OXFORD 600D na wk\u0142adki piankowe liczne, funkcjonalne kieszenie ze wzmocnieniem OXFORD 600D, w tym 5 miechowych szelki cz\u0119\u015bciowo elastyczne zapi\u0119cia zatrzaskowe szelek z tworzywa 2 kieszonki na [&hellip;]<\/p>\n","protected":false},"featured_media":20579,"comment_status":"closed","ping_status":"open","template":"","meta":[],"product_brand":[416],"product_cat":[440,543],"product_tag":[],"class_list":{"0":"post-14474","1":"product","2":"type-product","3":"status-publish","4":"has-post-thumbnail","6":"product_brand-stalco","7":"product_cat-odziez-robocza","8":"product_cat-ogrodniczki-robocze","9":"pa_kolor-bialy","10":"pa_kolor-szary","11":"pa_producent-stalco","12":"pa_rozmiar-2xl","13":"pa_rozmiar-3xl","14":"pa_rozmiar-l","15":"pa_rozmiar-ls","16":"pa_rozmiar-m","17":"pa_rozmiar-s","18":"pa_rozmiar-xl","19":"pa_waga-1-027","20":"pa_waga-1-075","21":"pa_waga-1-105","22":"pa_waga-1-12","23":"pa_waga-1-18","24":"pa_waga-1-23","25":"pa_waga-1-25","26":"pa_waga-1-275","27":"pa_waga-1-28","28":"pa_waga-1-29","29":"pa_waga-1-325","30":"pa_waga-1-33","31":"pa_waga-1-355","33":"first","34":"instock","35":"shipping-taxable","36":"purchasable","37":"product-type-variable","38":"has-default-attributes"},"_links":{"self":[{"href":"https:\/\/asbhp.pl\/index.php?rest_route=\/wp\/v2\/product\/14474","targetHints":{"allow":["GET"]}}],"collection":[{"href":"https:\/\/asbhp.pl\/index.php?rest_route=\/wp\/v2\/product"}],"about":[{"href":"https:\/\/asbhp.pl\/index.php?rest_route=\/wp\/v2\/types\/product"}],"replies":[{"embeddable":true,"href":"https:\/\/asbhp.pl\/index.php?rest_route=%2Fwp%2Fv2%2Fcomments&post=14474"}],"wp:featuredmedia":[{"embeddable":true,"href":"https:\/\/asbhp.pl\/index.php?rest_route=\/wp\/v2\/media\/20579"}],"wp:attachment":[{"href":"https:\/\/asbhp.pl\/index.php?rest_route=%2Fwp%2Fv2%2Fmedia&parent=14474"}],"wp:term":[{"taxonomy":"product_brand","embeddable":true,"href":"https:\/\/asbhp.pl\/index.php?rest_route=%2Fwp%2Fv2%2Fproduct_brand&post=14474"},{"taxonomy":"product_cat","embeddable":true,"href":"https:\/\/asbhp.pl\/index.php?rest_route=%2Fwp%2Fv2%2Fproduct_cat&post=14474"},{"taxonomy":"product_tag","embeddable":true,"href":"https:\/\/asbhp.pl\/index.php?rest_route=%2Fwp%2Fv2%2Fproduct_tag&post=14474"}],"curies":[{"name":"wp","href":"https:\/\/api.w.org\/{rel}","templated":true}]}}