{"id":14560,"date":"2025-10-10T09:04:56","date_gmt":"2025-10-10T07:04:56","guid":{"rendered":"https:\/\/asbhp.pl\/produkt\/spodnie-ogrodniczki-heavyline\/"},"modified":"2025-10-10T09:05:08","modified_gmt":"2025-10-10T07:05:08","slug":"s-szary-11","status":"publish","type":"product","link":"https:\/\/asbhp.pl\/?product=s-szary-11","title":{"rendered":"S Szary"},"content":{"rendered":"<ul>\n<li>profesjonalna konstrukcja<\/li>\n<li>elastyczny klin w kroku, 4-kierunkowy stretch<\/li>\n<li>potr\u00f3jne szwy<\/li>\n<li>d\u00f3\u0142 nogawek z CORDURA<\/li>\n<li>nogawki do wyd\u0142u\u017cenia o 4cm<\/li>\n<li>wentylacja na nogawkach<\/li>\n<li>kieszenie na kolanach z CORDURA na wk\u0142adki piankowe<\/li>\n<li>liczne, funkcjonalne kieszenie z CORDURA<\/li>\n<li>szelki cz\u0119\u015bciowo elastyczne<\/li>\n<li>2 kieszonki na poziomie klatki piersiowej zapinane na rzep<\/li>\n<\/ul>\n","protected":false},"excerpt":{"rendered":"<p>profesjonalna konstrukcja elastyczny klin w kroku, 4-kierunkowy stretch potr\u00f3jne szwy d\u00f3\u0142 nogawek z CORDURA nogawki do wyd\u0142u\u017cenia o 4cm wentylacja na nogawkach kieszenie na kolanach z CORDURA na wk\u0142adki piankowe liczne, funkcjonalne kieszenie z CORDURA szelki cz\u0119\u015bciowo elastyczne 2 kieszonki na poziomie klatki piersiowej zapinane na rzep<\/p>\n","protected":false},"featured_media":20600,"comment_status":"closed","ping_status":"open","template":"","meta":[],"product_brand":[483],"product_cat":[440,543],"product_tag":[],"class_list":{"0":"post-14560","1":"product","2":"type-product","3":"status-publish","4":"has-post-thumbnail","6":"product_brand-stalco-perfect","7":"product_cat-odziez-robocza","8":"product_cat-ogrodniczki-robocze","9":"pa_kolor-szary","10":"pa_producent-stalco-perfect","11":"pa_rozmiar-2xl","12":"pa_rozmiar-3xl","13":"pa_rozmiar-l","14":"pa_rozmiar-ls","15":"pa_rozmiar-m","16":"pa_rozmiar-s","17":"pa_rozmiar-xl","18":"pa_waga-1-25","19":"pa_waga-1-253","20":"pa_waga-1-32","21":"pa_waga-1-35","22":"pa_waga-1-36","23":"pa_waga-1-38","24":"pa_waga-1-4","26":"first","27":"instock","28":"shipping-taxable","29":"purchasable","30":"product-type-variable","31":"has-default-attributes"},"_links":{"self":[{"href":"https:\/\/asbhp.pl\/index.php?rest_route=\/wp\/v2\/product\/14560","targetHints":{"allow":["GET"]}}],"collection":[{"href":"https:\/\/asbhp.pl\/index.php?rest_route=\/wp\/v2\/product"}],"about":[{"href":"https:\/\/asbhp.pl\/index.php?rest_route=\/wp\/v2\/types\/product"}],"replies":[{"embeddable":true,"href":"https:\/\/asbhp.pl\/index.php?rest_route=%2Fwp%2Fv2%2Fcomments&post=14560"}],"wp:featuredmedia":[{"embeddable":true,"href":"https:\/\/asbhp.pl\/index.php?rest_route=\/wp\/v2\/media\/20600"}],"wp:attachment":[{"href":"https:\/\/asbhp.pl\/index.php?rest_route=%2Fwp%2Fv2%2Fmedia&parent=14560"}],"wp:term":[{"taxonomy":"product_brand","embeddable":true,"href":"https:\/\/asbhp.pl\/index.php?rest_route=%2Fwp%2Fv2%2Fproduct_brand&post=14560"},{"taxonomy":"product_cat","embeddable":true,"href":"https:\/\/asbhp.pl\/index.php?rest_route=%2Fwp%2Fv2%2Fproduct_cat&post=14560"},{"taxonomy":"product_tag","embeddable":true,"href":"https:\/\/asbhp.pl\/index.php?rest_route=%2Fwp%2Fv2%2Fproduct_tag&post=14560"}],"curies":[{"name":"wp","href":"https:\/\/api.w.org\/{rel}","templated":true}]}}