{"id":14589,"date":"2025-10-10T09:05:09","date_gmt":"2025-10-10T07:05:09","guid":{"rendered":"https:\/\/asbhp.pl\/produkt\/spodnie-ogrodniczki-flex-line\/"},"modified":"2025-10-10T09:05:26","modified_gmt":"2025-10-10T07:05:26","slug":"s-szary-13","status":"publish","type":"product","link":"https:\/\/asbhp.pl\/?product=s-szary-13","title":{"rendered":"S Szary"},"content":{"rendered":"<ul>\n<li>wytrzyma\u0142y materia\u0142 RIP-STOP<\/li>\n<li>elastyczny materia\u0142 z bawe\u0142n\u0105<\/li>\n<li>wzmocnienie podw\u00f3jn\u0105 \u0142at\u0105 w kroku<\/li>\n<li>d\u00f3\u0142 nogawek z CORDURA do wyd\u0142u\u017cenia o 4cm<\/li>\n<li>elementy odblaskowe 3M Scotchlite<\/li>\n<li>TEFLON &#8211; apretura tkaniny<\/li>\n<li>liczne, funkcjonalne kieszenie z CORDURA<\/li>\n<li>4 kieszenie na wodoodporny zamek odblaskowy<\/li>\n<li>kiesze\u0144 na narz\u0119dzia z CORDURA<\/li>\n<li>1 szeroka szlufka na rzep<\/li>\n<li>STRETCH BELT &#8211; elastyczny pas<\/li>\n<li>elastyczne szelki i panel<\/li>\n<li>2 kieszenie na poziomie klatki na rzep i zamek<\/li>\n<\/ul>\n","protected":false},"excerpt":{"rendered":"<p>wytrzyma\u0142y materia\u0142 RIP-STOP elastyczny materia\u0142 z bawe\u0142n\u0105 wzmocnienie podw\u00f3jn\u0105 \u0142at\u0105 w kroku d\u00f3\u0142 nogawek z CORDURA do wyd\u0142u\u017cenia o 4cm elementy odblaskowe 3M Scotchlite TEFLON &#8211; apretura tkaniny liczne, funkcjonalne kieszenie z CORDURA 4 kieszenie na wodoodporny zamek odblaskowy kiesze\u0144 na narz\u0119dzia z CORDURA 1 szeroka szlufka na rzep STRETCH BELT &#8211; elastyczny pas elastyczne [&hellip;]<\/p>\n","protected":false},"featured_media":20631,"comment_status":"closed","ping_status":"open","template":"","meta":[],"product_brand":[483],"product_cat":[440,543],"product_tag":[],"class_list":{"0":"post-14589","1":"product","2":"type-product","3":"status-publish","4":"has-post-thumbnail","6":"product_brand-stalco-perfect","7":"product_cat-odziez-robocza","8":"product_cat-ogrodniczki-robocze","9":"pa_kolor-szary","10":"pa_producent-stalco-perfect","11":"pa_rozmiar-2xl","12":"pa_rozmiar-3xl","13":"pa_rozmiar-l","14":"pa_rozmiar-ls","15":"pa_rozmiar-m","16":"pa_rozmiar-s","17":"pa_rozmiar-xl","18":"pa_waga-1-293","19":"pa_waga-1-314","20":"pa_waga-1-33","21":"pa_waga-1-36","22":"pa_waga-1-37","23":"pa_waga-1-38","24":"pa_waga-1-4","26":"first","27":"instock","28":"shipping-taxable","29":"purchasable","30":"product-type-variable","31":"has-default-attributes"},"_links":{"self":[{"href":"https:\/\/asbhp.pl\/index.php?rest_route=\/wp\/v2\/product\/14589","targetHints":{"allow":["GET"]}}],"collection":[{"href":"https:\/\/asbhp.pl\/index.php?rest_route=\/wp\/v2\/product"}],"about":[{"href":"https:\/\/asbhp.pl\/index.php?rest_route=\/wp\/v2\/types\/product"}],"replies":[{"embeddable":true,"href":"https:\/\/asbhp.pl\/index.php?rest_route=%2Fwp%2Fv2%2Fcomments&post=14589"}],"wp:featuredmedia":[{"embeddable":true,"href":"https:\/\/asbhp.pl\/index.php?rest_route=\/wp\/v2\/media\/20631"}],"wp:attachment":[{"href":"https:\/\/asbhp.pl\/index.php?rest_route=%2Fwp%2Fv2%2Fmedia&parent=14589"}],"wp:term":[{"taxonomy":"product_brand","embeddable":true,"href":"https:\/\/asbhp.pl\/index.php?rest_route=%2Fwp%2Fv2%2Fproduct_brand&post=14589"},{"taxonomy":"product_cat","embeddable":true,"href":"https:\/\/asbhp.pl\/index.php?rest_route=%2Fwp%2Fv2%2Fproduct_cat&post=14589"},{"taxonomy":"product_tag","embeddable":true,"href":"https:\/\/asbhp.pl\/index.php?rest_route=%2Fwp%2Fv2%2Fproduct_tag&post=14589"}],"curies":[{"name":"wp","href":"https:\/\/api.w.org\/{rel}","templated":true}]}}