{"id":14601,"date":"2025-10-10T09:04:56","date_gmt":"2025-10-10T07:04:56","guid":{"rendered":"https:\/\/asbhp.pl\/produkt\/bluza-robocza-basic-line\/"},"modified":"2025-10-10T09:05:26","modified_gmt":"2025-10-10T07:05:26","slug":"s-szary-12","status":"publish","type":"product","link":"https:\/\/asbhp.pl\/?product=s-szary-12","title":{"rendered":"S Szary"},"content":{"rendered":"<ul>\n<li>uniwersalny kr\u00f3j<\/li>\n<li>liczne wzmocnienia z OXFORD<\/li>\n<li>rygle wzmacniaj\u0105ce szwy<\/li>\n<li>r\u0119kawy zako\u0144czone \u015bciagaczem<\/li>\n<li>elementy odblaskowe<\/li>\n<li>certyfikat Oeko-Tex<\/li>\n<li>masywny, kostkowy zamek<\/li>\n<li>system wentylacji<\/li>\n<li>wielofunkcyjne kieszenie<\/li>\n<li>kieszenie na rzepy<\/li>\n<li>regulacja w pasie<\/li>\n<\/ul>\n","protected":false},"excerpt":{"rendered":"<p>uniwersalny kr\u00f3j liczne wzmocnienia z OXFORD rygle wzmacniaj\u0105ce szwy r\u0119kawy zako\u0144czone \u015bciagaczem elementy odblaskowe certyfikat Oeko-Tex masywny, kostkowy zamek system wentylacji wielofunkcyjne kieszenie kieszenie na rzepy regulacja w pasie<\/p>\n","protected":false},"featured_media":20607,"comment_status":"closed","ping_status":"open","template":"","meta":[],"product_brand":[416],"product_cat":[571,440],"product_tag":[],"class_list":{"0":"post-14601","1":"product","2":"type-product","3":"status-publish","4":"has-post-thumbnail","6":"product_brand-stalco","7":"product_cat-bluzy-robocze","8":"product_cat-odziez-robocza","9":"pa_kolor-czarny","10":"pa_kolor-granatowy","11":"pa_kolor-szary","12":"pa_producent-stalco","13":"pa_rozmiar-2xl","14":"pa_rozmiar-3xl","15":"pa_rozmiar-4xl","16":"pa_rozmiar-l","17":"pa_rozmiar-m","18":"pa_rozmiar-s","19":"pa_rozmiar-xl","20":"pa_waga-0-05","21":"pa_waga-0-75","22":"pa_waga-0-8","23":"pa_waga-0-846","24":"pa_waga-0-85","25":"pa_waga-0-9","26":"pa_waga-0-98","27":"pa_waga-467","28":"pa_waga-1-07","30":"first","31":"instock","32":"shipping-taxable","33":"purchasable","34":"product-type-variable","35":"has-default-attributes"},"_links":{"self":[{"href":"https:\/\/asbhp.pl\/index.php?rest_route=\/wp\/v2\/product\/14601","targetHints":{"allow":["GET"]}}],"collection":[{"href":"https:\/\/asbhp.pl\/index.php?rest_route=\/wp\/v2\/product"}],"about":[{"href":"https:\/\/asbhp.pl\/index.php?rest_route=\/wp\/v2\/types\/product"}],"replies":[{"embeddable":true,"href":"https:\/\/asbhp.pl\/index.php?rest_route=%2Fwp%2Fv2%2Fcomments&post=14601"}],"wp:featuredmedia":[{"embeddable":true,"href":"https:\/\/asbhp.pl\/index.php?rest_route=\/wp\/v2\/media\/20607"}],"wp:attachment":[{"href":"https:\/\/asbhp.pl\/index.php?rest_route=%2Fwp%2Fv2%2Fmedia&parent=14601"}],"wp:term":[{"taxonomy":"product_brand","embeddable":true,"href":"https:\/\/asbhp.pl\/index.php?rest_route=%2Fwp%2Fv2%2Fproduct_brand&post=14601"},{"taxonomy":"product_cat","embeddable":true,"href":"https:\/\/asbhp.pl\/index.php?rest_route=%2Fwp%2Fv2%2Fproduct_cat&post=14601"},{"taxonomy":"product_tag","embeddable":true,"href":"https:\/\/asbhp.pl\/index.php?rest_route=%2Fwp%2Fv2%2Fproduct_tag&post=14601"}],"curies":[{"name":"wp","href":"https:\/\/api.w.org\/{rel}","templated":true}]}}