{"id":14650,"date":"2025-10-10T09:05:09","date_gmt":"2025-10-10T07:05:09","guid":{"rendered":"https:\/\/asbhp.pl\/produkt\/bluza-robocza-industry-line\/"},"modified":"2025-10-10T09:05:26","modified_gmt":"2025-10-10T07:05:26","slug":"s-granatowy-5","status":"publish","type":"product","link":"https:\/\/asbhp.pl\/?product=s-granatowy-5","title":{"rendered":"S Granatowy"},"content":{"rendered":"<ul>\n<li>elastyczny materia\u0142 bawe\u0142niany<\/li>\n<li>wzmocnienia z OXFORD 300D<\/li>\n<li>rygle wzmacniaj\u0105ce szwy<\/li>\n<li>st\u00f3jka<\/li>\n<li>mankiety regulowane napami<\/li>\n<li>elementy odblaskowe<\/li>\n<li>kostkowe zamki<\/li>\n<li>listwa zabezpieczaj\u0105ca zamek<\/li>\n<li>wielofunkcyjne kieszenie<\/li>\n<li>pas \u015bci\u0105gany gum\u0105<\/li>\n<\/ul>\n","protected":false},"excerpt":{"rendered":"<p>elastyczny materia\u0142 bawe\u0142niany wzmocnienia z OXFORD 300D rygle wzmacniaj\u0105ce szwy st\u00f3jka mankiety regulowane napami elementy odblaskowe kostkowe zamki listwa zabezpieczaj\u0105ca zamek wielofunkcyjne kieszenie pas \u015bci\u0105gany gum\u0105<\/p>\n","protected":false},"featured_media":20635,"comment_status":"closed","ping_status":"open","template":"","meta":[],"product_brand":[416],"product_cat":[571,440],"product_tag":[],"class_list":{"0":"post-14650","1":"product","2":"type-product","3":"status-publish","4":"has-post-thumbnail","6":"product_brand-stalco","7":"product_cat-bluzy-robocze","8":"product_cat-odziez-robocza","9":"pa_kolor-granatowy","10":"pa_producent-stalco","11":"pa_rozmiar-2xl","12":"pa_rozmiar-l","13":"pa_rozmiar-ls","14":"pa_rozmiar-m","15":"pa_rozmiar-s","16":"pa_rozmiar-xl","17":"pa_waga-0-77","18":"pa_waga-0-79","19":"pa_waga-0-83","20":"pa_waga-0-85","21":"pa_waga-0-88","22":"pa_waga-0-9","24":"first","25":"instock","26":"shipping-taxable","27":"purchasable","28":"product-type-variable","29":"has-default-attributes"},"_links":{"self":[{"href":"https:\/\/asbhp.pl\/index.php?rest_route=\/wp\/v2\/product\/14650","targetHints":{"allow":["GET"]}}],"collection":[{"href":"https:\/\/asbhp.pl\/index.php?rest_route=\/wp\/v2\/product"}],"about":[{"href":"https:\/\/asbhp.pl\/index.php?rest_route=\/wp\/v2\/types\/product"}],"replies":[{"embeddable":true,"href":"https:\/\/asbhp.pl\/index.php?rest_route=%2Fwp%2Fv2%2Fcomments&post=14650"}],"wp:featuredmedia":[{"embeddable":true,"href":"https:\/\/asbhp.pl\/index.php?rest_route=\/wp\/v2\/media\/20635"}],"wp:attachment":[{"href":"https:\/\/asbhp.pl\/index.php?rest_route=%2Fwp%2Fv2%2Fmedia&parent=14650"}],"wp:term":[{"taxonomy":"product_brand","embeddable":true,"href":"https:\/\/asbhp.pl\/index.php?rest_route=%2Fwp%2Fv2%2Fproduct_brand&post=14650"},{"taxonomy":"product_cat","embeddable":true,"href":"https:\/\/asbhp.pl\/index.php?rest_route=%2Fwp%2Fv2%2Fproduct_cat&post=14650"},{"taxonomy":"product_tag","embeddable":true,"href":"https:\/\/asbhp.pl\/index.php?rest_route=%2Fwp%2Fv2%2Fproduct_tag&post=14650"}],"curies":[{"name":"wp","href":"https:\/\/api.w.org\/{rel}","templated":true}]}}