{"id":14700,"date":"2025-10-10T09:05:09","date_gmt":"2025-10-10T07:05:09","guid":{"rendered":"https:\/\/asbhp.pl\/produkt\/bluza-robocza-allround-line\/"},"modified":"2025-10-10T09:05:26","modified_gmt":"2025-10-10T07:05:26","slug":"s-bialy-6","status":"publish","type":"product","link":"https:\/\/asbhp.pl\/?product=s-bialy-6","title":{"rendered":"S Bia\u0142y"},"content":{"rendered":"<ul>\n<li>materia\u0142 z bawe\u0142n\u0105<\/li>\n<li>rygle wzmacniaj\u0105ce szwy<\/li>\n<li>st\u00f3jka<\/li>\n<li>mankiety na zatrzaski &#8211; regulacja<\/li>\n<li>elementy kontrastowe<\/li>\n<li>elementy odblaskowe<\/li>\n<li>masywny, metalowy zamek<\/li>\n<li>listwa zabezpieczaj\u0105ca zamek<\/li>\n<li>kieszenie funkcyjne<\/li>\n<li>pas \u015bci\u0105gany gum\u0105<\/li>\n<\/ul>\n","protected":false},"excerpt":{"rendered":"<p>materia\u0142 z bawe\u0142n\u0105 rygle wzmacniaj\u0105ce szwy st\u00f3jka mankiety na zatrzaski &#8211; regulacja elementy kontrastowe elementy odblaskowe masywny, metalowy zamek listwa zabezpieczaj\u0105ca zamek kieszenie funkcyjne pas \u015bci\u0105gany gum\u0105<\/p>\n","protected":false},"featured_media":20649,"comment_status":"closed","ping_status":"open","template":"","meta":[],"product_brand":[416],"product_cat":[571,440],"product_tag":[],"class_list":{"0":"post-14700","1":"product","2":"type-product","3":"status-publish","4":"has-post-thumbnail","6":"product_brand-stalco","7":"product_cat-bluzy-robocze","8":"product_cat-odziez-robocza","9":"pa_kolor-bialy","10":"pa_kolor-szary","11":"pa_producent-stalco","12":"pa_rozmiar-2xl","13":"pa_rozmiar-3xl","14":"pa_rozmiar-l","15":"pa_rozmiar-ls","16":"pa_rozmiar-m","17":"pa_rozmiar-s","18":"pa_rozmiar-xl","19":"pa_waga-0-78","20":"pa_waga-0-81","21":"pa_waga-0-84","22":"pa_waga-0-88","23":"pa_waga-0-89","24":"pa_waga-0-895","25":"pa_waga-0-9","26":"pa_waga-0-905","27":"pa_waga-0-91","28":"pa_waga-0-93","29":"pa_waga-0-94","30":"pa_waga-0-945","31":"pa_waga-467","33":"first","34":"instock","35":"shipping-taxable","36":"purchasable","37":"product-type-variable","38":"has-default-attributes"},"_links":{"self":[{"href":"https:\/\/asbhp.pl\/index.php?rest_route=\/wp\/v2\/product\/14700","targetHints":{"allow":["GET"]}}],"collection":[{"href":"https:\/\/asbhp.pl\/index.php?rest_route=\/wp\/v2\/product"}],"about":[{"href":"https:\/\/asbhp.pl\/index.php?rest_route=\/wp\/v2\/types\/product"}],"replies":[{"embeddable":true,"href":"https:\/\/asbhp.pl\/index.php?rest_route=%2Fwp%2Fv2%2Fcomments&post=14700"}],"wp:featuredmedia":[{"embeddable":true,"href":"https:\/\/asbhp.pl\/index.php?rest_route=\/wp\/v2\/media\/20649"}],"wp:attachment":[{"href":"https:\/\/asbhp.pl\/index.php?rest_route=%2Fwp%2Fv2%2Fmedia&parent=14700"}],"wp:term":[{"taxonomy":"product_brand","embeddable":true,"href":"https:\/\/asbhp.pl\/index.php?rest_route=%2Fwp%2Fv2%2Fproduct_brand&post=14700"},{"taxonomy":"product_cat","embeddable":true,"href":"https:\/\/asbhp.pl\/index.php?rest_route=%2Fwp%2Fv2%2Fproduct_cat&post=14700"},{"taxonomy":"product_tag","embeddable":true,"href":"https:\/\/asbhp.pl\/index.php?rest_route=%2Fwp%2Fv2%2Fproduct_tag&post=14700"}],"curies":[{"name":"wp","href":"https:\/\/api.w.org\/{rel}","templated":true}]}}