{"id":14752,"date":"2025-10-10T09:05:09","date_gmt":"2025-10-10T07:05:09","guid":{"rendered":"https:\/\/asbhp.pl\/produkt\/bluza-robocza-summer-line\/"},"modified":"2025-10-10T09:05:26","modified_gmt":"2025-10-10T07:05:26","slug":"s-bezowy-4","status":"publish","type":"product","link":"https:\/\/asbhp.pl\/?product=s-bezowy-4","title":{"rendered":"S Be\u017cowy"},"content":{"rendered":"<ul>\n<li>materia\u0142 z bawe\u0142n\u0105<\/li>\n<li>rygle wzmacniaj\u0105ce szwy<\/li>\n<li>wzmocnienie z OXFORD 600D na ramionach<\/li>\n<li>mankiety z gumk\u0105 i na zatrzaski &#8211; regulacja<\/li>\n<li>elementy odblaskowe<\/li>\n<li>masywne, kostkowe zamki<\/li>\n<li>listwa zabezpieczaj\u0105ca zamek<\/li>\n<li>2 kieszenie na rzepy<\/li>\n<li>2 funkcjonalne kieszenie zapinane na zamek<\/li>\n<li>regulacja w pasie na metalowe napy<\/li>\n<\/ul>\n","protected":false},"excerpt":{"rendered":"<p>materia\u0142 z bawe\u0142n\u0105 rygle wzmacniaj\u0105ce szwy wzmocnienie z OXFORD 600D na ramionach mankiety z gumk\u0105 i na zatrzaski &#8211; regulacja elementy odblaskowe masywne, kostkowe zamki listwa zabezpieczaj\u0105ca zamek 2 kieszenie na rzepy 2 funkcjonalne kieszenie zapinane na zamek regulacja w pasie na metalowe napy<\/p>\n","protected":false},"featured_media":20676,"comment_status":"closed","ping_status":"open","template":"","meta":[],"product_brand":[416],"product_cat":[571,440],"product_tag":[],"class_list":{"0":"post-14752","1":"product","2":"type-product","3":"status-publish","4":"has-post-thumbnail","6":"product_brand-stalco","7":"product_cat-bluzy-robocze","8":"product_cat-odziez-robocza","9":"pa_kolor-bezowy","10":"pa_producent-stalco","11":"pa_rozmiar-2xl","12":"pa_rozmiar-3xl","13":"pa_rozmiar-l","14":"pa_rozmiar-ls","15":"pa_rozmiar-m","16":"pa_rozmiar-s","17":"pa_rozmiar-xl","18":"pa_waga-0-84","19":"pa_waga-0-85","20":"pa_waga-0-878","21":"pa_waga-0-89","22":"pa_waga-0-9","23":"pa_waga-0-93","25":"first","26":"instock","27":"shipping-taxable","28":"purchasable","29":"product-type-variable","30":"has-default-attributes"},"_links":{"self":[{"href":"https:\/\/asbhp.pl\/index.php?rest_route=\/wp\/v2\/product\/14752","targetHints":{"allow":["GET"]}}],"collection":[{"href":"https:\/\/asbhp.pl\/index.php?rest_route=\/wp\/v2\/product"}],"about":[{"href":"https:\/\/asbhp.pl\/index.php?rest_route=\/wp\/v2\/types\/product"}],"replies":[{"embeddable":true,"href":"https:\/\/asbhp.pl\/index.php?rest_route=%2Fwp%2Fv2%2Fcomments&post=14752"}],"wp:featuredmedia":[{"embeddable":true,"href":"https:\/\/asbhp.pl\/index.php?rest_route=\/wp\/v2\/media\/20676"}],"wp:attachment":[{"href":"https:\/\/asbhp.pl\/index.php?rest_route=%2Fwp%2Fv2%2Fmedia&parent=14752"}],"wp:term":[{"taxonomy":"product_brand","embeddable":true,"href":"https:\/\/asbhp.pl\/index.php?rest_route=%2Fwp%2Fv2%2Fproduct_brand&post=14752"},{"taxonomy":"product_cat","embeddable":true,"href":"https:\/\/asbhp.pl\/index.php?rest_route=%2Fwp%2Fv2%2Fproduct_cat&post=14752"},{"taxonomy":"product_tag","embeddable":true,"href":"https:\/\/asbhp.pl\/index.php?rest_route=%2Fwp%2Fv2%2Fproduct_tag&post=14752"}],"curies":[{"name":"wp","href":"https:\/\/api.w.org\/{rel}","templated":true}]}}