{"id":14788,"date":"2025-10-10T09:05:09","date_gmt":"2025-10-10T07:05:09","guid":{"rendered":"https:\/\/asbhp.pl\/produkt\/bluza-robocza-heavyline\/"},"modified":"2025-10-10T09:05:26","modified_gmt":"2025-10-10T07:05:26","slug":"s-szary-14","status":"publish","type":"product","link":"https:\/\/asbhp.pl\/?product=s-szary-14","title":{"rendered":"S Szary"},"content":{"rendered":"<ul>\n<li>materia\u0142 z bawe\u0142n\u0105<\/li>\n<li>wyd\u0142u\u017cany ty\u0142<\/li>\n<li>wzmocnienia z CORDURA<\/li>\n<li>st\u00f3jka<\/li>\n<li>r\u0119kawy zako\u0144czone mankietem ze \u015bciagaczem<\/li>\n<li>elementy kontrastowe<\/li>\n<li>elementy odblaskowe<\/li>\n<li>metalowy zamek YKK na przodzie<\/li>\n<li>mocne zamki YKK<\/li>\n<li>listwa zabezpieczaj\u0105ca zamek<\/li>\n<li>8 wielofunkcyjnych kieszeni<\/li>\n<li>regulacja w pasie na metalowe napy<\/li>\n<\/ul>\n","protected":false},"excerpt":{"rendered":"<p>materia\u0142 z bawe\u0142n\u0105 wyd\u0142u\u017cany ty\u0142 wzmocnienia z CORDURA st\u00f3jka r\u0119kawy zako\u0144czone mankietem ze \u015bciagaczem elementy kontrastowe elementy odblaskowe metalowy zamek YKK na przodzie mocne zamki YKK listwa zabezpieczaj\u0105ca zamek 8 wielofunkcyjnych kieszeni regulacja w pasie na metalowe napy<\/p>\n","protected":false},"featured_media":20688,"comment_status":"closed","ping_status":"open","template":"","meta":[],"product_brand":[483],"product_cat":[571,440],"product_tag":[],"class_list":{"0":"post-14788","1":"product","2":"type-product","3":"status-publish","4":"has-post-thumbnail","6":"product_brand-stalco-perfect","7":"product_cat-bluzy-robocze","8":"product_cat-odziez-robocza","9":"pa_kolor-szary","10":"pa_producent-stalco-perfect","11":"pa_rozmiar-2xl","12":"pa_rozmiar-3xl","13":"pa_rozmiar-l","14":"pa_rozmiar-ls","15":"pa_rozmiar-m","16":"pa_rozmiar-s","17":"pa_rozmiar-xl","18":"pa_waga-1-025","19":"pa_waga-1-075","20":"pa_waga-1-205","21":"pa_waga-1-213","22":"pa_waga-1-225","23":"pa_waga-1-25","24":"pa_waga-1-27","26":"first","27":"instock","28":"shipping-taxable","29":"purchasable","30":"product-type-variable","31":"has-default-attributes"},"_links":{"self":[{"href":"https:\/\/asbhp.pl\/index.php?rest_route=\/wp\/v2\/product\/14788","targetHints":{"allow":["GET"]}}],"collection":[{"href":"https:\/\/asbhp.pl\/index.php?rest_route=\/wp\/v2\/product"}],"about":[{"href":"https:\/\/asbhp.pl\/index.php?rest_route=\/wp\/v2\/types\/product"}],"replies":[{"embeddable":true,"href":"https:\/\/asbhp.pl\/index.php?rest_route=%2Fwp%2Fv2%2Fcomments&post=14788"}],"wp:featuredmedia":[{"embeddable":true,"href":"https:\/\/asbhp.pl\/index.php?rest_route=\/wp\/v2\/media\/20688"}],"wp:attachment":[{"href":"https:\/\/asbhp.pl\/index.php?rest_route=%2Fwp%2Fv2%2Fmedia&parent=14788"}],"wp:term":[{"taxonomy":"product_brand","embeddable":true,"href":"https:\/\/asbhp.pl\/index.php?rest_route=%2Fwp%2Fv2%2Fproduct_brand&post=14788"},{"taxonomy":"product_cat","embeddable":true,"href":"https:\/\/asbhp.pl\/index.php?rest_route=%2Fwp%2Fv2%2Fproduct_cat&post=14788"},{"taxonomy":"product_tag","embeddable":true,"href":"https:\/\/asbhp.pl\/index.php?rest_route=%2Fwp%2Fv2%2Fproduct_tag&post=14788"}],"curies":[{"name":"wp","href":"https:\/\/api.w.org\/{rel}","templated":true}]}}