{"id":14844,"date":"2025-10-10T09:05:09","date_gmt":"2025-10-10T07:05:09","guid":{"rendered":"https:\/\/asbhp.pl\/produkt\/bluza-robocza-stretch-line\/"},"modified":"2025-10-10T09:05:36","modified_gmt":"2025-10-10T07:05:36","slug":"s-czarny-5","status":"publish","type":"product","link":"https:\/\/asbhp.pl\/?product=s-czarny-5","title":{"rendered":"S Czarny"},"content":{"rendered":"<ul>\n<li>elastyczny materia\u0142 o w\u0142a\u015bciwo\u015bciach softshellu<\/li>\n<li>nowoczesny, profesjonalny kr\u00f3j<\/li>\n<li>rygle wzmacniaj\u0105ce szwy<\/li>\n<li>r\u0119kawy regulowane z otworem na kciuk<\/li>\n<li>elementy odblaskowe 3M Scotchlite<\/li>\n<li>mocne zamki YKK<\/li>\n<li>listwa zabezpieczaj\u0105ca zamek<\/li>\n<li>system wentylacji<\/li>\n<li>4 funkcjonalne kieszenie zapinane na zamek<\/li>\n<li>regulacja w pasie<\/li>\n<\/ul>\n","protected":false},"excerpt":{"rendered":"<p>elastyczny materia\u0142 o w\u0142a\u015bciwo\u015bciach softshellu nowoczesny, profesjonalny kr\u00f3j rygle wzmacniaj\u0105ce szwy r\u0119kawy regulowane z otworem na kciuk elementy odblaskowe 3M Scotchlite mocne zamki YKK listwa zabezpieczaj\u0105ca zamek system wentylacji 4 funkcjonalne kieszenie zapinane na zamek regulacja w pasie<\/p>\n","protected":false},"featured_media":20710,"comment_status":"closed","ping_status":"open","template":"","meta":[],"product_brand":[483],"product_cat":[571,440],"product_tag":[],"class_list":{"0":"post-14844","1":"product","2":"type-product","3":"status-publish","4":"has-post-thumbnail","6":"product_brand-stalco-perfect","7":"product_cat-bluzy-robocze","8":"product_cat-odziez-robocza","9":"pa_kolor-czarny","10":"pa_kolor-oliwkowy","11":"pa_producent-stalco-perfect","12":"pa_rozmiar-2xl","13":"pa_rozmiar-3xl","14":"pa_rozmiar-l","15":"pa_rozmiar-m","16":"pa_rozmiar-s","17":"pa_rozmiar-xl","18":"pa_waga-1-23","20":"first","21":"instock","22":"shipping-taxable","23":"purchasable","24":"product-type-variable","25":"has-default-attributes"},"_links":{"self":[{"href":"https:\/\/asbhp.pl\/index.php?rest_route=\/wp\/v2\/product\/14844","targetHints":{"allow":["GET"]}}],"collection":[{"href":"https:\/\/asbhp.pl\/index.php?rest_route=\/wp\/v2\/product"}],"about":[{"href":"https:\/\/asbhp.pl\/index.php?rest_route=\/wp\/v2\/types\/product"}],"replies":[{"embeddable":true,"href":"https:\/\/asbhp.pl\/index.php?rest_route=%2Fwp%2Fv2%2Fcomments&post=14844"}],"wp:featuredmedia":[{"embeddable":true,"href":"https:\/\/asbhp.pl\/index.php?rest_route=\/wp\/v2\/media\/20710"}],"wp:attachment":[{"href":"https:\/\/asbhp.pl\/index.php?rest_route=%2Fwp%2Fv2%2Fmedia&parent=14844"}],"wp:term":[{"taxonomy":"product_brand","embeddable":true,"href":"https:\/\/asbhp.pl\/index.php?rest_route=%2Fwp%2Fv2%2Fproduct_brand&post=14844"},{"taxonomy":"product_cat","embeddable":true,"href":"https:\/\/asbhp.pl\/index.php?rest_route=%2Fwp%2Fv2%2Fproduct_cat&post=14844"},{"taxonomy":"product_tag","embeddable":true,"href":"https:\/\/asbhp.pl\/index.php?rest_route=%2Fwp%2Fv2%2Fproduct_tag&post=14844"}],"curies":[{"name":"wp","href":"https:\/\/api.w.org\/{rel}","templated":true}]}}