{"id":14898,"date":"2025-10-10T09:05:26","date_gmt":"2025-10-10T07:05:26","guid":{"rendered":"https:\/\/asbhp.pl\/produkt\/bluza-softshell-damska-august-w\/"},"modified":"2025-10-10T09:05:36","modified_gmt":"2025-10-10T07:05:36","slug":"xs-czarny","status":"publish","type":"product","link":"https:\/\/asbhp.pl\/?product=xs-czarny","title":{"rendered":"XS Czarny"},"content":{"rendered":"<ul>\n<li>damska odzie\u017c hybrydowa<\/li>\n<li>wysokiej jako\u015bci softshell<\/li>\n<li>wstawki syntetycznego puchu<\/li>\n<li>termoizolacja<\/li>\n<li>wysoka st\u00f3jka<\/li>\n<li>wyko\u0144czenie elastyczn\u0105 tasiemk\u0105<\/li>\n<li>r\u0119kawy z otworami na kciuki<\/li>\n<li>zamek strunowy kryty<\/li>\n<li>2 kieszenie na zamek w pasie<\/li>\n<li>wyd\u0142u\u017cany delikatnie ty\u0142<\/li>\n<\/ul>\n","protected":false},"excerpt":{"rendered":"<p>damska odzie\u017c hybrydowa wysokiej jako\u015bci softshell wstawki syntetycznego puchu termoizolacja wysoka st\u00f3jka wyko\u0144czenie elastyczn\u0105 tasiemk\u0105 r\u0119kawy z otworami na kciuki zamek strunowy kryty 2 kieszenie na zamek w pasie wyd\u0142u\u017cany delikatnie ty\u0142<\/p>\n","protected":false},"featured_media":20739,"comment_status":"closed","ping_status":"open","template":"","meta":[],"product_brand":[483],"product_cat":[571,1104,440],"product_tag":[],"class_list":{"0":"post-14898","1":"product","2":"type-product","3":"status-publish","4":"has-post-thumbnail","6":"product_brand-stalco-perfect","7":"product_cat-bluzy-robocze","8":"product_cat-bluzy-robocze-softshell","9":"product_cat-odziez-robocza","10":"pa_kolor-czarny","11":"pa_producent-stalco-perfect","12":"pa_rozmiar-2xl","13":"pa_rozmiar-l","14":"pa_rozmiar-m","15":"pa_rozmiar-s","16":"pa_rozmiar-xl","17":"pa_rozmiar-xs","18":"pa_waga-0-44","19":"pa_waga-0-46","20":"pa_waga-0-48","21":"pa_waga-0-5","22":"pa_waga-0-52","24":"first","25":"instock","26":"shipping-taxable","27":"purchasable","28":"product-type-variable","29":"has-default-attributes"},"_links":{"self":[{"href":"https:\/\/asbhp.pl\/index.php?rest_route=\/wp\/v2\/product\/14898","targetHints":{"allow":["GET"]}}],"collection":[{"href":"https:\/\/asbhp.pl\/index.php?rest_route=\/wp\/v2\/product"}],"about":[{"href":"https:\/\/asbhp.pl\/index.php?rest_route=\/wp\/v2\/types\/product"}],"replies":[{"embeddable":true,"href":"https:\/\/asbhp.pl\/index.php?rest_route=%2Fwp%2Fv2%2Fcomments&post=14898"}],"wp:featuredmedia":[{"embeddable":true,"href":"https:\/\/asbhp.pl\/index.php?rest_route=\/wp\/v2\/media\/20739"}],"wp:attachment":[{"href":"https:\/\/asbhp.pl\/index.php?rest_route=%2Fwp%2Fv2%2Fmedia&parent=14898"}],"wp:term":[{"taxonomy":"product_brand","embeddable":true,"href":"https:\/\/asbhp.pl\/index.php?rest_route=%2Fwp%2Fv2%2Fproduct_brand&post=14898"},{"taxonomy":"product_cat","embeddable":true,"href":"https:\/\/asbhp.pl\/index.php?rest_route=%2Fwp%2Fv2%2Fproduct_cat&post=14898"},{"taxonomy":"product_tag","embeddable":true,"href":"https:\/\/asbhp.pl\/index.php?rest_route=%2Fwp%2Fv2%2Fproduct_tag&post=14898"}],"curies":[{"name":"wp","href":"https:\/\/api.w.org\/{rel}","templated":true}]}}