{"id":14916,"date":"2025-10-10T09:05:26","date_gmt":"2025-10-10T07:05:26","guid":{"rendered":"https:\/\/asbhp.pl\/produkt\/bluza-softshell-meska-august-m\/"},"modified":"2025-10-10T09:05:36","modified_gmt":"2025-10-10T07:05:36","slug":"s-czarny-7","status":"publish","type":"product","link":"https:\/\/asbhp.pl\/?product=s-czarny-7","title":{"rendered":"S Czarny"},"content":{"rendered":"<ul>\n<li>odzie\u017c hybrydowa<\/li>\n<li>wysokiej jako\u015bci softshell<\/li>\n<li>wstawki puchowe<\/li>\n<li>termoizolacja<\/li>\n<li>st\u00f3jka<\/li>\n<li>wyko\u0144czenie elastyczn\u0105 tasiemk\u0105<\/li>\n<li>elementy kontrastowe<\/li>\n<li>zamek strunowy kryty<\/li>\n<li>2 kieszenie na zamek w pasie<\/li>\n<li>wyd\u0142u\u017cany ty\u0142<\/li>\n<\/ul>\n","protected":false},"excerpt":{"rendered":"<p>odzie\u017c hybrydowa wysokiej jako\u015bci softshell wstawki puchowe termoizolacja st\u00f3jka wyko\u0144czenie elastyczn\u0105 tasiemk\u0105 elementy kontrastowe zamek strunowy kryty 2 kieszenie na zamek w pasie wyd\u0142u\u017cany ty\u0142<\/p>\n","protected":false},"featured_media":20741,"comment_status":"closed","ping_status":"open","template":"","meta":[],"product_brand":[483],"product_cat":[571,1104,440],"product_tag":[],"class_list":{"0":"post-14916","1":"product","2":"type-product","3":"status-publish","4":"has-post-thumbnail","6":"product_brand-stalco-perfect","7":"product_cat-bluzy-robocze","8":"product_cat-bluzy-robocze-softshell","9":"product_cat-odziez-robocza","10":"pa_kolor-czarny","11":"pa_producent-stalco-perfect","12":"pa_rozmiar-2xl","13":"pa_rozmiar-3xl","14":"pa_rozmiar-l","15":"pa_rozmiar-m","16":"pa_rozmiar-s","17":"pa_rozmiar-xl","18":"pa_waga-0-54","19":"pa_waga-0-57","20":"pa_waga-0-59","21":"pa_waga-0-63","22":"pa_waga-0-67","23":"pa_waga-0-68","25":"first","26":"instock","27":"shipping-taxable","28":"purchasable","29":"product-type-variable","30":"has-default-attributes"},"_links":{"self":[{"href":"https:\/\/asbhp.pl\/index.php?rest_route=\/wp\/v2\/product\/14916","targetHints":{"allow":["GET"]}}],"collection":[{"href":"https:\/\/asbhp.pl\/index.php?rest_route=\/wp\/v2\/product"}],"about":[{"href":"https:\/\/asbhp.pl\/index.php?rest_route=\/wp\/v2\/types\/product"}],"replies":[{"embeddable":true,"href":"https:\/\/asbhp.pl\/index.php?rest_route=%2Fwp%2Fv2%2Fcomments&post=14916"}],"wp:featuredmedia":[{"embeddable":true,"href":"https:\/\/asbhp.pl\/index.php?rest_route=\/wp\/v2\/media\/20741"}],"wp:attachment":[{"href":"https:\/\/asbhp.pl\/index.php?rest_route=%2Fwp%2Fv2%2Fmedia&parent=14916"}],"wp:term":[{"taxonomy":"product_brand","embeddable":true,"href":"https:\/\/asbhp.pl\/index.php?rest_route=%2Fwp%2Fv2%2Fproduct_brand&post=14916"},{"taxonomy":"product_cat","embeddable":true,"href":"https:\/\/asbhp.pl\/index.php?rest_route=%2Fwp%2Fv2%2Fproduct_cat&post=14916"},{"taxonomy":"product_tag","embeddable":true,"href":"https:\/\/asbhp.pl\/index.php?rest_route=%2Fwp%2Fv2%2Fproduct_tag&post=14916"}],"curies":[{"name":"wp","href":"https:\/\/api.w.org\/{rel}","templated":true}]}}