{"id":14940,"date":"2025-10-10T09:05:26","date_gmt":"2025-10-10T07:05:26","guid":{"rendered":"https:\/\/asbhp.pl\/produkt\/bluza-meska-spartan-m\/"},"modified":"2025-10-10T09:05:36","modified_gmt":"2025-10-10T07:05:36","slug":"s-szary-16","status":"publish","type":"product","link":"https:\/\/asbhp.pl\/?product=s-szary-16","title":{"rendered":"S Szary"},"content":{"rendered":"<ul>\n<li>bawe\u0142niana dres\u00f3wka z wierzchu<\/li>\n<li>polar od spodu<\/li>\n<li>kaptur regulowany gumk\u0105<\/li>\n<li>elementy odblaskowe 3M Scotchlite<\/li>\n<li>zamek YKK<\/li>\n<li>listwa zabezpieczaj\u0105ca podbr\u00f3dek<\/li>\n<li>2 kieszenie<\/li>\n<\/ul>\n","protected":false},"excerpt":{"rendered":"<p>bawe\u0142niana dres\u00f3wka z wierzchu polar od spodu kaptur regulowany gumk\u0105 elementy odblaskowe 3M Scotchlite zamek YKK listwa zabezpieczaj\u0105ca podbr\u00f3dek 2 kieszenie<\/p>\n","protected":false},"featured_media":20744,"comment_status":"closed","ping_status":"open","template":"","meta":[],"product_brand":[483],"product_cat":[571,597,440],"product_tag":[],"class_list":{"0":"post-14940","1":"product","2":"type-product","3":"status-publish","4":"has-post-thumbnail","6":"product_brand-stalco-perfect","7":"product_cat-bluzy-robocze","8":"product_cat-bluzy-robocze-z-kapturem","9":"product_cat-odziez-robocza","10":"pa_kolor-szary","11":"pa_producent-stalco-perfect","12":"pa_rozmiar-2xl","13":"pa_rozmiar-3xl","14":"pa_rozmiar-l","15":"pa_rozmiar-m","16":"pa_rozmiar-s","17":"pa_rozmiar-xl","18":"pa_waga-0-83","19":"pa_waga-0-87","20":"pa_waga-0-93","21":"pa_waga-0-99","22":"pa_waga-467","23":"pa_waga-1-05","25":"first","26":"instock","27":"shipping-taxable","28":"purchasable","29":"product-type-variable","30":"has-default-attributes"},"_links":{"self":[{"href":"https:\/\/asbhp.pl\/index.php?rest_route=\/wp\/v2\/product\/14940","targetHints":{"allow":["GET"]}}],"collection":[{"href":"https:\/\/asbhp.pl\/index.php?rest_route=\/wp\/v2\/product"}],"about":[{"href":"https:\/\/asbhp.pl\/index.php?rest_route=\/wp\/v2\/types\/product"}],"replies":[{"embeddable":true,"href":"https:\/\/asbhp.pl\/index.php?rest_route=%2Fwp%2Fv2%2Fcomments&post=14940"}],"wp:featuredmedia":[{"embeddable":true,"href":"https:\/\/asbhp.pl\/index.php?rest_route=\/wp\/v2\/media\/20744"}],"wp:attachment":[{"href":"https:\/\/asbhp.pl\/index.php?rest_route=%2Fwp%2Fv2%2Fmedia&parent=14940"}],"wp:term":[{"taxonomy":"product_brand","embeddable":true,"href":"https:\/\/asbhp.pl\/index.php?rest_route=%2Fwp%2Fv2%2Fproduct_brand&post=14940"},{"taxonomy":"product_cat","embeddable":true,"href":"https:\/\/asbhp.pl\/index.php?rest_route=%2Fwp%2Fv2%2Fproduct_cat&post=14940"},{"taxonomy":"product_tag","embeddable":true,"href":"https:\/\/asbhp.pl\/index.php?rest_route=%2Fwp%2Fv2%2Fproduct_tag&post=14940"}],"curies":[{"name":"wp","href":"https:\/\/api.w.org\/{rel}","templated":true}]}}