{"id":14984,"date":"2025-10-10T09:05:26","date_gmt":"2025-10-10T07:05:26","guid":{"rendered":"https:\/\/asbhp.pl\/produkt\/bluza-meska-mechanick\/"},"modified":"2025-10-10T09:05:47","modified_gmt":"2025-10-10T07:05:47","slug":"s-szary-17","status":"publish","type":"product","link":"https:\/\/asbhp.pl\/?product=s-szary-17","title":{"rendered":"S Szary"},"content":{"rendered":"<ul>\n<li>miesista dres\u00f3wka z bawe\u0142n\u0105<\/li>\n<li>wzmocnienia z CORDURA<\/li>\n<li>kaptur regulowany gumk\u0105<\/li>\n<li>r\u0119kawy zako\u0144czone mankietem ze \u015bciagaczem<\/li>\n<li>elementy kontrastowe<\/li>\n<li>elementy odblaskowe 3M Scotchlite<\/li>\n<li>kostkowy zamek YKK na przodzie<\/li>\n<li>listwa zabezpieczaj\u0105ca podbr\u00f3dek<\/li>\n<li>7 funkcyjnych kieszeni<\/li>\n<li>w tym:<\/li>\n<li>1 kiesze\u0144 na zamek YKK<\/li>\n<li>2 kieszenie po bokach z CORDURA<\/li>\n<\/ul>\n","protected":false},"excerpt":{"rendered":"<p>miesista dres\u00f3wka z bawe\u0142n\u0105 wzmocnienia z CORDURA kaptur regulowany gumk\u0105 r\u0119kawy zako\u0144czone mankietem ze \u015bciagaczem elementy kontrastowe elementy odblaskowe 3M Scotchlite kostkowy zamek YKK na przodzie listwa zabezpieczaj\u0105ca podbr\u00f3dek 7 funkcyjnych kieszeni w tym: 1 kiesze\u0144 na zamek YKK 2 kieszenie po bokach z CORDURA<\/p>\n","protected":false},"featured_media":20758,"comment_status":"closed","ping_status":"open","template":"","meta":[],"product_brand":[483],"product_cat":[571,597,440],"product_tag":[],"class_list":{"0":"post-14984","1":"product","2":"type-product","3":"status-publish","4":"has-post-thumbnail","6":"product_brand-stalco-perfect","7":"product_cat-bluzy-robocze","8":"product_cat-bluzy-robocze-z-kapturem","9":"product_cat-odziez-robocza","10":"pa_kolor-czarny","11":"pa_kolor-szary","12":"pa_producent-stalco-perfect","13":"pa_rozmiar-2xl","14":"pa_rozmiar-3xl","15":"pa_rozmiar-l","16":"pa_rozmiar-m","17":"pa_rozmiar-s","18":"pa_rozmiar-xl","19":"pa_waga-0-88","20":"pa_waga-0-9","21":"pa_waga-0-94","22":"pa_waga-0-98","23":"pa_waga-1-03","24":"pa_waga-1-07","26":"first","27":"instock","28":"shipping-taxable","29":"purchasable","30":"product-type-variable","31":"has-default-attributes"},"_links":{"self":[{"href":"https:\/\/asbhp.pl\/index.php?rest_route=\/wp\/v2\/product\/14984","targetHints":{"allow":["GET"]}}],"collection":[{"href":"https:\/\/asbhp.pl\/index.php?rest_route=\/wp\/v2\/product"}],"about":[{"href":"https:\/\/asbhp.pl\/index.php?rest_route=\/wp\/v2\/types\/product"}],"replies":[{"embeddable":true,"href":"https:\/\/asbhp.pl\/index.php?rest_route=%2Fwp%2Fv2%2Fcomments&post=14984"}],"wp:featuredmedia":[{"embeddable":true,"href":"https:\/\/asbhp.pl\/index.php?rest_route=\/wp\/v2\/media\/20758"}],"wp:attachment":[{"href":"https:\/\/asbhp.pl\/index.php?rest_route=%2Fwp%2Fv2%2Fmedia&parent=14984"}],"wp:term":[{"taxonomy":"product_brand","embeddable":true,"href":"https:\/\/asbhp.pl\/index.php?rest_route=%2Fwp%2Fv2%2Fproduct_brand&post=14984"},{"taxonomy":"product_cat","embeddable":true,"href":"https:\/\/asbhp.pl\/index.php?rest_route=%2Fwp%2Fv2%2Fproduct_cat&post=14984"},{"taxonomy":"product_tag","embeddable":true,"href":"https:\/\/asbhp.pl\/index.php?rest_route=%2Fwp%2Fv2%2Fproduct_tag&post=14984"}],"curies":[{"name":"wp","href":"https:\/\/api.w.org\/{rel}","templated":true}]}}