{"id":15018,"date":"2025-10-10T09:05:36","date_gmt":"2025-10-10T07:05:36","guid":{"rendered":"https:\/\/asbhp.pl\/produkt\/bluza-polarowa-meska-barry\/"},"modified":"2025-10-10T09:05:52","modified_gmt":"2025-10-10T07:05:52","slug":"polar-s-granatowy","status":"publish","type":"product","link":"https:\/\/asbhp.pl\/?product=polar-s-granatowy","title":{"rendered":"Polar S Granatowy"},"content":{"rendered":"<ul>\n<li>m\u0119ska bluza<\/li>\n<li>dziania polarowa<\/li>\n<li>w\u0142a\u015bciwo\u015bci termoizolacyjne<\/li>\n<li>zapinana na zamek kostkowy<\/li>\n<li>2 kieszenie w pasie zasuwane na zamki<\/li>\n<li>r\u0119kawy zako\u0144czone gumk\u0105<\/li>\n<li>regulacja w pasie &#8211; gumka ze stoperami<\/li>\n<li>szybkoschn\u0105ca<\/li>\n<li>dost\u0119pna w 5 kolorach<\/li>\n<li>mo\u017cliwo\u015b\u0107 logowania<\/li>\n<\/ul>\n","protected":false},"excerpt":{"rendered":"<p>m\u0119ska bluza dziania polarowa w\u0142a\u015bciwo\u015bci termoizolacyjne zapinana na zamek kostkowy 2 kieszenie w pasie zasuwane na zamki r\u0119kawy zako\u0144czone gumk\u0105 regulacja w pasie &#8211; gumka ze stoperami szybkoschn\u0105ca dost\u0119pna w 5 kolorach mo\u017cliwo\u015b\u0107 logowania<\/p>\n","protected":false},"featured_media":20786,"comment_status":"closed","ping_status":"open","template":"","meta":[],"product_brand":[416],"product_cat":[571,440,600],"product_tag":[],"class_list":{"0":"post-15018","1":"product","2":"type-product","3":"status-publish","4":"has-post-thumbnail","6":"product_brand-stalco","7":"product_cat-bluzy-robocze","8":"product_cat-odziez-robocza","9":"product_cat-polary","10":"pa_kolor-czarny","11":"pa_kolor-czerwony","12":"pa_kolor-granatowy","13":"pa_kolor-khaki","14":"pa_kolor-niebieski","15":"pa_kolor-szary","16":"pa_producent-stalco","17":"pa_rozmiar-2xl","18":"pa_rozmiar-3xl","19":"pa_rozmiar-4xl","20":"pa_rozmiar-l","21":"pa_rozmiar-m","22":"pa_rozmiar-s","23":"pa_rozmiar-xl","24":"pa_waga-0-5","25":"pa_waga-0-515","26":"pa_waga-0-535","27":"pa_waga-0-55","28":"pa_waga-0-6","29":"pa_waga-0-635","30":"pa_waga-0-655","31":"pa_waga-0-665","32":"pa_waga-0-67","33":"pa_waga-0-68","34":"pa_waga-0-7","35":"pa_waga-0-72","36":"pa_waga-0-725","38":"first","39":"instock","40":"shipping-taxable","41":"purchasable","42":"product-type-variable","43":"has-default-attributes"},"_links":{"self":[{"href":"https:\/\/asbhp.pl\/index.php?rest_route=\/wp\/v2\/product\/15018","targetHints":{"allow":["GET"]}}],"collection":[{"href":"https:\/\/asbhp.pl\/index.php?rest_route=\/wp\/v2\/product"}],"about":[{"href":"https:\/\/asbhp.pl\/index.php?rest_route=\/wp\/v2\/types\/product"}],"replies":[{"embeddable":true,"href":"https:\/\/asbhp.pl\/index.php?rest_route=%2Fwp%2Fv2%2Fcomments&post=15018"}],"wp:featuredmedia":[{"embeddable":true,"href":"https:\/\/asbhp.pl\/index.php?rest_route=\/wp\/v2\/media\/20786"}],"wp:attachment":[{"href":"https:\/\/asbhp.pl\/index.php?rest_route=%2Fwp%2Fv2%2Fmedia&parent=15018"}],"wp:term":[{"taxonomy":"product_brand","embeddable":true,"href":"https:\/\/asbhp.pl\/index.php?rest_route=%2Fwp%2Fv2%2Fproduct_brand&post=15018"},{"taxonomy":"product_cat","embeddable":true,"href":"https:\/\/asbhp.pl\/index.php?rest_route=%2Fwp%2Fv2%2Fproduct_cat&post=15018"},{"taxonomy":"product_tag","embeddable":true,"href":"https:\/\/asbhp.pl\/index.php?rest_route=%2Fwp%2Fv2%2Fproduct_tag&post=15018"}],"curies":[{"name":"wp","href":"https:\/\/api.w.org\/{rel}","templated":true}]}}